{"id":1010299,"date":"2025-01-01T00:00:00","date_gmt":"2025-01-01T00:00:00","guid":{"rendered":"http:\/\/&#038;p=1010299"},"modified":"2026-03-20T01:05:55","modified_gmt":"2026-03-20T01:05:55","slug":"hx241-sv","status":"publish","type":"product","link":"https:\/\/scn.eu\/sv\/produkt\/hx241-sv\/","title":{"rendered":"HX24 Godk\u00e4nd Kontaktor enligt UL f\u00f6r 1500VDC."},"content":{"rendered":"<p>HX24 \u00e4r en av de minsta UL508-godk\u00e4nda kontaktorerna och tillverkas helt i enlighet med RoHS. <\/p>\n<p>Dessutom \u00e4r hermetisk och gasfylld, vilket inneb\u00e4r att det s\u00e4kert kan anv\u00e4ndas i n\u00e4stan alla tuffa milj\u00f6er, \u00e4ven under vatten och vid temperaturer fr\u00e5n -55\u00b0C till +85\u00b0C.<\/p>\n<p>Hermetiskt f\u00f6rseglade och uppfyller CE-standarder. <\/p>\n<p>H\u00f6geffektiv dubbla man\u00f6verspolar &#8211; Mycket l\u00e5g 12, 24 eller 48VDC kontinuerlig f\u00f6rbrukning utan EMI-st\u00f6rningar. Idealisk f\u00f6r batteridrivna system eller d\u00e4r l\u00e5g f\u00f6rbrukning kr\u00e4vs.<\/p>\n<p>PWM-styrning finns som alternativ och ger ytterligare flexibilitet f\u00f6r drivenhetskontroll. <\/p>\n<p>Ej positionsk\u00e4nslig och kan d\u00e4rf\u00f6r monteras i valfri position f\u00f6r enkel installation.<\/p>\n","protected":false},"excerpt":{"rendered":"<p>HX24 \u00e4r en av de minsta UL508-godk\u00e4nda kontaktorerna och tillverkas helt i enlighet med RoHS. Dessutom \u00e4r hermetisk och gasfylld, vilket inneb\u00e4r att det s\u00e4kert kan anv\u00e4ndas i n\u00e4stan alla tuffa milj\u00f6er, \u00e4ven under vatten och vid temperaturer fr\u00e5n -55\u00b0C till +85\u00b0C. Hermetiskt f\u00f6rseglade och uppfyller CE-standarder. H\u00f6geffektiv dubbla man\u00f6verspolar &#8211; Mycket l\u00e5g 12, 24&#8230;<\/p>\n","protected":false},"featured_media":8019996,"comment_status":"closed","ping_status":"closed","template":"","meta":{"_kad_post_transparent":"default","_kad_post_title":"","_kad_post_layout":"default","_kad_post_sidebar_id":"","_kad_post_content_style":"default","_kad_post_vertical_padding":"default","_kad_post_feature":"","_kad_post_feature_position":"","_kad_post_header":false,"_kad_post_footer":false,"_kad_post_classname":""},"product_brand":[920],"product_cat":[9040,10630,10656,10759],"product_tag":[],"product_facet":[10773],"class_list":{"0":"post-1010299","1":"product","2":"type-product","3":"status-publish","4":"has-post-thumbnail","6":"product_brand-gigavac","7":"product_cat-12-1500-vdc","8":"product_cat-components","9":"product_cat-power-contactors","10":"product_cat-products","11":"product_facet-facet-components","13":"first","14":"instock","15":"downloadable","16":"shipping-taxable","17":"product-type-simple","18":"entry","19":"content-bg","20":"loop-entry"},"_links":{"self":[{"href":"https:\/\/scn.eu\/sv\/wp-json\/wp\/v2\/product\/1010299","targetHints":{"allow":["GET"]}}],"collection":[{"href":"https:\/\/scn.eu\/sv\/wp-json\/wp\/v2\/product"}],"about":[{"href":"https:\/\/scn.eu\/sv\/wp-json\/wp\/v2\/types\/product"}],"replies":[{"embeddable":true,"href":"https:\/\/scn.eu\/sv\/wp-json\/wp\/v2\/comments?post=1010299"}],"version-history":[{"count":1,"href":"https:\/\/scn.eu\/sv\/wp-json\/wp\/v2\/product\/1010299\/revisions"}],"predecessor-version":[{"id":8019998,"href":"https:\/\/scn.eu\/sv\/wp-json\/wp\/v2\/product\/1010299\/revisions\/8019998"}],"wp:featuredmedia":[{"embeddable":true,"href":"https:\/\/scn.eu\/sv\/wp-json\/wp\/v2\/media\/8019996"}],"wp:attachment":[{"href":"https:\/\/scn.eu\/sv\/wp-json\/wp\/v2\/media?parent=1010299"}],"wp:term":[{"taxonomy":"product_brand","embeddable":true,"href":"https:\/\/scn.eu\/sv\/wp-json\/wp\/v2\/product_brand?post=1010299"},{"taxonomy":"product_cat","embeddable":true,"href":"https:\/\/scn.eu\/sv\/wp-json\/wp\/v2\/product_cat?post=1010299"},{"taxonomy":"product_tag","embeddable":true,"href":"https:\/\/scn.eu\/sv\/wp-json\/wp\/v2\/product_tag?post=1010299"},{"taxonomy":"product_facet","embeddable":true,"href":"https:\/\/scn.eu\/sv\/wp-json\/wp\/v2\/product_facet?post=1010299"}],"curies":[{"name":"wp","href":"https:\/\/api.w.org\/{rel}","templated":true}]}}