{"id":1010292,"date":"2025-01-01T00:00:00","date_gmt":"2025-01-01T00:00:00","guid":{"rendered":"http:\/\/&#038;p=1010292"},"modified":"2026-03-20T01:05:52","modified_gmt":"2026-03-20T01:05:52","slug":"hx22-sv","status":"publish","type":"product","link":"https:\/\/scn.eu\/sv\/produkt\/hx22-sv\/","title":{"rendered":"HX22 Liten och kompakt Kontaktor f\u00f6r str\u00f6mv\u00e4xling upp till 1000VDC."},"content":{"rendered":"<p>HX22 var den f\u00f6rsta i Gigavacs HX-serie av h\u00f6gsp\u00e4nningskontaktorer. <\/p>\n<p>HX22 \u00e4r den minsta UL508-godk\u00e4nda kontaktorn f\u00f6r h\u00f6gstr\u00f6msv\u00e4xling vid 1000VDC. <\/p>\n<p>HX22 \u00f6vertr\u00e4ffar IP67- och IP69-t\u00e4tningskraven och uppfyller \u00e4ven RoHS.<\/p>\n<p>UL-klassad f\u00f6r att v\u00e4xla 175A vid 1000VDC och  kontinuerligt  b\u00e4ra upp till 300A. <\/p>\n<p>HX22 utvecklades f\u00f6r anv\u00e4ndning i solcellsanl\u00e4ggningar och v\u00e4xelriktare. <\/p>\n<p>L\u00e4tt och kompakt (90,1mm x 80,5mm). <\/p>\n<p>HX22 anv\u00e4nder GIGAVACs EPIC\u00ae keramik och metall f\u00f6rseglingsteknik, vilket inneb\u00e4r att den s\u00e4kert kan anv\u00e4ndas i n\u00e4stan alla h\u00e5rda milj\u00f6er, inklusive tillf\u00e4lligt under vatten och vid temperaturer fr\u00e5n \u201355\u00b0C till +85\u00b0C. <\/p>\n<p>HX22 \u00e4r inte positionsk\u00e4nslig vilket m\u00f6jligg\u00f6r enkel montering i valfri vinkel.<\/p>\n<p>H\u00f6geffektiva dubbla man\u00f6verspolar vilket ger mycket l\u00e5g f\u00f6rbrukning och EMI-st\u00f6rningar. Idealisk f\u00f6r batteridrivna system eller d\u00e4r l\u00e5g egenf\u00f6rbrukning beh\u00f6vs.<\/p>\n","protected":false},"excerpt":{"rendered":"<p>HX22 var den f\u00f6rsta i Gigavacs HX-serie av h\u00f6gsp\u00e4nningskontaktorer. HX22 \u00e4r den minsta UL508-godk\u00e4nda kontaktorn f\u00f6r h\u00f6gstr\u00f6msv\u00e4xling vid 1000VDC. HX22 \u00f6vertr\u00e4ffar IP67- och IP69-t\u00e4tningskraven och uppfyller \u00e4ven RoHS. UL-klassad f\u00f6r att v\u00e4xla 175A vid 1000VDC och kontinuerligt b\u00e4ra upp till 300A. HX22 utvecklades f\u00f6r anv\u00e4ndning i solcellsanl\u00e4ggningar och v\u00e4xelriktare. L\u00e4tt och kompakt (90,1mm x 80,5mm)&#8230;.<\/p>\n","protected":false},"featured_media":8019974,"comment_status":"closed","ping_status":"closed","template":"","meta":{"_kad_post_transparent":"default","_kad_post_title":"","_kad_post_layout":"default","_kad_post_sidebar_id":"","_kad_post_content_style":"default","_kad_post_vertical_padding":"default","_kad_post_feature":"","_kad_post_feature_position":"","_kad_post_header":false,"_kad_post_footer":false,"_kad_post_classname":""},"product_brand":[920],"product_cat":[9040,10630,10656,10759],"product_tag":[],"product_facet":[10773],"class_list":{"0":"post-1010292","1":"product","2":"type-product","3":"status-publish","4":"has-post-thumbnail","6":"product_brand-gigavac","7":"product_cat-12-1500-vdc","8":"product_cat-components","9":"product_cat-power-contactors","10":"product_cat-products","11":"product_facet-facet-components","13":"first","14":"instock","15":"downloadable","16":"shipping-taxable","17":"product-type-simple","18":"entry","19":"content-bg","20":"loop-entry"},"_links":{"self":[{"href":"https:\/\/scn.eu\/sv\/wp-json\/wp\/v2\/product\/1010292","targetHints":{"allow":["GET"]}}],"collection":[{"href":"https:\/\/scn.eu\/sv\/wp-json\/wp\/v2\/product"}],"about":[{"href":"https:\/\/scn.eu\/sv\/wp-json\/wp\/v2\/types\/product"}],"replies":[{"embeddable":true,"href":"https:\/\/scn.eu\/sv\/wp-json\/wp\/v2\/comments?post=1010292"}],"version-history":[{"count":1,"href":"https:\/\/scn.eu\/sv\/wp-json\/wp\/v2\/product\/1010292\/revisions"}],"predecessor-version":[{"id":8019976,"href":"https:\/\/scn.eu\/sv\/wp-json\/wp\/v2\/product\/1010292\/revisions\/8019976"}],"wp:featuredmedia":[{"embeddable":true,"href":"https:\/\/scn.eu\/sv\/wp-json\/wp\/v2\/media\/8019974"}],"wp:attachment":[{"href":"https:\/\/scn.eu\/sv\/wp-json\/wp\/v2\/media?parent=1010292"}],"wp:term":[{"taxonomy":"product_brand","embeddable":true,"href":"https:\/\/scn.eu\/sv\/wp-json\/wp\/v2\/product_brand?post=1010292"},{"taxonomy":"product_cat","embeddable":true,"href":"https:\/\/scn.eu\/sv\/wp-json\/wp\/v2\/product_cat?post=1010292"},{"taxonomy":"product_tag","embeddable":true,"href":"https:\/\/scn.eu\/sv\/wp-json\/wp\/v2\/product_tag?post=1010292"},{"taxonomy":"product_facet","embeddable":true,"href":"https:\/\/scn.eu\/sv\/wp-json\/wp\/v2\/product_facet?post=1010292"}],"curies":[{"name":"wp","href":"https:\/\/api.w.org\/{rel}","templated":true}]}}