{"id":1010285,"date":"2025-01-01T00:00:00","date_gmt":"2025-01-01T00:00:00","guid":{"rendered":"http:\/\/&#038;p=1010285"},"modified":"2026-03-20T01:05:45","modified_gmt":"2026-03-20T01:05:45","slug":"hx21-sv","status":"publish","type":"product","link":"https:\/\/scn.eu\/sv\/produkt\/hx21-sv\/","title":{"rendered":"HX21 \/ Liten och kompakt Kontaktor f\u00f6r str\u00f6mv\u00e4xling upp till 1000 VDC"},"content":{"rendered":"<p>HX21 \u00e4r mycket kompakt och tillverkas helt enligt RoHS. <\/p>\n<p>Dessutom \u00e4r hermetisk med Gigavacs EPIC\u00ae keramisk teknik och gasfylld, vilket inneb\u00e4r att det s\u00e4kert kan anv\u00e4ndas i n\u00e4stan alla tuffa milj\u00f6er, \u00e4ven tillf\u00e4lligt under vatten och vid temperaturer fr\u00e5n -55\u00b0C till +85\u00b0C. <\/p>\n<p>Kan monteras i \u00f6nskad vinkel eftersom de inte \u00e4r positionsk\u00e4nsliga, vilket m\u00f6jligg\u00f6r enkel installation.<\/p>\n","protected":false},"excerpt":{"rendered":"<p>HX21 \u00e4r mycket kompakt och tillverkas helt enligt RoHS. Dessutom \u00e4r hermetisk med Gigavacs EPIC\u00ae keramisk teknik och gasfylld, vilket inneb\u00e4r att det s\u00e4kert kan anv\u00e4ndas i n\u00e4stan alla tuffa milj\u00f6er, \u00e4ven tillf\u00e4lligt under vatten och vid temperaturer fr\u00e5n -55\u00b0C till +85\u00b0C. Kan monteras i \u00f6nskad vinkel eftersom de inte \u00e4r positionsk\u00e4nsliga, vilket m\u00f6jligg\u00f6r enkel&#8230;<\/p>\n","protected":false},"featured_media":8019952,"comment_status":"closed","ping_status":"closed","template":"","meta":{"_kad_post_transparent":"default","_kad_post_title":"","_kad_post_layout":"default","_kad_post_sidebar_id":"","_kad_post_content_style":"default","_kad_post_vertical_padding":"default","_kad_post_feature":"","_kad_post_feature_position":"","_kad_post_header":false,"_kad_post_footer":false,"_kad_post_classname":""},"product_brand":[920],"product_cat":[9040,10630,10656,10759],"product_tag":[],"product_facet":[10773],"class_list":{"0":"post-1010285","1":"product","2":"type-product","3":"status-publish","4":"has-post-thumbnail","6":"product_brand-gigavac","7":"product_cat-12-1500-vdc","8":"product_cat-components","9":"product_cat-power-contactors","10":"product_cat-products","11":"product_facet-facet-components","13":"first","14":"instock","15":"downloadable","16":"shipping-taxable","17":"product-type-simple","18":"entry","19":"content-bg","20":"loop-entry"},"_links":{"self":[{"href":"https:\/\/scn.eu\/sv\/wp-json\/wp\/v2\/product\/1010285","targetHints":{"allow":["GET"]}}],"collection":[{"href":"https:\/\/scn.eu\/sv\/wp-json\/wp\/v2\/product"}],"about":[{"href":"https:\/\/scn.eu\/sv\/wp-json\/wp\/v2\/types\/product"}],"replies":[{"embeddable":true,"href":"https:\/\/scn.eu\/sv\/wp-json\/wp\/v2\/comments?post=1010285"}],"version-history":[{"count":1,"href":"https:\/\/scn.eu\/sv\/wp-json\/wp\/v2\/product\/1010285\/revisions"}],"predecessor-version":[{"id":8019954,"href":"https:\/\/scn.eu\/sv\/wp-json\/wp\/v2\/product\/1010285\/revisions\/8019954"}],"wp:featuredmedia":[{"embeddable":true,"href":"https:\/\/scn.eu\/sv\/wp-json\/wp\/v2\/media\/8019952"}],"wp:attachment":[{"href":"https:\/\/scn.eu\/sv\/wp-json\/wp\/v2\/media?parent=1010285"}],"wp:term":[{"taxonomy":"product_brand","embeddable":true,"href":"https:\/\/scn.eu\/sv\/wp-json\/wp\/v2\/product_brand?post=1010285"},{"taxonomy":"product_cat","embeddable":true,"href":"https:\/\/scn.eu\/sv\/wp-json\/wp\/v2\/product_cat?post=1010285"},{"taxonomy":"product_tag","embeddable":true,"href":"https:\/\/scn.eu\/sv\/wp-json\/wp\/v2\/product_tag?post=1010285"},{"taxonomy":"product_facet","embeddable":true,"href":"https:\/\/scn.eu\/sv\/wp-json\/wp\/v2\/product_facet?post=1010285"}],"curies":[{"name":"wp","href":"https:\/\/api.w.org\/{rel}","templated":true}]}}