{"id":1010271,"date":"2025-01-01T00:00:00","date_gmt":"2025-01-01T00:00:00","guid":{"rendered":"http:\/\/&#038;p=1010271"},"modified":"2026-03-20T01:05:37","modified_gmt":"2026-03-20T01:05:37","slug":"hvbd8-sv","status":"publish","type":"product","link":"https:\/\/scn.eu\/sv\/produkt\/hvbd8-sv\/","title":{"rendered":"HVBD8 Manuell h\u00f6gsp\u00e4nningsbrytare 800A\/1500VDC med eller utan extern kontakt"},"content":{"rendered":"<p>H\u00f6g sp\u00e4nning 1500VDC<br \/>\nH\u00f6g kontinuerlig str\u00f6m 800A<br \/>\nRobust metallkeramisk och hermetisk t\u00e4tning.<br \/>\nBranschledande dielektrisk prestanda.<br \/>\nH\u00f6g temperaturprestanda.<br \/>\nL\u00e5gt kontaktmotst\u00e5nd under hela livsl\u00e4ngden.<br \/>\nRedo f\u00f6r tuffa milj\u00f6er.<br \/>\nLock-out\/tag-out redo f\u00f6r OSHA regler f\u00f6r arbetsmilj\u00f6.<br \/>\nDrop-in-ers\u00e4ttare f\u00f6r GIGAVAC HBD-serien.<br \/>\nIntegrerade extern kontakt (HVBD8AAR eller HVBD8AAB) som m\u00f6jligt tillval.<\/p>\n","protected":false},"excerpt":{"rendered":"<p>H\u00f6g sp\u00e4nning 1500VDC H\u00f6g kontinuerlig str\u00f6m 800A Robust metallkeramisk och hermetisk t\u00e4tning. Branschledande dielektrisk prestanda. H\u00f6g temperaturprestanda. L\u00e5gt kontaktmotst\u00e5nd under hela livsl\u00e4ngden. Redo f\u00f6r tuffa milj\u00f6er. Lock-out\/tag-out redo f\u00f6r OSHA regler f\u00f6r arbetsmilj\u00f6. Drop-in-ers\u00e4ttare f\u00f6r GIGAVAC HBD-serien. Integrerade extern kontakt (HVBD8AAR eller HVBD8AAB) som m\u00f6jligt tillval.<\/p>\n","protected":false},"featured_media":8019908,"comment_status":"closed","ping_status":"closed","template":"","meta":{"_kad_post_transparent":"default","_kad_post_title":"","_kad_post_layout":"default","_kad_post_sidebar_id":"","_kad_post_content_style":"default","_kad_post_vertical_padding":"default","_kad_post_feature":"","_kad_post_feature_position":"","_kad_post_header":false,"_kad_post_footer":false,"_kad_post_classname":""},"product_brand":[943],"product_cat":[10655,10630,10759,9458],"product_tag":[],"product_facet":[10773],"class_list":{"0":"post-1010271","1":"product","2":"type-product","3":"status-publish","4":"has-post-thumbnail","6":"product_brand-rincon-power","7":"product_cat-battery-disconnector-switches","8":"product_cat-components","9":"product_cat-products","10":"product_cat-spst-single-pole-single-throw-battery-disconnector-switches","11":"product_facet-facet-components","13":"first","14":"instock","15":"downloadable","16":"shipping-taxable","17":"product-type-simple","18":"entry","19":"content-bg","20":"loop-entry"},"_links":{"self":[{"href":"https:\/\/scn.eu\/sv\/wp-json\/wp\/v2\/product\/1010271","targetHints":{"allow":["GET"]}}],"collection":[{"href":"https:\/\/scn.eu\/sv\/wp-json\/wp\/v2\/product"}],"about":[{"href":"https:\/\/scn.eu\/sv\/wp-json\/wp\/v2\/types\/product"}],"replies":[{"embeddable":true,"href":"https:\/\/scn.eu\/sv\/wp-json\/wp\/v2\/comments?post=1010271"}],"version-history":[{"count":1,"href":"https:\/\/scn.eu\/sv\/wp-json\/wp\/v2\/product\/1010271\/revisions"}],"predecessor-version":[{"id":8019910,"href":"https:\/\/scn.eu\/sv\/wp-json\/wp\/v2\/product\/1010271\/revisions\/8019910"}],"wp:featuredmedia":[{"embeddable":true,"href":"https:\/\/scn.eu\/sv\/wp-json\/wp\/v2\/media\/8019908"}],"wp:attachment":[{"href":"https:\/\/scn.eu\/sv\/wp-json\/wp\/v2\/media?parent=1010271"}],"wp:term":[{"taxonomy":"product_brand","embeddable":true,"href":"https:\/\/scn.eu\/sv\/wp-json\/wp\/v2\/product_brand?post=1010271"},{"taxonomy":"product_cat","embeddable":true,"href":"https:\/\/scn.eu\/sv\/wp-json\/wp\/v2\/product_cat?post=1010271"},{"taxonomy":"product_tag","embeddable":true,"href":"https:\/\/scn.eu\/sv\/wp-json\/wp\/v2\/product_tag?post=1010271"},{"taxonomy":"product_facet","embeddable":true,"href":"https:\/\/scn.eu\/sv\/wp-json\/wp\/v2\/product_facet?post=1010271"}],"curies":[{"name":"wp","href":"https:\/\/api.w.org\/{rel}","templated":true}]}}