{"id":1010201,"date":"2025-01-01T00:00:00","date_gmt":"2025-01-01T00:00:00","guid":{"rendered":"http:\/\/&#038;p=1010201"},"modified":"2026-03-20T01:04:59","modified_gmt":"2026-03-20T01:04:59","slug":"hdmi-lpclpm-sv","status":"publish","type":"product","link":"https:\/\/scn.eu\/sv\/produkt\/hdmi-lpclpm-sv\/","title":{"rendered":"HDMI-LPC \/ LPM   HDMI sl\u00e4pringar"},"content":{"rendered":"<p>HDMI \u00e4r ett propriet\u00e4rt ljud-\/videogr\u00e4nssnitt f\u00f6r \u00f6verf\u00f6ring av okomprimerad videodata.<br \/>\nKomprimerad eller okomprimerad digital ljuddata fr\u00e5n en HDMI-kompatibel k\u00e4llanordning till en kompatibel datorsk\u00e4rm, videoprojektor, digital-tv eller digital ljudenhet. <\/p>\n<p>HDMI-sl\u00e4pringarna fr\u00e5n JINPAT \u00e4r tillf\u00f6rlitliga och m\u00f6jligg\u00f6r \u00f6verf\u00f6ring av HDMI 1.4 (10,2 Gbps) fr\u00e5n en station\u00e4r till en roterande enhet.<br \/>\nV\u00e5r konstruktion \u00e4r tillg\u00e4nglig med flera HDMI-kanaler, str\u00f6m- och signalintegration i en och samma sl\u00e4pring. <\/p>\n<p>Dessutom uppfyller de innovativa konstruktionerna de kr\u00e4vande kraven p\u00e5 crosstalk, ing\u00e5ngsd\u00e4mpning och returf\u00f6rlust f\u00f6r att kontrollera brusf\u00f6rh\u00e5llandet och s\u00e4kerst\u00e4lla \u00f6verf\u00f6ringsstabilitet. <\/p>\n<p>Som ledande tillverkare av sl\u00e4pringar och med m\u00e5let att bli en av de fr\u00e4msta tillverkarna i v\u00e4rlden har JINPAT aldrig slutat att utveckla HDMI-sl\u00e4pringar f\u00f6r de senaste kommersiella, \u00f6vervaknings-, VR- eller andra underh\u00e5llningstill\u00e4mpningar.<\/p>\n<p>F\u00f6r att svara p\u00e5 den \u00f6kande marknaden f\u00f6r HDMI-sl\u00e4pringsl\u00f6sningar har JINPAT utvecklat ett brett utbud av HDMI-produkter med kombinationer av data och kraft i flera mekaniska konfigurationer f\u00f6r att uppfylla dina anv\u00e4ndningsbehov.<\/p>\n","protected":false},"excerpt":{"rendered":"<p>HDMI \u00e4r ett propriet\u00e4rt ljud-\/videogr\u00e4nssnitt f\u00f6r \u00f6verf\u00f6ring av okomprimerad videodata. Komprimerad eller okomprimerad digital ljuddata fr\u00e5n en HDMI-kompatibel k\u00e4llanordning till en kompatibel datorsk\u00e4rm, videoprojektor, digital-tv eller digital ljudenhet. HDMI-sl\u00e4pringarna fr\u00e5n JINPAT \u00e4r tillf\u00f6rlitliga och m\u00f6jligg\u00f6r \u00f6verf\u00f6ring av HDMI 1.4 (10,2 Gbps) fr\u00e5n en station\u00e4r till en roterande enhet. V\u00e5r konstruktion \u00e4r tillg\u00e4nglig med flera HDMI-kanaler,&#8230;<\/p>\n","protected":false},"featured_media":8019751,"comment_status":"closed","ping_status":"closed","template":"","meta":{"_kad_post_transparent":"default","_kad_post_title":"","_kad_post_layout":"default","_kad_post_sidebar_id":"","_kad_post_content_style":"default","_kad_post_vertical_padding":"default","_kad_post_feature":"","_kad_post_feature_position":"","_kad_post_header":false,"_kad_post_footer":false,"_kad_post_classname":""},"product_brand":[941],"product_cat":[10630,9483,10759,10632],"product_tag":[],"product_facet":[10773],"class_list":{"0":"post-1010201","1":"product","2":"type-product","3":"status-publish","4":"has-post-thumbnail","6":"product_brand-jinpat","7":"product_cat-components","8":"product_cat-hdmi-slip-rings","9":"product_cat-products","10":"product_cat-slip-rings","11":"product_facet-facet-components","13":"first","14":"instock","15":"downloadable","16":"shipping-taxable","17":"product-type-simple","18":"entry","19":"content-bg","20":"loop-entry"},"_links":{"self":[{"href":"https:\/\/scn.eu\/sv\/wp-json\/wp\/v2\/product\/1010201","targetHints":{"allow":["GET"]}}],"collection":[{"href":"https:\/\/scn.eu\/sv\/wp-json\/wp\/v2\/product"}],"about":[{"href":"https:\/\/scn.eu\/sv\/wp-json\/wp\/v2\/types\/product"}],"replies":[{"embeddable":true,"href":"https:\/\/scn.eu\/sv\/wp-json\/wp\/v2\/comments?post=1010201"}],"version-history":[{"count":1,"href":"https:\/\/scn.eu\/sv\/wp-json\/wp\/v2\/product\/1010201\/revisions"}],"predecessor-version":[{"id":8019753,"href":"https:\/\/scn.eu\/sv\/wp-json\/wp\/v2\/product\/1010201\/revisions\/8019753"}],"wp:featuredmedia":[{"embeddable":true,"href":"https:\/\/scn.eu\/sv\/wp-json\/wp\/v2\/media\/8019751"}],"wp:attachment":[{"href":"https:\/\/scn.eu\/sv\/wp-json\/wp\/v2\/media?parent=1010201"}],"wp:term":[{"taxonomy":"product_brand","embeddable":true,"href":"https:\/\/scn.eu\/sv\/wp-json\/wp\/v2\/product_brand?post=1010201"},{"taxonomy":"product_cat","embeddable":true,"href":"https:\/\/scn.eu\/sv\/wp-json\/wp\/v2\/product_cat?post=1010201"},{"taxonomy":"product_tag","embeddable":true,"href":"https:\/\/scn.eu\/sv\/wp-json\/wp\/v2\/product_tag?post=1010201"},{"taxonomy":"product_facet","embeddable":true,"href":"https:\/\/scn.eu\/sv\/wp-json\/wp\/v2\/product_facet?post=1010201"}],"curies":[{"name":"wp","href":"https:\/\/api.w.org\/{rel}","templated":true}]}}