{"id":1010173,"date":"2025-01-01T00:00:00","date_gmt":"2025-01-01T00:00:00","guid":{"rendered":"http:\/\/&#038;p=1010173"},"modified":"2026-03-20T01:04:45","modified_gmt":"2026-03-20T01:04:45","slug":"gxv600-sv","status":"publish","type":"product","link":"https:\/\/scn.eu\/sv\/produkt\/gxv600-sv\/","title":{"rendered":"GXV600 Kompakt kontaktor"},"content":{"rendered":"<p>Man\u00f6vertyp i tv\u00e5 versioner f\u00f6r intern eller extern PWM-styrning.<br \/>\nSpeciellt utvecklad f\u00f6r elfordon som kr\u00e4ver h\u00f6ga kontinuerliga str\u00f6mmar och\/eller h\u00f6g kortslutningst\u00e5lighet.<\/p>\n<p>Den minsta och l\u00e4ttaste 600A-kontaktorn p\u00e5 marknaden.<br \/>\nHermetiskt t\u00e4tad &#8211; Utformad f\u00f6r att m\u00f6ta: UL1604 klass I &#038; II, division 2 och klass III f\u00f6r anv\u00e4ndning i explosiva milj\u00f6er, IP67 f\u00f6r tillf\u00e4llig neds\u00e4nkning av vatten i 30 minuter, SAE J1171 &#8211; skydd mot extern t\u00e4ndning, och<br \/>\nISO8846 f\u00f6r skydd mot ant\u00e4ndning kring brandfarliga gaser.<\/p>\n<p>Rostfria muttrar av st\u00e5l och monteringsinsatser i m\u00e4ssing f\u00f6r m\u00e5nga \u00e5rs korrosionsfri livsl\u00e4ngd.<\/p>\n<p>Kan monteras i valfri position f\u00f6r enkel installation.<\/p>\n","protected":false},"excerpt":{"rendered":"<p>Man\u00f6vertyp i tv\u00e5 versioner f\u00f6r intern eller extern PWM-styrning. Speciellt utvecklad f\u00f6r elfordon som kr\u00e4ver h\u00f6ga kontinuerliga str\u00f6mmar och\/eller h\u00f6g kortslutningst\u00e5lighet. Den minsta och l\u00e4ttaste 600A-kontaktorn p\u00e5 marknaden. Hermetiskt t\u00e4tad &#8211; Utformad f\u00f6r att m\u00f6ta: UL1604 klass I &#038; II, division 2 och klass III f\u00f6r anv\u00e4ndning i explosiva milj\u00f6er, IP67 f\u00f6r tillf\u00e4llig neds\u00e4nkning av&#8230;<\/p>\n","protected":false},"featured_media":8019670,"comment_status":"closed","ping_status":"closed","template":"","meta":{"_kad_post_transparent":"default","_kad_post_title":"","_kad_post_layout":"default","_kad_post_sidebar_id":"","_kad_post_content_style":"default","_kad_post_vertical_padding":"default","_kad_post_feature":"","_kad_post_feature_position":"","_kad_post_header":false,"_kad_post_footer":false,"_kad_post_classname":""},"product_brand":[920],"product_cat":[9064,10630,10656,10759],"product_tag":[],"product_facet":[10773],"class_list":{"0":"post-1010173","1":"product","2":"type-product","3":"status-publish","4":"has-post-thumbnail","6":"product_brand-gigavac","7":"product_cat-12-1000-vdc","8":"product_cat-components","9":"product_cat-power-contactors","10":"product_cat-products","11":"product_facet-facet-components","13":"first","14":"instock","15":"downloadable","16":"shipping-taxable","17":"product-type-simple","18":"entry","19":"content-bg","20":"loop-entry"},"_links":{"self":[{"href":"https:\/\/scn.eu\/sv\/wp-json\/wp\/v2\/product\/1010173","targetHints":{"allow":["GET"]}}],"collection":[{"href":"https:\/\/scn.eu\/sv\/wp-json\/wp\/v2\/product"}],"about":[{"href":"https:\/\/scn.eu\/sv\/wp-json\/wp\/v2\/types\/product"}],"replies":[{"embeddable":true,"href":"https:\/\/scn.eu\/sv\/wp-json\/wp\/v2\/comments?post=1010173"}],"version-history":[{"count":1,"href":"https:\/\/scn.eu\/sv\/wp-json\/wp\/v2\/product\/1010173\/revisions"}],"predecessor-version":[{"id":8019672,"href":"https:\/\/scn.eu\/sv\/wp-json\/wp\/v2\/product\/1010173\/revisions\/8019672"}],"wp:featuredmedia":[{"embeddable":true,"href":"https:\/\/scn.eu\/sv\/wp-json\/wp\/v2\/media\/8019670"}],"wp:attachment":[{"href":"https:\/\/scn.eu\/sv\/wp-json\/wp\/v2\/media?parent=1010173"}],"wp:term":[{"taxonomy":"product_brand","embeddable":true,"href":"https:\/\/scn.eu\/sv\/wp-json\/wp\/v2\/product_brand?post=1010173"},{"taxonomy":"product_cat","embeddable":true,"href":"https:\/\/scn.eu\/sv\/wp-json\/wp\/v2\/product_cat?post=1010173"},{"taxonomy":"product_tag","embeddable":true,"href":"https:\/\/scn.eu\/sv\/wp-json\/wp\/v2\/product_tag?post=1010173"},{"taxonomy":"product_facet","embeddable":true,"href":"https:\/\/scn.eu\/sv\/wp-json\/wp\/v2\/product_facet?post=1010173"}],"curies":[{"name":"wp","href":"https:\/\/api.w.org\/{rel}","templated":true}]}}