{"id":1010138,"date":"2025-01-01T00:00:00","date_gmt":"2025-01-01T00:00:00","guid":{"rendered":"http:\/\/&#038;p=1010138"},"modified":"2026-03-20T01:04:24","modified_gmt":"2026-03-20T01:04:24","slug":"gxnc14-sv","status":"publish","type":"product","link":"https:\/\/scn.eu\/sv\/produkt\/gxnc14-sv\/","title":{"rendered":"GXNC14 normalt sluten (NC) kontaktor"},"content":{"rendered":"<p>Kontaktorn GXNC14 har en normalt sluten (NC) kontakt j\u00e4mf\u00f6rt med motsvarande GX14 som ist\u00e4llet har den mer vanliga normalt \u00f6ppna kontakten (NO).<\/p>\n<p>Denna Gigavac f\u00f6r industribruk \u00e4r baserad p\u00e5 EPIC\u2122-teknologi (Extended Performance Impervious Ceramics) och hanterar sp\u00e4nningar fr\u00e5n 12V till 800V och str\u00f6mmar upp till 2500A.<\/p>\n<p>GXNC14 har ett kontaktorhus som klarar 150\u00b0C utan att deformeras eller missf\u00e4rgas. Den anv\u00e4nder samma teknik som hittills endast har anv\u00e4nts i dyrare produkter f\u00f6r flygindustrin.<\/p>\n<p>Hela kontaktorn \u00e4r hermetiskt t\u00e4tad och uppfyller kraven f\u00f6r UL1604 klass I, II och III f\u00f6r anv\u00e4ndning i farliga milj\u00f6er. IP67 g\u00f6r det m\u00f6jligt att tillf\u00e4lligtvis s\u00e4nka GXNC14 i vatten i minst 30 minuter. Den har ocks\u00e5 SAE J1171 f\u00f6r externt gnistskydd och ISO8846 f\u00f6r skydd mot gnistor i explosiva gaser.<\/p>\n<p>Kontaktorn har inbyggt filter f\u00f6r man\u00f6verspolen och monteringsdetaljerna \u00e4r alla gjorda av rostfritt st\u00e5l. Detta garanterar m\u00e5nga \u00e5rs drift utan korrosion, oavsett milj\u00f6.<\/p>\n","protected":false},"excerpt":{"rendered":"<p>Kontaktorn GXNC14 har en normalt sluten (NC) kontakt j\u00e4mf\u00f6rt med motsvarande GX14 som ist\u00e4llet har den mer vanliga normalt \u00f6ppna kontakten (NO). Denna Gigavac f\u00f6r industribruk \u00e4r baserad p\u00e5 EPIC\u2122-teknologi (Extended Performance Impervious Ceramics) och hanterar sp\u00e4nningar fr\u00e5n 12V till 800V och str\u00f6mmar upp till 2500A. GXNC14 har ett kontaktorhus som klarar 150\u00b0C utan att&#8230;<\/p>\n","protected":false},"featured_media":8019560,"comment_status":"closed","ping_status":"closed","template":"","meta":{"_kad_post_transparent":"default","_kad_post_title":"","_kad_post_layout":"default","_kad_post_sidebar_id":"","_kad_post_content_style":"default","_kad_post_vertical_padding":"default","_kad_post_feature":"","_kad_post_feature_position":"","_kad_post_header":false,"_kad_post_footer":false,"_kad_post_classname":""},"product_brand":[920],"product_cat":[9064,10630,10656,10759],"product_tag":[],"product_facet":[10773],"class_list":{"0":"post-1010138","1":"product","2":"type-product","3":"status-publish","4":"has-post-thumbnail","6":"product_brand-gigavac","7":"product_cat-12-1000-vdc","8":"product_cat-components","9":"product_cat-power-contactors","10":"product_cat-products","11":"product_facet-facet-components","13":"first","14":"instock","15":"downloadable","16":"shipping-taxable","17":"product-type-simple","18":"entry","19":"content-bg","20":"loop-entry"},"_links":{"self":[{"href":"https:\/\/scn.eu\/sv\/wp-json\/wp\/v2\/product\/1010138","targetHints":{"allow":["GET"]}}],"collection":[{"href":"https:\/\/scn.eu\/sv\/wp-json\/wp\/v2\/product"}],"about":[{"href":"https:\/\/scn.eu\/sv\/wp-json\/wp\/v2\/types\/product"}],"replies":[{"embeddable":true,"href":"https:\/\/scn.eu\/sv\/wp-json\/wp\/v2\/comments?post=1010138"}],"version-history":[{"count":1,"href":"https:\/\/scn.eu\/sv\/wp-json\/wp\/v2\/product\/1010138\/revisions"}],"predecessor-version":[{"id":8019562,"href":"https:\/\/scn.eu\/sv\/wp-json\/wp\/v2\/product\/1010138\/revisions\/8019562"}],"wp:featuredmedia":[{"embeddable":true,"href":"https:\/\/scn.eu\/sv\/wp-json\/wp\/v2\/media\/8019560"}],"wp:attachment":[{"href":"https:\/\/scn.eu\/sv\/wp-json\/wp\/v2\/media?parent=1010138"}],"wp:term":[{"taxonomy":"product_brand","embeddable":true,"href":"https:\/\/scn.eu\/sv\/wp-json\/wp\/v2\/product_brand?post=1010138"},{"taxonomy":"product_cat","embeddable":true,"href":"https:\/\/scn.eu\/sv\/wp-json\/wp\/v2\/product_cat?post=1010138"},{"taxonomy":"product_tag","embeddable":true,"href":"https:\/\/scn.eu\/sv\/wp-json\/wp\/v2\/product_tag?post=1010138"},{"taxonomy":"product_facet","embeddable":true,"href":"https:\/\/scn.eu\/sv\/wp-json\/wp\/v2\/product_facet?post=1010138"}],"curies":[{"name":"wp","href":"https:\/\/api.w.org\/{rel}","templated":true}]}}