{"id":1010117,"date":"2025-01-01T00:00:00","date_gmt":"2025-01-01T00:00:00","guid":{"rendered":"http:\/\/&#038;p=1010117"},"modified":"2026-03-20T01:04:09","modified_gmt":"2026-03-20T01:04:09","slug":"gx56-sv","status":"publish","type":"product","link":"https:\/\/scn.eu\/sv\/produkt\/gx56-sv\/","title":{"rendered":"GX56 Kontaktor f\u00f6r sidomontering och &#8221;busbar&#8221;"},"content":{"rendered":"<p>Den revolutionerande GX56 fr\u00e5n Gigavac \u00e4r baserad p\u00e5 EPIC\u2122-teknologi (Extended Performance Impervious Ceramics) och kan hantera sp\u00e4nningar fr\u00e5n 12V till 800V och str\u00f6mmar upp till 3000A.<\/p>\n<p>Kontaktorhuset klarar 150\u00b0C utan att deformeras eller missf\u00e4rgas. GX56 anv\u00e4nder samma teknik som hittills bara varit tillg\u00e4nglig i dyrare produkter inom flygindustrin. <\/p>\n<p>GX56 \u00e4r hermetiskt t\u00e4tad och uppfyller kraven f\u00f6r UL1604 klass I, II och III f\u00f6r anv\u00e4ndning i farliga milj\u00f6er. IP67 g\u00f6r det m\u00f6jligt att tillf\u00e4lligtvis s\u00e4nka GX56 i vatten i minst 30 minuter. Den har ocks\u00e5 SAE J1171 f\u00f6r externt gnistskydd och ISO8846 f\u00f6r skydd mot gnistor i explosiva gaser. <\/p>\n<p>Kontaktorn har inbyggt filter f\u00f6r man\u00f6verspolen och monteringsdetaljerna \u00e4r alla gjorda av rostfritt st\u00e5l. Detta garanterar m\u00e5nga \u00e5rs drift utan korrosion, oavsett milj\u00f6.<\/p>\n","protected":false},"excerpt":{"rendered":"<p>Den revolutionerande GX56 fr\u00e5n Gigavac \u00e4r baserad p\u00e5 EPIC\u2122-teknologi (Extended Performance Impervious Ceramics) och kan hantera sp\u00e4nningar fr\u00e5n 12V till 800V och str\u00f6mmar upp till 3000A. Kontaktorhuset klarar 150\u00b0C utan att deformeras eller missf\u00e4rgas. GX56 anv\u00e4nder samma teknik som hittills bara varit tillg\u00e4nglig i dyrare produkter inom flygindustrin. GX56 \u00e4r hermetiskt t\u00e4tad och uppfyller kraven&#8230;<\/p>\n","protected":false},"featured_media":8019494,"comment_status":"closed","ping_status":"closed","template":"","meta":{"_kad_post_transparent":"default","_kad_post_title":"","_kad_post_layout":"default","_kad_post_sidebar_id":"","_kad_post_content_style":"default","_kad_post_vertical_padding":"default","_kad_post_feature":"","_kad_post_feature_position":"","_kad_post_header":false,"_kad_post_footer":false,"_kad_post_classname":""},"product_brand":[920],"product_cat":[9064,10630,10656,10759],"product_tag":[],"product_facet":[10773],"class_list":{"0":"post-1010117","1":"product","2":"type-product","3":"status-publish","4":"has-post-thumbnail","6":"product_brand-gigavac","7":"product_cat-12-1000-vdc","8":"product_cat-components","9":"product_cat-power-contactors","10":"product_cat-products","11":"product_facet-facet-components","13":"first","14":"instock","15":"downloadable","16":"shipping-taxable","17":"product-type-simple","18":"entry","19":"content-bg","20":"loop-entry"},"_links":{"self":[{"href":"https:\/\/scn.eu\/sv\/wp-json\/wp\/v2\/product\/1010117","targetHints":{"allow":["GET"]}}],"collection":[{"href":"https:\/\/scn.eu\/sv\/wp-json\/wp\/v2\/product"}],"about":[{"href":"https:\/\/scn.eu\/sv\/wp-json\/wp\/v2\/types\/product"}],"replies":[{"embeddable":true,"href":"https:\/\/scn.eu\/sv\/wp-json\/wp\/v2\/comments?post=1010117"}],"version-history":[{"count":1,"href":"https:\/\/scn.eu\/sv\/wp-json\/wp\/v2\/product\/1010117\/revisions"}],"predecessor-version":[{"id":8019496,"href":"https:\/\/scn.eu\/sv\/wp-json\/wp\/v2\/product\/1010117\/revisions\/8019496"}],"wp:featuredmedia":[{"embeddable":true,"href":"https:\/\/scn.eu\/sv\/wp-json\/wp\/v2\/media\/8019494"}],"wp:attachment":[{"href":"https:\/\/scn.eu\/sv\/wp-json\/wp\/v2\/media?parent=1010117"}],"wp:term":[{"taxonomy":"product_brand","embeddable":true,"href":"https:\/\/scn.eu\/sv\/wp-json\/wp\/v2\/product_brand?post=1010117"},{"taxonomy":"product_cat","embeddable":true,"href":"https:\/\/scn.eu\/sv\/wp-json\/wp\/v2\/product_cat?post=1010117"},{"taxonomy":"product_tag","embeddable":true,"href":"https:\/\/scn.eu\/sv\/wp-json\/wp\/v2\/product_tag?post=1010117"},{"taxonomy":"product_facet","embeddable":true,"href":"https:\/\/scn.eu\/sv\/wp-json\/wp\/v2\/product_facet?post=1010117"}],"curies":[{"name":"wp","href":"https:\/\/api.w.org\/{rel}","templated":true}]}}