{"id":1010096,"date":"2025-01-01T00:00:00","date_gmt":"2025-01-01T00:00:00","guid":{"rendered":"http:\/\/&#038;p=1010096"},"modified":"2026-03-20T01:03:58","modified_gmt":"2026-03-20T01:03:58","slug":"gx46-sv","status":"publish","type":"product","link":"https:\/\/scn.eu\/sv\/produkt\/gx46-sv\/","title":{"rendered":"GX46 Kontaktor med bottenf\u00e4ste och &#8221;busbar&#8221;"},"content":{"rendered":"<p>Denna revolutionerande kontaktor fr\u00e5n Gigavac heter GX46 och \u00e4r baserad p\u00e5 EPIC\u2122-teknologi (Extended Performance Impervious Ceramics). GX46 hanterar sp\u00e4nningar fr\u00e5n 12V till 800V och str\u00f6mmar upp till 5000A.<\/p>\n<p>Kontaktorhuset t\u00e5l 150\u00b0C utan deformering eller missf\u00e4rgning och \u00e4r samma teknik som tidigare endast har anv\u00e4nts i dyrare produkter inom flygindustrin. <\/p>\n<p>GX46 \u00e4r hermetiskt t\u00e4tad och uppfyller kraven f\u00f6r UL1604 klass I, II och III f\u00f6r anv\u00e4ndning i riskfyllda milj\u00f6er, IP67 kan tillf\u00e4lligt neds\u00e4nkas i vatten (30 minuter), SAE J1171 f\u00f6r externt gnistskydd och ISO8846 f\u00f6r skydd mot gnistor i brandfarliga gaser. <\/p>\n<p>GX46 har inbyggt filter och alla monteringsdetaljer tillverkas i rostfritt st\u00e5l f\u00f6r att s\u00e4kerst\u00e4lla m\u00e5nga \u00e5rs drift utan korrosion, oavsett vilken milj\u00f6 den anv\u00e4nds i.<\/p>\n","protected":false},"excerpt":{"rendered":"<p>Denna revolutionerande kontaktor fr\u00e5n Gigavac heter GX46 och \u00e4r baserad p\u00e5 EPIC\u2122-teknologi (Extended Performance Impervious Ceramics). GX46 hanterar sp\u00e4nningar fr\u00e5n 12V till 800V och str\u00f6mmar upp till 5000A. Kontaktorhuset t\u00e5l 150\u00b0C utan deformering eller missf\u00e4rgning och \u00e4r samma teknik som tidigare endast har anv\u00e4nts i dyrare produkter inom flygindustrin. GX46 \u00e4r hermetiskt t\u00e4tad och uppfyller&#8230;<\/p>\n","protected":false},"featured_media":8019428,"comment_status":"closed","ping_status":"closed","template":"","meta":{"_kad_post_transparent":"default","_kad_post_title":"","_kad_post_layout":"default","_kad_post_sidebar_id":"","_kad_post_content_style":"default","_kad_post_vertical_padding":"default","_kad_post_feature":"","_kad_post_feature_position":"","_kad_post_header":false,"_kad_post_footer":false,"_kad_post_classname":""},"product_brand":[920],"product_cat":[9064,10630,10656,10759],"product_tag":[],"product_facet":[10773],"class_list":{"0":"post-1010096","1":"product","2":"type-product","3":"status-publish","4":"has-post-thumbnail","6":"product_brand-gigavac","7":"product_cat-12-1000-vdc","8":"product_cat-components","9":"product_cat-power-contactors","10":"product_cat-products","11":"product_facet-facet-components","13":"first","14":"instock","15":"downloadable","16":"shipping-taxable","17":"product-type-simple","18":"entry","19":"content-bg","20":"loop-entry"},"_links":{"self":[{"href":"https:\/\/scn.eu\/sv\/wp-json\/wp\/v2\/product\/1010096","targetHints":{"allow":["GET"]}}],"collection":[{"href":"https:\/\/scn.eu\/sv\/wp-json\/wp\/v2\/product"}],"about":[{"href":"https:\/\/scn.eu\/sv\/wp-json\/wp\/v2\/types\/product"}],"replies":[{"embeddable":true,"href":"https:\/\/scn.eu\/sv\/wp-json\/wp\/v2\/comments?post=1010096"}],"version-history":[{"count":1,"href":"https:\/\/scn.eu\/sv\/wp-json\/wp\/v2\/product\/1010096\/revisions"}],"predecessor-version":[{"id":8019430,"href":"https:\/\/scn.eu\/sv\/wp-json\/wp\/v2\/product\/1010096\/revisions\/8019430"}],"wp:featuredmedia":[{"embeddable":true,"href":"https:\/\/scn.eu\/sv\/wp-json\/wp\/v2\/media\/8019428"}],"wp:attachment":[{"href":"https:\/\/scn.eu\/sv\/wp-json\/wp\/v2\/media?parent=1010096"}],"wp:term":[{"taxonomy":"product_brand","embeddable":true,"href":"https:\/\/scn.eu\/sv\/wp-json\/wp\/v2\/product_brand?post=1010096"},{"taxonomy":"product_cat","embeddable":true,"href":"https:\/\/scn.eu\/sv\/wp-json\/wp\/v2\/product_cat?post=1010096"},{"taxonomy":"product_tag","embeddable":true,"href":"https:\/\/scn.eu\/sv\/wp-json\/wp\/v2\/product_tag?post=1010096"},{"taxonomy":"product_facet","embeddable":true,"href":"https:\/\/scn.eu\/sv\/wp-json\/wp\/v2\/product_facet?post=1010096"}],"curies":[{"name":"wp","href":"https:\/\/api.w.org\/{rel}","templated":true}]}}