{"id":1010075,"date":"2025-01-01T00:00:00","date_gmt":"2025-01-01T00:00:00","guid":{"rendered":"http:\/\/&#038;p=1010075"},"modified":"2026-03-20T01:03:46","modified_gmt":"2026-03-20T01:03:46","slug":"gx26-sv","status":"publish","type":"product","link":"https:\/\/scn.eu\/sv\/produkt\/gx26-sv\/","title":{"rendered":"GX26 Kontaktor f\u00f6r st\u00e5ende montering"},"content":{"rendered":"<p>DC-kontaktor GX26 fr\u00e5n Gigavac<\/p>\n<p>Robust EPIC\u00ae-t\u00e4tning upp till 175\u00b0C &#8211; Samma teknik som anv\u00e4nds f\u00f6r avancerade flyg- och rymdprogram.<\/p>\n<p>Hermetiskt t\u00e4tad &#8211; Designad f\u00f6r att m\u00f6ta: UL1604 f\u00f6r klass I &#038; II, Div 2 och klass III f\u00f6r anv\u00e4ndning i farliga omr\u00e5den, IP67 f\u00f6r tillf\u00e4llig neds\u00e4nkning av vatten i 30 minuter, SAE J1171 &#8211; skydd mot extern t\u00e4ndning och ISO8846 f\u00f6r skydd mot ant\u00e4ndning kring brandfarliga gaser .<\/p>\n<p>H\u00f6geffektiv dubbla man\u00f6verspolar &#8211; Mycket l\u00e5g 12, 24 eller 48 VDC kontinuerlig f\u00f6rbrukning och utan EMI-st\u00f6rning. Idealisk f\u00f6r batteridrivna system eller d\u00e4r l\u00e5g f\u00f6rbrukning beh\u00f6vs. Inbyggt filter f\u00f6r alla DC-spolar &#8211; Sparar er utvecklingstid och kostnad.<\/p>\n<p>Rostfritt st\u00e5lmuttrar, brickor och monteringsinsatser f\u00f6r m\u00e5nga \u00e5rs korrosionsfri och problemfri drift.<\/p>\n<p>DC-kontaktorn \u00e4r inte positionsk\u00e4nslig &#8211; kan monteras i valfri position f\u00f6r enkel installation.<\/p>\n","protected":false},"excerpt":{"rendered":"<p>DC-kontaktor GX26 fr\u00e5n Gigavac Robust EPIC\u00ae-t\u00e4tning upp till 175\u00b0C &#8211; Samma teknik som anv\u00e4nds f\u00f6r avancerade flyg- och rymdprogram. Hermetiskt t\u00e4tad &#8211; Designad f\u00f6r att m\u00f6ta: UL1604 f\u00f6r klass I &#038; II, Div 2 och klass III f\u00f6r anv\u00e4ndning i farliga omr\u00e5den, IP67 f\u00f6r tillf\u00e4llig neds\u00e4nkning av vatten i 30 minuter, SAE J1171 &#8211; skydd&#8230;<\/p>\n","protected":false},"featured_media":8019362,"comment_status":"closed","ping_status":"closed","template":"","meta":{"_kad_post_transparent":"default","_kad_post_title":"","_kad_post_layout":"default","_kad_post_sidebar_id":"","_kad_post_content_style":"default","_kad_post_vertical_padding":"default","_kad_post_feature":"","_kad_post_feature_position":"","_kad_post_header":false,"_kad_post_footer":false,"_kad_post_classname":""},"product_brand":[920],"product_cat":[9064,10630,10656,10759],"product_tag":[],"product_facet":[10773],"class_list":{"0":"post-1010075","1":"product","2":"type-product","3":"status-publish","4":"has-post-thumbnail","6":"product_brand-gigavac","7":"product_cat-12-1000-vdc","8":"product_cat-components","9":"product_cat-power-contactors","10":"product_cat-products","11":"product_facet-facet-components","13":"first","14":"instock","15":"downloadable","16":"shipping-taxable","17":"product-type-simple","18":"entry","19":"content-bg","20":"loop-entry"},"_links":{"self":[{"href":"https:\/\/scn.eu\/sv\/wp-json\/wp\/v2\/product\/1010075","targetHints":{"allow":["GET"]}}],"collection":[{"href":"https:\/\/scn.eu\/sv\/wp-json\/wp\/v2\/product"}],"about":[{"href":"https:\/\/scn.eu\/sv\/wp-json\/wp\/v2\/types\/product"}],"replies":[{"embeddable":true,"href":"https:\/\/scn.eu\/sv\/wp-json\/wp\/v2\/comments?post=1010075"}],"version-history":[{"count":1,"href":"https:\/\/scn.eu\/sv\/wp-json\/wp\/v2\/product\/1010075\/revisions"}],"predecessor-version":[{"id":8019364,"href":"https:\/\/scn.eu\/sv\/wp-json\/wp\/v2\/product\/1010075\/revisions\/8019364"}],"wp:featuredmedia":[{"embeddable":true,"href":"https:\/\/scn.eu\/sv\/wp-json\/wp\/v2\/media\/8019362"}],"wp:attachment":[{"href":"https:\/\/scn.eu\/sv\/wp-json\/wp\/v2\/media?parent=1010075"}],"wp:term":[{"taxonomy":"product_brand","embeddable":true,"href":"https:\/\/scn.eu\/sv\/wp-json\/wp\/v2\/product_brand?post=1010075"},{"taxonomy":"product_cat","embeddable":true,"href":"https:\/\/scn.eu\/sv\/wp-json\/wp\/v2\/product_cat?post=1010075"},{"taxonomy":"product_tag","embeddable":true,"href":"https:\/\/scn.eu\/sv\/wp-json\/wp\/v2\/product_tag?post=1010075"},{"taxonomy":"product_facet","embeddable":true,"href":"https:\/\/scn.eu\/sv\/wp-json\/wp\/v2\/product_facet?post=1010075"}],"curies":[{"name":"wp","href":"https:\/\/api.w.org\/{rel}","templated":true}]}}