{"id":1010068,"date":"2025-01-01T00:00:00","date_gmt":"2025-01-01T00:00:00","guid":{"rendered":"http:\/\/&#038;p=1010068"},"modified":"2026-03-20T01:03:43","modified_gmt":"2026-03-20T01:03:43","slug":"gx24-sv","status":"publish","type":"product","link":"https:\/\/scn.eu\/sv\/produkt\/gx24-sv\/","title":{"rendered":"GX24 Kontaktor f\u00f6r st\u00e5ende montering"},"content":{"rendered":"<p>GX24 \u00e4r en revolutionerande industriell kontaktor fr\u00e5n Gigavac baserad p\u00e5 EPIC\u2122-teknologi (Extended Performance Impervious Ceramics). <\/p>\n<p>Hanterar sp\u00e4nningar fr\u00e5n 12V till 800V b\u00e5de AC och DC och str\u00f6mmar upp till 2000A.<\/p>\n<p>Kontaktorhuset t\u00e5l 150\u00b0C utan att deformeras eller missf\u00e4rgas. Den anv\u00e4nder samma teknik som hittills bara varit tillg\u00e4nglig i dyrare produkter f\u00f6r flygindustrin. GX24 \u00e4r hermetiskt t\u00e4tad och uppfyller kraven f\u00f6r UL1604 klass I, II och III f\u00f6r anv\u00e4ndning i farliga milj\u00f6er. <\/p>\n<p>Kontaktorn \u00e4r utrustad med IP67 f\u00f6r tillf\u00e4llig neds\u00e4nkning i vatten i 30 minuter, SAE J1171 f\u00f6r externt gnistskydd och ISO8846 f\u00f6r skydd mot gnistor i explosiva gaser. <\/p>\n<p>GX24 har inbyggt filter och alla monteringsdetaljer \u00e4r gjorda av rostfritt st\u00e5l f\u00f6r att s\u00e4kerst\u00e4lla flera \u00e5rs drift utan korrosion, oavsett milj\u00f6.<\/p>\n","protected":false},"excerpt":{"rendered":"<p>GX24 \u00e4r en revolutionerande industriell kontaktor fr\u00e5n Gigavac baserad p\u00e5 EPIC\u2122-teknologi (Extended Performance Impervious Ceramics). Hanterar sp\u00e4nningar fr\u00e5n 12V till 800V b\u00e5de AC och DC och str\u00f6mmar upp till 2000A. Kontaktorhuset t\u00e5l 150\u00b0C utan att deformeras eller missf\u00e4rgas. Den anv\u00e4nder samma teknik som hittills bara varit tillg\u00e4nglig i dyrare produkter f\u00f6r flygindustrin. GX24 \u00e4r hermetiskt&#8230;<\/p>\n","protected":false},"featured_media":8019340,"comment_status":"closed","ping_status":"closed","template":"","meta":{"_kad_post_transparent":"default","_kad_post_title":"","_kad_post_layout":"default","_kad_post_sidebar_id":"","_kad_post_content_style":"default","_kad_post_vertical_padding":"default","_kad_post_feature":"","_kad_post_feature_position":"","_kad_post_header":false,"_kad_post_footer":false,"_kad_post_classname":""},"product_brand":[920],"product_cat":[9064,10630,10656,10759],"product_tag":[],"product_facet":[10773],"class_list":{"0":"post-1010068","1":"product","2":"type-product","3":"status-publish","4":"has-post-thumbnail","6":"product_brand-gigavac","7":"product_cat-12-1000-vdc","8":"product_cat-components","9":"product_cat-power-contactors","10":"product_cat-products","11":"product_facet-facet-components","13":"first","14":"instock","15":"downloadable","16":"shipping-taxable","17":"product-type-simple","18":"entry","19":"content-bg","20":"loop-entry"},"_links":{"self":[{"href":"https:\/\/scn.eu\/sv\/wp-json\/wp\/v2\/product\/1010068","targetHints":{"allow":["GET"]}}],"collection":[{"href":"https:\/\/scn.eu\/sv\/wp-json\/wp\/v2\/product"}],"about":[{"href":"https:\/\/scn.eu\/sv\/wp-json\/wp\/v2\/types\/product"}],"replies":[{"embeddable":true,"href":"https:\/\/scn.eu\/sv\/wp-json\/wp\/v2\/comments?post=1010068"}],"version-history":[{"count":1,"href":"https:\/\/scn.eu\/sv\/wp-json\/wp\/v2\/product\/1010068\/revisions"}],"predecessor-version":[{"id":8019342,"href":"https:\/\/scn.eu\/sv\/wp-json\/wp\/v2\/product\/1010068\/revisions\/8019342"}],"wp:featuredmedia":[{"embeddable":true,"href":"https:\/\/scn.eu\/sv\/wp-json\/wp\/v2\/media\/8019340"}],"wp:attachment":[{"href":"https:\/\/scn.eu\/sv\/wp-json\/wp\/v2\/media?parent=1010068"}],"wp:term":[{"taxonomy":"product_brand","embeddable":true,"href":"https:\/\/scn.eu\/sv\/wp-json\/wp\/v2\/product_brand?post=1010068"},{"taxonomy":"product_cat","embeddable":true,"href":"https:\/\/scn.eu\/sv\/wp-json\/wp\/v2\/product_cat?post=1010068"},{"taxonomy":"product_tag","embeddable":true,"href":"https:\/\/scn.eu\/sv\/wp-json\/wp\/v2\/product_tag?post=1010068"},{"taxonomy":"product_facet","embeddable":true,"href":"https:\/\/scn.eu\/sv\/wp-json\/wp\/v2\/product_facet?post=1010068"}],"curies":[{"name":"wp","href":"https:\/\/api.w.org\/{rel}","templated":true}]}}