{"id":1010061,"date":"2025-01-01T00:00:00","date_gmt":"2025-01-01T00:00:00","guid":{"rendered":"http:\/\/&#038;p=1010061"},"modified":"2026-03-20T01:03:38","modified_gmt":"2026-03-20T01:03:38","slug":"gx23-sv","status":"publish","type":"product","link":"https:\/\/scn.eu\/sv\/produkt\/gx23-sv\/","title":{"rendered":"GX23 Kontaktor f\u00f6r st\u00e5ende montering"},"content":{"rendered":"<p>GX23-kontaktorn fr\u00e5n Gigavac<\/p>\n<p>Robust EPIC\u00ae-keramik-till-metall-t\u00e4tning klassad till 175\u00b0C &#8211; Minskad risk f\u00f6r brand eller deformering under \u00f6verstr\u00f6mf\u00f6rh\u00e5llanden j\u00e4mf\u00f6rt med andra modeller med den mindre h\u00e5llbara epoxit\u00e4tningen.<\/p>\n<p>EPIC\u00ae Hermetic Seal &#8211; GX23 \u00e4r utformad f\u00f6r att m\u00f6ta UL1604 f\u00f6r klass I &#038; II, Div 2 och Class III f\u00f6r anv\u00e4ndning i skyddade zoner, IP67 f\u00f6r tillf\u00e4llig neds\u00e4nkning av vatten i 30 minuter, SAE J1171 &#8211; externt t\u00e4ndskydd och ISO8846 f\u00f6r skydd mot ant\u00e4ndning runt brandfarliga gaser.<\/p>\n<p>Dubbla man\u00f6verspolar med h\u00f6g effektivitet &#8211; till skillnad fr\u00e5n PWM-reglering som kan orsaka st\u00f6rningar i ditt system eller<br \/>\ngenerera brus, Gigavac GX200 anv\u00e4nder ist\u00e4llet tv\u00e5 spolar. Efter att kontaktorn \u00e4r aktiverad s\u00e5 bryts matningen till en av spolarna vilket m\u00f6jligg\u00f6r den kvarvarande spolen att h\u00e5lla kontaktorn dragen med l\u00e5g f\u00f6rbrukning.<\/p>\n<p>Ingen exponerad elektronik f\u00f6r man\u00f6vrering av spolen &#8211; Gigavac GX200 kan fungera n\u00e4stan var som helst, \u00e4ven under vatten &#8211; till skillnad fr\u00e5n andra tillverkares som ist\u00e4llet anv\u00e4nder exponerad PWM-elektronik som kan haverera i sv\u00e5ra milj\u00f6er.<\/p>\n<p>Inbyggt kortslutningsskydd med integrerat skyddslock &#8211; GX23 ger extra s\u00e4kerhet f\u00f6r en s\u00e4krare anslutning utan anv\u00e4ndning av f\u00e4stskruvar. Locket kan ocks\u00e5 enkelt tas bort permanent i applikationer d\u00e4r det inte beh\u00f6vs.<\/p>\n<p>Fullst\u00e4ndig \u00f6verensst\u00e4mmelse med RoHS &#8211; GX200 \u00e4r helt kompatibel och \u00e4r b\u00e4ttre f\u00f6r milj\u00f6n och framtida generationer.<\/p>\n<p>Inbyggt filter &#8211; GX23 sparar er teknikers tid och delar f\u00f6r att ta fram en egen l\u00f6sning.<\/p>\n<p>Tydliga och exakta specifikationer &#8211; Ingen gissning f\u00f6r er att se om Gigavac GX200 kontaktorn fungerar i er applikation.<\/p>\n","protected":false},"excerpt":{"rendered":"<p>GX23-kontaktorn fr\u00e5n Gigavac Robust EPIC\u00ae-keramik-till-metall-t\u00e4tning klassad till 175\u00b0C &#8211; Minskad risk f\u00f6r brand eller deformering under \u00f6verstr\u00f6mf\u00f6rh\u00e5llanden j\u00e4mf\u00f6rt med andra modeller med den mindre h\u00e5llbara epoxit\u00e4tningen. EPIC\u00ae Hermetic Seal &#8211; GX23 \u00e4r utformad f\u00f6r att m\u00f6ta UL1604 f\u00f6r klass I &#038; II, Div 2 och Class III f\u00f6r anv\u00e4ndning i skyddade zoner, IP67 f\u00f6r tillf\u00e4llig&#8230;<\/p>\n","protected":false},"featured_media":8019318,"comment_status":"closed","ping_status":"closed","template":"","meta":{"_kad_post_transparent":"default","_kad_post_title":"","_kad_post_layout":"default","_kad_post_sidebar_id":"","_kad_post_content_style":"default","_kad_post_vertical_padding":"default","_kad_post_feature":"","_kad_post_feature_position":"","_kad_post_header":false,"_kad_post_footer":false,"_kad_post_classname":""},"product_brand":[920],"product_cat":[9064,10630,10656,10759],"product_tag":[],"product_facet":[10773],"class_list":{"0":"post-1010061","1":"product","2":"type-product","3":"status-publish","4":"has-post-thumbnail","6":"product_brand-gigavac","7":"product_cat-12-1000-vdc","8":"product_cat-components","9":"product_cat-power-contactors","10":"product_cat-products","11":"product_facet-facet-components","13":"first","14":"instock","15":"downloadable","16":"shipping-taxable","17":"product-type-simple","18":"entry","19":"content-bg","20":"loop-entry"},"_links":{"self":[{"href":"https:\/\/scn.eu\/sv\/wp-json\/wp\/v2\/product\/1010061","targetHints":{"allow":["GET"]}}],"collection":[{"href":"https:\/\/scn.eu\/sv\/wp-json\/wp\/v2\/product"}],"about":[{"href":"https:\/\/scn.eu\/sv\/wp-json\/wp\/v2\/types\/product"}],"replies":[{"embeddable":true,"href":"https:\/\/scn.eu\/sv\/wp-json\/wp\/v2\/comments?post=1010061"}],"version-history":[{"count":1,"href":"https:\/\/scn.eu\/sv\/wp-json\/wp\/v2\/product\/1010061\/revisions"}],"predecessor-version":[{"id":8019320,"href":"https:\/\/scn.eu\/sv\/wp-json\/wp\/v2\/product\/1010061\/revisions\/8019320"}],"wp:featuredmedia":[{"embeddable":true,"href":"https:\/\/scn.eu\/sv\/wp-json\/wp\/v2\/media\/8019318"}],"wp:attachment":[{"href":"https:\/\/scn.eu\/sv\/wp-json\/wp\/v2\/media?parent=1010061"}],"wp:term":[{"taxonomy":"product_brand","embeddable":true,"href":"https:\/\/scn.eu\/sv\/wp-json\/wp\/v2\/product_brand?post=1010061"},{"taxonomy":"product_cat","embeddable":true,"href":"https:\/\/scn.eu\/sv\/wp-json\/wp\/v2\/product_cat?post=1010061"},{"taxonomy":"product_tag","embeddable":true,"href":"https:\/\/scn.eu\/sv\/wp-json\/wp\/v2\/product_tag?post=1010061"},{"taxonomy":"product_facet","embeddable":true,"href":"https:\/\/scn.eu\/sv\/wp-json\/wp\/v2\/product_facet?post=1010061"}],"curies":[{"name":"wp","href":"https:\/\/api.w.org\/{rel}","templated":true}]}}