{"id":1009998,"date":"2025-01-01T00:00:00","date_gmt":"2025-01-01T00:00:00","guid":{"rendered":"http:\/\/&#038;p=1009998"},"modified":"2026-03-20T01:02:56","modified_gmt":"2026-03-20T01:02:56","slug":"gvl-sv","status":"publish","type":"product","link":"https:\/\/scn.eu\/sv\/produkt\/gvl-sv\/","title":{"rendered":"GVL140  Kontaktor \/ 12-100VDC"},"content":{"rendered":"<p>GVL \u00e4r en bistabil DC-kontaktor fr\u00e5n Gigavac. <\/p>\n<p>Den hermetiskt t\u00e4ta kammaren s\u00e4kerst\u00e4ller att spole, kontakter och elektronik \u00e4r helt skyddade fr\u00e5n alla yttre milj\u00f6faktorer.<\/p>\n<p>Kontakterna h\u00e5lls magnetiskt och helt utan h\u00e5llsp\u00e4nning till man\u00f6verspolen, f\u00f6rbrukar d\u00e4rf\u00f6r ingen str\u00f6m alls, f\u00f6rutom d\u00e5 kontaktv\u00e4xling sker. <\/p>\n<p>Hela kontaktorn \u00e4r hermetiskt t\u00e4t och uppfyller kraven f\u00f6r UL1604 klass I, II och III f\u00f6r anv\u00e4ndning i farliga milj\u00f6er. IP67 g\u00f6r det m\u00f6jligt att tillf\u00e4lligtvis s\u00e4nka GVL i vatten i minst 30 minuter. Den har ocks\u00e5 SAE J1171 f\u00f6r externt gnistskydd och ISO8846 f\u00f6r skydd mot gnistor i explosiva gaser. <\/p>\n<p>Kontaktorn har monteringsdetaljer gjorda i rostfritt st\u00e5l. Detta garanterar m\u00e5nga \u00e5rs drift utan korrosion, oavsett milj\u00f6.<\/p>\n","protected":false},"excerpt":{"rendered":"<p>GVL \u00e4r en bistabil DC-kontaktor fr\u00e5n Gigavac. Den hermetiskt t\u00e4ta kammaren s\u00e4kerst\u00e4ller att spole, kontakter och elektronik \u00e4r helt skyddade fr\u00e5n alla yttre milj\u00f6faktorer. Kontakterna h\u00e5lls magnetiskt och helt utan h\u00e5llsp\u00e4nning till man\u00f6verspolen, f\u00f6rbrukar d\u00e4rf\u00f6r ingen str\u00f6m alls, f\u00f6rutom d\u00e5 kontaktv\u00e4xling sker. Hela kontaktorn \u00e4r hermetiskt t\u00e4t och uppfyller kraven f\u00f6r UL1604 klass I, II&#8230;<\/p>\n","protected":false},"featured_media":8019127,"comment_status":"closed","ping_status":"closed","template":"","meta":{"_kad_post_transparent":"default","_kad_post_title":"","_kad_post_layout":"default","_kad_post_sidebar_id":"","_kad_post_content_style":"default","_kad_post_vertical_padding":"default","_kad_post_feature":"","_kad_post_feature_position":"","_kad_post_header":false,"_kad_post_footer":false,"_kad_post_classname":""},"product_brand":[920],"product_cat":[9037,10630,10656,10759],"product_tag":[],"product_facet":[10773],"class_list":{"0":"post-1009998","1":"product","2":"type-product","3":"status-publish","4":"has-post-thumbnail","6":"product_brand-gigavac","7":"product_cat-12100vdc-10080090010001500vdc","8":"product_cat-components","9":"product_cat-power-contactors","10":"product_cat-products","11":"product_facet-facet-components","13":"first","14":"instock","15":"downloadable","16":"shipping-taxable","17":"product-type-simple","18":"entry","19":"content-bg","20":"loop-entry"},"_links":{"self":[{"href":"https:\/\/scn.eu\/sv\/wp-json\/wp\/v2\/product\/1009998","targetHints":{"allow":["GET"]}}],"collection":[{"href":"https:\/\/scn.eu\/sv\/wp-json\/wp\/v2\/product"}],"about":[{"href":"https:\/\/scn.eu\/sv\/wp-json\/wp\/v2\/types\/product"}],"replies":[{"embeddable":true,"href":"https:\/\/scn.eu\/sv\/wp-json\/wp\/v2\/comments?post=1009998"}],"version-history":[{"count":1,"href":"https:\/\/scn.eu\/sv\/wp-json\/wp\/v2\/product\/1009998\/revisions"}],"predecessor-version":[{"id":8019129,"href":"https:\/\/scn.eu\/sv\/wp-json\/wp\/v2\/product\/1009998\/revisions\/8019129"}],"wp:featuredmedia":[{"embeddable":true,"href":"https:\/\/scn.eu\/sv\/wp-json\/wp\/v2\/media\/8019127"}],"wp:attachment":[{"href":"https:\/\/scn.eu\/sv\/wp-json\/wp\/v2\/media?parent=1009998"}],"wp:term":[{"taxonomy":"product_brand","embeddable":true,"href":"https:\/\/scn.eu\/sv\/wp-json\/wp\/v2\/product_brand?post=1009998"},{"taxonomy":"product_cat","embeddable":true,"href":"https:\/\/scn.eu\/sv\/wp-json\/wp\/v2\/product_cat?post=1009998"},{"taxonomy":"product_tag","embeddable":true,"href":"https:\/\/scn.eu\/sv\/wp-json\/wp\/v2\/product_tag?post=1009998"},{"taxonomy":"product_facet","embeddable":true,"href":"https:\/\/scn.eu\/sv\/wp-json\/wp\/v2\/product_facet?post=1009998"}],"curies":[{"name":"wp","href":"https:\/\/api.w.org\/{rel}","templated":true}]}}