{"id":1009984,"date":"2025-01-01T00:00:00","date_gmt":"2025-01-01T00:00:00","guid":{"rendered":"http:\/\/&#038;p=1009984"},"modified":"2026-03-20T01:02:48","modified_gmt":"2026-03-20T01:02:48","slug":"gv3501-sv","status":"publish","type":"product","link":"https:\/\/scn.eu\/sv\/produkt\/gv3501-sv\/","title":{"rendered":"GV350 PWM-reglerad kontaktor f\u00f6r kretskortsmontering"},"content":{"rendered":"<p>Helt nya GV350 \u00e4r en mycket kompakt kontaktor f\u00f6r str\u00f6mmar upp till 500A och max 1000VDC.<\/p>\n<p>GV350 \u00f6vertr\u00e4ffar IP67 och IP69K milj\u00f6krav, liksom saltdimma enligt MIL-STD-810.<\/p>\n<p>GV350 \u00e4r l\u00e4tt och kompakt (ungef\u00e4r 76x81mm) och hermetiskt t\u00e4t och gasfylld, vilket inneb\u00e4r att den s\u00e4kert kan anv\u00e4ndas i n\u00e4stan alla kr\u00e4vande milj\u00f6er. Temperaturer fr\u00e5n -55\u00b0C till +85\u00b0C och upp till +125\u00b0C i speciella fall, kontakta oss f\u00f6r mer information. <\/p>\n<p>GV350 finns f\u00f6r nuvarande i tv\u00e5 versioner; uppr\u00e4tt eller sidof\u00e4st. Kontaktorspolen ska drivas med extern pulsbreddsmodulering (PWM), kontakta oss f\u00f6r mer information.<\/p>\n<p>Som tillval kan du v\u00e4lja med aux-kontakter som alltid f\u00f6ljer kontaktorns position f\u00f6r s\u00e4ker extra \u00f6vervakning.<\/p>\n","protected":false},"excerpt":{"rendered":"<p>Helt nya GV350 \u00e4r en mycket kompakt kontaktor f\u00f6r str\u00f6mmar upp till 500A och max 1000VDC. GV350 \u00f6vertr\u00e4ffar IP67 och IP69K milj\u00f6krav, liksom saltdimma enligt MIL-STD-810. GV350 \u00e4r l\u00e4tt och kompakt (ungef\u00e4r 76x81mm) och hermetiskt t\u00e4t och gasfylld, vilket inneb\u00e4r att den s\u00e4kert kan anv\u00e4ndas i n\u00e4stan alla kr\u00e4vande milj\u00f6er. Temperaturer fr\u00e5n -55\u00b0C till +85\u00b0C&#8230;<\/p>\n","protected":false},"featured_media":8019083,"comment_status":"closed","ping_status":"closed","template":"","meta":{"_kad_post_transparent":"default","_kad_post_title":"","_kad_post_layout":"default","_kad_post_sidebar_id":"","_kad_post_content_style":"default","_kad_post_vertical_padding":"default","_kad_post_feature":"","_kad_post_feature_position":"","_kad_post_header":false,"_kad_post_footer":false,"_kad_post_classname":""},"product_brand":[920],"product_cat":[10630,9067,10656,10759],"product_tag":[],"product_facet":[10773],"class_list":{"0":"post-1009984","1":"product","2":"type-product","3":"status-publish","4":"has-post-thumbnail","6":"product_brand-gigavac","7":"product_cat-components","8":"product_cat-pcb-mount","9":"product_cat-power-contactors","10":"product_cat-products","11":"product_facet-facet-components","13":"first","14":"instock","15":"downloadable","16":"shipping-taxable","17":"product-type-simple","18":"entry","19":"content-bg","20":"loop-entry"},"_links":{"self":[{"href":"https:\/\/scn.eu\/sv\/wp-json\/wp\/v2\/product\/1009984","targetHints":{"allow":["GET"]}}],"collection":[{"href":"https:\/\/scn.eu\/sv\/wp-json\/wp\/v2\/product"}],"about":[{"href":"https:\/\/scn.eu\/sv\/wp-json\/wp\/v2\/types\/product"}],"replies":[{"embeddable":true,"href":"https:\/\/scn.eu\/sv\/wp-json\/wp\/v2\/comments?post=1009984"}],"version-history":[{"count":1,"href":"https:\/\/scn.eu\/sv\/wp-json\/wp\/v2\/product\/1009984\/revisions"}],"predecessor-version":[{"id":8019085,"href":"https:\/\/scn.eu\/sv\/wp-json\/wp\/v2\/product\/1009984\/revisions\/8019085"}],"wp:featuredmedia":[{"embeddable":true,"href":"https:\/\/scn.eu\/sv\/wp-json\/wp\/v2\/media\/8019083"}],"wp:attachment":[{"href":"https:\/\/scn.eu\/sv\/wp-json\/wp\/v2\/media?parent=1009984"}],"wp:term":[{"taxonomy":"product_brand","embeddable":true,"href":"https:\/\/scn.eu\/sv\/wp-json\/wp\/v2\/product_brand?post=1009984"},{"taxonomy":"product_cat","embeddable":true,"href":"https:\/\/scn.eu\/sv\/wp-json\/wp\/v2\/product_cat?post=1009984"},{"taxonomy":"product_tag","embeddable":true,"href":"https:\/\/scn.eu\/sv\/wp-json\/wp\/v2\/product_tag?post=1009984"},{"taxonomy":"product_facet","embeddable":true,"href":"https:\/\/scn.eu\/sv\/wp-json\/wp\/v2\/product_facet?post=1009984"}],"curies":[{"name":"wp","href":"https:\/\/api.w.org\/{rel}","templated":true}]}}