{"id":1009977,"date":"2025-01-01T00:00:00","date_gmt":"2025-01-01T00:00:00","guid":{"rendered":"http:\/\/&#038;p=1009977"},"modified":"2026-03-20T01:02:43","modified_gmt":"2026-03-20T01:02:43","slug":"gv350-sv","status":"publish","type":"product","link":"https:\/\/scn.eu\/sv\/produkt\/gv350-sv\/","title":{"rendered":"GV350 Kontaktor \/ PWM \/ 500A 1000VDC"},"content":{"rendered":"<p>GV350 \u00e4r en mycket kompakt kontaktor f\u00f6r str\u00f6mmar upp till 500 A och max 1000VDC.<\/p>\n<p>GV350 \u00f6vertr\u00e4ffar IP67 och IP69K milj\u00f6krav, liksom saltdimma enligt MIL-STD-810.<\/p>\n<p>GV350 \u00e4r l\u00e4tt och kompakt (ungef\u00e4r 76x81mm), hermetiskt t\u00e4t och gasfylld, vilket inneb\u00e4r att den s\u00e4kert kan anv\u00e4ndas i n\u00e4stan alla kr\u00e4vande milj\u00f6er. Temperaturer fr\u00e5n -55\u00b0C till +85\u00b0C och upp till +125\u00b0C i speciella fall, kontakta oss f\u00f6r mer information. <\/p>\n<p>GV350 finns i tv\u00e5 versioner, f\u00f6r botten- eller sidomontage. Kontaktorspole ska drivas med extern PWM-reglering, kontakta oss f\u00f6r mer information.<\/p>\n<p>Som tillval kan du v\u00e4lja med aux-kontakter som alltid f\u00f6ljer kontaktorns position f\u00f6r s\u00e4ker extra \u00f6vervakning.<\/p>\n<p>Kontaktorns man\u00f6verspole, och om extern kontakt valt \u00e4ven den, ansluts med kontaktdon 1981 eller 2051.<br \/>\nBest\u00e4lls separat och mer information finns h\u00e4r https:\/\/scn.se\/komponenter\/power-contactors\/accessories<\/p>\n","protected":false},"excerpt":{"rendered":"<p>GV350 \u00e4r en mycket kompakt kontaktor f\u00f6r str\u00f6mmar upp till 500 A och max 1000VDC. GV350 \u00f6vertr\u00e4ffar IP67 och IP69K milj\u00f6krav, liksom saltdimma enligt MIL-STD-810. GV350 \u00e4r l\u00e4tt och kompakt (ungef\u00e4r 76x81mm), hermetiskt t\u00e4t och gasfylld, vilket inneb\u00e4r att den s\u00e4kert kan anv\u00e4ndas i n\u00e4stan alla kr\u00e4vande milj\u00f6er. Temperaturer fr\u00e5n -55\u00b0C till +85\u00b0C och upp&#8230;<\/p>\n","protected":false},"featured_media":8019061,"comment_status":"closed","ping_status":"closed","template":"","meta":{"_kad_post_transparent":"default","_kad_post_title":"","_kad_post_layout":"default","_kad_post_sidebar_id":"","_kad_post_content_style":"default","_kad_post_vertical_padding":"default","_kad_post_feature":"","_kad_post_feature_position":"","_kad_post_header":false,"_kad_post_footer":false,"_kad_post_classname":""},"product_brand":[920],"product_cat":[9037,10630,10656,10759],"product_tag":[],"product_facet":[10773],"class_list":{"0":"post-1009977","1":"product","2":"type-product","3":"status-publish","4":"has-post-thumbnail","6":"product_brand-gigavac","7":"product_cat-12100vdc-10080090010001500vdc","8":"product_cat-components","9":"product_cat-power-contactors","10":"product_cat-products","11":"product_facet-facet-components","13":"first","14":"instock","15":"downloadable","16":"shipping-taxable","17":"product-type-simple","18":"entry","19":"content-bg","20":"loop-entry"},"_links":{"self":[{"href":"https:\/\/scn.eu\/sv\/wp-json\/wp\/v2\/product\/1009977","targetHints":{"allow":["GET"]}}],"collection":[{"href":"https:\/\/scn.eu\/sv\/wp-json\/wp\/v2\/product"}],"about":[{"href":"https:\/\/scn.eu\/sv\/wp-json\/wp\/v2\/types\/product"}],"replies":[{"embeddable":true,"href":"https:\/\/scn.eu\/sv\/wp-json\/wp\/v2\/comments?post=1009977"}],"version-history":[{"count":1,"href":"https:\/\/scn.eu\/sv\/wp-json\/wp\/v2\/product\/1009977\/revisions"}],"predecessor-version":[{"id":8019063,"href":"https:\/\/scn.eu\/sv\/wp-json\/wp\/v2\/product\/1009977\/revisions\/8019063"}],"wp:featuredmedia":[{"embeddable":true,"href":"https:\/\/scn.eu\/sv\/wp-json\/wp\/v2\/media\/8019061"}],"wp:attachment":[{"href":"https:\/\/scn.eu\/sv\/wp-json\/wp\/v2\/media?parent=1009977"}],"wp:term":[{"taxonomy":"product_brand","embeddable":true,"href":"https:\/\/scn.eu\/sv\/wp-json\/wp\/v2\/product_brand?post=1009977"},{"taxonomy":"product_cat","embeddable":true,"href":"https:\/\/scn.eu\/sv\/wp-json\/wp\/v2\/product_cat?post=1009977"},{"taxonomy":"product_tag","embeddable":true,"href":"https:\/\/scn.eu\/sv\/wp-json\/wp\/v2\/product_tag?post=1009977"},{"taxonomy":"product_facet","embeddable":true,"href":"https:\/\/scn.eu\/sv\/wp-json\/wp\/v2\/product_facet?post=1009977"}],"curies":[{"name":"wp","href":"https:\/\/api.w.org\/{rel}","templated":true}]}}