{"id":1009970,"date":"2025-01-01T00:00:00","date_gmt":"2025-01-01T00:00:00","guid":{"rendered":"http:\/\/&#038;p=1009970"},"modified":"2026-03-20T01:02:39","modified_gmt":"2026-03-20T01:02:39","slug":"gv250-sv","status":"publish","type":"product","link":"https:\/\/scn.eu\/sv\/produkt\/gv250-sv\/","title":{"rendered":"GV250  Kontaktor \/ 1000VDC"},"content":{"rendered":"<p>GV250 \u00e4r en mycket kompakt likstr\u00f6mskontaktor f\u00f6r str\u00f6mmar upp till 250A och 1000VDC.<\/p>\n<p>GV250 \u00f6vertr\u00e4ffar IP67 och IP69K milj\u00f6krav, klarar dessutom saltdimma enligt MIL-STD-810.<\/p>\n<p>GV250 \u00e4r l\u00e4tt och kompakt (ungef\u00e4r 76x81mm) och hermetiskt t\u00e4tad och gasfylld, vilket inneb\u00e4r att den s\u00e4kert kan anv\u00e4ndas i n\u00e4stan alla tuffa milj\u00f6er. <\/p>\n<p>Temperaturer fr\u00e5n -55\u00b0C till +85\u00b0C och upp till +125\u00b0C i speciella fall, kontakta oss f\u00f6r mer information. <\/p>\n<p>GV250 finns i tv\u00e5 versioner; bottenf\u00e4ste eller sidof\u00e4ste. Kontaktorspole 12 eller 24VDC.<\/p>\n<p>Som tillval kan du v\u00e4lja normalt \u00f6ppen aux-kontakt som alltid f\u00f6ljer kontaktorns position f\u00f6r s\u00e4ker extra \u00f6vervakning.<\/p>\n<p>Kontaktorns man\u00f6verspole, och om extern kontakt valt \u00e4ven den, ansluts med kontaktdon 1981 eller 2051.<br \/>\nBest\u00e4lls separat och mer information finns h\u00e4r https:\/\/scn.se\/komponenter\/power-contactors\/accessories<\/p>\n","protected":false},"excerpt":{"rendered":"<p>GV250 \u00e4r en mycket kompakt likstr\u00f6mskontaktor f\u00f6r str\u00f6mmar upp till 250A och 1000VDC. GV250 \u00f6vertr\u00e4ffar IP67 och IP69K milj\u00f6krav, klarar dessutom saltdimma enligt MIL-STD-810. GV250 \u00e4r l\u00e4tt och kompakt (ungef\u00e4r 76x81mm) och hermetiskt t\u00e4tad och gasfylld, vilket inneb\u00e4r att den s\u00e4kert kan anv\u00e4ndas i n\u00e4stan alla tuffa milj\u00f6er. Temperaturer fr\u00e5n -55\u00b0C till +85\u00b0C och upp&#8230;<\/p>\n","protected":false},"featured_media":8019039,"comment_status":"closed","ping_status":"closed","template":"","meta":{"_kad_post_transparent":"default","_kad_post_title":"","_kad_post_layout":"default","_kad_post_sidebar_id":"","_kad_post_content_style":"default","_kad_post_vertical_padding":"default","_kad_post_feature":"","_kad_post_feature_position":"","_kad_post_header":false,"_kad_post_footer":false,"_kad_post_classname":""},"product_brand":[920],"product_cat":[9037,10630,10656,10759],"product_tag":[],"product_facet":[10773],"class_list":{"0":"post-1009970","1":"product","2":"type-product","3":"status-publish","4":"has-post-thumbnail","6":"product_brand-gigavac","7":"product_cat-12100vdc-10080090010001500vdc","8":"product_cat-components","9":"product_cat-power-contactors","10":"product_cat-products","11":"product_facet-facet-components","13":"first","14":"instock","15":"downloadable","16":"shipping-taxable","17":"product-type-simple","18":"entry","19":"content-bg","20":"loop-entry"},"_links":{"self":[{"href":"https:\/\/scn.eu\/sv\/wp-json\/wp\/v2\/product\/1009970","targetHints":{"allow":["GET"]}}],"collection":[{"href":"https:\/\/scn.eu\/sv\/wp-json\/wp\/v2\/product"}],"about":[{"href":"https:\/\/scn.eu\/sv\/wp-json\/wp\/v2\/types\/product"}],"replies":[{"embeddable":true,"href":"https:\/\/scn.eu\/sv\/wp-json\/wp\/v2\/comments?post=1009970"}],"version-history":[{"count":1,"href":"https:\/\/scn.eu\/sv\/wp-json\/wp\/v2\/product\/1009970\/revisions"}],"predecessor-version":[{"id":8019041,"href":"https:\/\/scn.eu\/sv\/wp-json\/wp\/v2\/product\/1009970\/revisions\/8019041"}],"wp:featuredmedia":[{"embeddable":true,"href":"https:\/\/scn.eu\/sv\/wp-json\/wp\/v2\/media\/8019039"}],"wp:attachment":[{"href":"https:\/\/scn.eu\/sv\/wp-json\/wp\/v2\/media?parent=1009970"}],"wp:term":[{"taxonomy":"product_brand","embeddable":true,"href":"https:\/\/scn.eu\/sv\/wp-json\/wp\/v2\/product_brand?post=1009970"},{"taxonomy":"product_cat","embeddable":true,"href":"https:\/\/scn.eu\/sv\/wp-json\/wp\/v2\/product_cat?post=1009970"},{"taxonomy":"product_tag","embeddable":true,"href":"https:\/\/scn.eu\/sv\/wp-json\/wp\/v2\/product_tag?post=1009970"},{"taxonomy":"product_facet","embeddable":true,"href":"https:\/\/scn.eu\/sv\/wp-json\/wp\/v2\/product_facet?post=1009970"}],"curies":[{"name":"wp","href":"https:\/\/api.w.org\/{rel}","templated":true}]}}