{"id":1009949,"date":"2025-01-01T00:00:00","date_gmt":"2025-01-01T00:00:00","guid":{"rendered":"http:\/\/&#038;p=1009949"},"modified":"2026-03-20T01:02:24","modified_gmt":"2026-03-20T01:02:24","slug":"gv220-sv","status":"publish","type":"product","link":"https:\/\/scn.eu\/sv\/produkt\/gv220-sv\/","title":{"rendered":"GV220  Kontaktor \/ 100-800VDC"},"content":{"rendered":"<p>Hermetiskt t\u00e4t och designad f\u00f6r att m\u00f6ta UL1604 f\u00f6r klass I &#038; II, Div 2 och klass III f\u00f6r anv\u00e4ndning p\u00e5 farliga platser. IP67 f\u00f6r tillf\u00e4llig neds\u00e4nkning av vatten i 30 minuter. SAE J1171 f\u00f6r skydd mot extern t\u00e4ndning och ISO8846 f\u00f6r skydd mot ant\u00e4ndning kring brandfarliga gaser.<\/p>\n<p>Inbyggt filter f\u00f6r alla DC-spolar &#8211; Sparar tekniktid och delar f\u00f6r att ist\u00e4llet l\u00e4gga till externt filter. <\/p>\n<p>Anslutningar i rostfritt st\u00e5l och insatser i m\u00e4ssing f\u00f6r m\u00e5nga \u00e5rs korrosionsfri drift. <\/p>\n<p>Ej positionsk\u00e4nslig &#8211; kan monteras i valfri position f\u00f6r enkel installation.<\/p>\n","protected":false},"excerpt":{"rendered":"<p>Hermetiskt t\u00e4t och designad f\u00f6r att m\u00f6ta UL1604 f\u00f6r klass I &#038; II, Div 2 och klass III f\u00f6r anv\u00e4ndning p\u00e5 farliga platser. IP67 f\u00f6r tillf\u00e4llig neds\u00e4nkning av vatten i 30 minuter. SAE J1171 f\u00f6r skydd mot extern t\u00e4ndning och ISO8846 f\u00f6r skydd mot ant\u00e4ndning kring brandfarliga gaser. Inbyggt filter f\u00f6r alla DC-spolar &#8211; Sparar&#8230;<\/p>\n","protected":false},"featured_media":8018973,"comment_status":"closed","ping_status":"closed","template":"","meta":{"_kad_post_transparent":"default","_kad_post_title":"","_kad_post_layout":"default","_kad_post_sidebar_id":"","_kad_post_content_style":"default","_kad_post_vertical_padding":"default","_kad_post_feature":"","_kad_post_feature_position":"","_kad_post_header":false,"_kad_post_footer":false,"_kad_post_classname":""},"product_brand":[920],"product_cat":[9037,10630,10656,10759],"product_tag":[],"product_facet":[10773],"class_list":{"0":"post-1009949","1":"product","2":"type-product","3":"status-publish","4":"has-post-thumbnail","6":"product_brand-gigavac","7":"product_cat-12100vdc-10080090010001500vdc","8":"product_cat-components","9":"product_cat-power-contactors","10":"product_cat-products","11":"product_facet-facet-components","13":"first","14":"instock","15":"downloadable","16":"shipping-taxable","17":"product-type-simple","18":"entry","19":"content-bg","20":"loop-entry"},"_links":{"self":[{"href":"https:\/\/scn.eu\/sv\/wp-json\/wp\/v2\/product\/1009949","targetHints":{"allow":["GET"]}}],"collection":[{"href":"https:\/\/scn.eu\/sv\/wp-json\/wp\/v2\/product"}],"about":[{"href":"https:\/\/scn.eu\/sv\/wp-json\/wp\/v2\/types\/product"}],"replies":[{"embeddable":true,"href":"https:\/\/scn.eu\/sv\/wp-json\/wp\/v2\/comments?post=1009949"}],"version-history":[{"count":1,"href":"https:\/\/scn.eu\/sv\/wp-json\/wp\/v2\/product\/1009949\/revisions"}],"predecessor-version":[{"id":8018975,"href":"https:\/\/scn.eu\/sv\/wp-json\/wp\/v2\/product\/1009949\/revisions\/8018975"}],"wp:featuredmedia":[{"embeddable":true,"href":"https:\/\/scn.eu\/sv\/wp-json\/wp\/v2\/media\/8018973"}],"wp:attachment":[{"href":"https:\/\/scn.eu\/sv\/wp-json\/wp\/v2\/media?parent=1009949"}],"wp:term":[{"taxonomy":"product_brand","embeddable":true,"href":"https:\/\/scn.eu\/sv\/wp-json\/wp\/v2\/product_brand?post=1009949"},{"taxonomy":"product_cat","embeddable":true,"href":"https:\/\/scn.eu\/sv\/wp-json\/wp\/v2\/product_cat?post=1009949"},{"taxonomy":"product_tag","embeddable":true,"href":"https:\/\/scn.eu\/sv\/wp-json\/wp\/v2\/product_tag?post=1009949"},{"taxonomy":"product_facet","embeddable":true,"href":"https:\/\/scn.eu\/sv\/wp-json\/wp\/v2\/product_facet?post=1009949"}],"curies":[{"name":"wp","href":"https:\/\/api.w.org\/{rel}","templated":true}]}}