{"id":1009935,"date":"2025-01-01T00:00:00","date_gmt":"2025-01-01T00:00:00","guid":{"rendered":"http:\/\/&#038;p=1009935"},"modified":"2026-03-20T01:02:14","modified_gmt":"2026-03-20T01:02:14","slug":"gv22xgt22x-sv","status":"publish","type":"product","link":"https:\/\/scn.eu\/sv\/produkt\/gv22xgt22x-sv\/","title":{"rendered":"GV22 och GT22 Serien f\u00f6r enkodersignaler"},"content":{"rendered":"<p>Produktfunktioner:<\/p>\n<p>\u2022 Str\u00f6mf\u00f6rs\u00f6rjning fr\u00e5n 10 upp till 30 VDC<br \/>\n\u2022 1 kodningsing\u00e5ng f\u00f6r kanalerna A, \/A, B, \/B, Z, \/Z<br \/>\n\u2022 Ing\u00e5ngsniv\u00e5er valbara mellan RS422, TTL och HTL<br \/>\n\u2022 Valfria typer med 2, 4 eller 8 utg\u00e5ngar med eller utan potentialseparation tillg\u00e4nglig (se nedan)<br \/>\n\u2022 Uteffektniv\u00e5er anges av extern str\u00f6mf\u00f6rs\u00f6rjning<br \/>\n\u2022 Kortslutningss\u00e4ker givare f\u00f6r +5VDC och +24VDC<\/p>\n<p>Tillg\u00e4ngliga enheter:<br \/>\n\u2022 GV224: Pulsdelare med 1 encodering\u00e5ng och 4 utg\u00e5ngar<br \/>\n\u2022 GV228: Pulsdelare med 1 encodering\u00e5ng och 8 utg\u00e5ngar<br \/>\n\u2022 GV228\/EV: Pulsdelare med 1 encodering\u00e5ng och 8 utg\u00e5ngar med f\u00f6rl\u00e4ngningsalternativ f\u00f6r 4 eller 8 utg\u00e5ngar (EV224 \/ EV228)<br \/>\n\u2022 GT222: Pulsdelare med 1 encodering\u00e5ng och 2 potentialseparerade utg\u00e5ngar<br \/>\n\u2022 GT224: Pulsdelare med 1 encodering\u00e5ng och 4 potentialseparerade utg\u00e5ngar<br \/>\n\u2022 GT228: Pulsdelare med 1 encodering\u00e5ng och 8 potentialseparerade utg\u00e5ngar<br \/>\n\u2022 GT228\/ET: Pulsdelare med 1 enkodering\u00e5ng och 8 potentialseparerade utg\u00e5ngar med f\u00f6rl\u00e4ngningsm\u00f6jlighet f\u00f6r 4 eller 8 potentialseparerade utg\u00e5ngar (ET224 \/ ET228)<\/p>\n","protected":false},"excerpt":{"rendered":"<p>Produktfunktioner: \u2022 Str\u00f6mf\u00f6rs\u00f6rjning fr\u00e5n 10 upp till 30 VDC \u2022 1 kodningsing\u00e5ng f\u00f6r kanalerna A, \/A, B, \/B, Z, \/Z \u2022 Ing\u00e5ngsniv\u00e5er valbara mellan RS422, TTL och HTL \u2022 Valfria typer med 2, 4 eller 8 utg\u00e5ngar med eller utan potentialseparation tillg\u00e4nglig (se nedan) \u2022 Uteffektniv\u00e5er anges av extern str\u00f6mf\u00f6rs\u00f6rjning \u2022 Kortslutningss\u00e4ker givare f\u00f6r +5VDC&#8230;<\/p>\n","protected":false},"featured_media":8018929,"comment_status":"closed","ping_status":"closed","template":"","meta":{"_kad_post_transparent":"default","_kad_post_title":"","_kad_post_layout":"default","_kad_post_sidebar_id":"","_kad_post_content_style":"default","_kad_post_vertical_padding":"default","_kad_post_feature":"","_kad_post_feature_position":"","_kad_post_header":false,"_kad_post_footer":false,"_kad_post_classname":""},"product_brand":[936],"product_cat":[10630,8853,10759],"product_tag":[],"product_facet":[10773],"class_list":{"0":"post-1009935","1":"product","2":"type-product","3":"status-publish","4":"has-post-thumbnail","6":"product_brand-motrona","7":"product_cat-components","8":"product_cat-panel-indicators-and-converters","9":"product_cat-products","10":"product_facet-facet-components","12":"first","13":"instock","14":"downloadable","15":"shipping-taxable","16":"product-type-simple","17":"entry","18":"content-bg","19":"loop-entry"},"_links":{"self":[{"href":"https:\/\/scn.eu\/sv\/wp-json\/wp\/v2\/product\/1009935","targetHints":{"allow":["GET"]}}],"collection":[{"href":"https:\/\/scn.eu\/sv\/wp-json\/wp\/v2\/product"}],"about":[{"href":"https:\/\/scn.eu\/sv\/wp-json\/wp\/v2\/types\/product"}],"replies":[{"embeddable":true,"href":"https:\/\/scn.eu\/sv\/wp-json\/wp\/v2\/comments?post=1009935"}],"version-history":[{"count":1,"href":"https:\/\/scn.eu\/sv\/wp-json\/wp\/v2\/product\/1009935\/revisions"}],"predecessor-version":[{"id":8018931,"href":"https:\/\/scn.eu\/sv\/wp-json\/wp\/v2\/product\/1009935\/revisions\/8018931"}],"wp:featuredmedia":[{"embeddable":true,"href":"https:\/\/scn.eu\/sv\/wp-json\/wp\/v2\/media\/8018929"}],"wp:attachment":[{"href":"https:\/\/scn.eu\/sv\/wp-json\/wp\/v2\/media?parent=1009935"}],"wp:term":[{"taxonomy":"product_brand","embeddable":true,"href":"https:\/\/scn.eu\/sv\/wp-json\/wp\/v2\/product_brand?post=1009935"},{"taxonomy":"product_cat","embeddable":true,"href":"https:\/\/scn.eu\/sv\/wp-json\/wp\/v2\/product_cat?post=1009935"},{"taxonomy":"product_tag","embeddable":true,"href":"https:\/\/scn.eu\/sv\/wp-json\/wp\/v2\/product_tag?post=1009935"},{"taxonomy":"product_facet","embeddable":true,"href":"https:\/\/scn.eu\/sv\/wp-json\/wp\/v2\/product_facet?post=1009935"}],"curies":[{"name":"wp","href":"https:\/\/api.w.org\/{rel}","templated":true}]}}