{"id":1009928,"date":"2025-01-01T00:00:00","date_gmt":"2025-01-01T00:00:00","guid":{"rendered":"http:\/\/&#038;p=1009928"},"modified":"2026-03-20T01:02:10","modified_gmt":"2026-03-20T01:02:10","slug":"gv210-sv","status":"publish","type":"product","link":"https:\/\/scn.eu\/sv\/produkt\/gv210-sv\/","title":{"rendered":"GV210 Dubbel Universell niv\u00e5konverter"},"content":{"rendered":"<p>GV210 \u00e4r ett universellt enkodergr\u00e4nssnitt fr\u00e5n Motrona, som kan anv\u00e4ndas som dubbelniv\u00e5omvandlare, enkodersplitter och enkoderkryssbrytare. <\/p>\n<p>GV210 har tv\u00e5 givaring\u00e5ngar A, B, Z och \/A, \/B, \/Z, var och en individuellt justerbar till antingen TTL\/RS422-niv\u00e5 eller till HTL-niv\u00e5 (10-30 V).<\/p>\n<p>GV210 har tv\u00e5 signalutg\u00e5ngar A, B, Z och \/A, \/B, \/Z, som ocks\u00e5 kan justeras individuellt till TTL\/RS422- eller HTL-niv\u00e5 (10-30 V). <\/p>\n<p>Kontaktl\u00f6s och studsfri omkoppling mellan enkoderkanalerna genom fj\u00e4rrstyrda 24-volts styrsignaler. <\/p>\n<p>Str\u00f6mf\u00f6rs\u00f6rjning 12-30VDC, extrautg\u00e5ng 5V (2x125mA) f\u00f6r f\u00f6rs\u00f6rjning av inkrementella kodare.<\/p>\n","protected":false},"excerpt":{"rendered":"<p>GV210 \u00e4r ett universellt enkodergr\u00e4nssnitt fr\u00e5n Motrona, som kan anv\u00e4ndas som dubbelniv\u00e5omvandlare, enkodersplitter och enkoderkryssbrytare. GV210 har tv\u00e5 givaring\u00e5ngar A, B, Z och \/A, \/B, \/Z, var och en individuellt justerbar till antingen TTL\/RS422-niv\u00e5 eller till HTL-niv\u00e5 (10-30 V). GV210 har tv\u00e5 signalutg\u00e5ngar A, B, Z och \/A, \/B, \/Z, som ocks\u00e5 kan justeras individuellt&#8230;<\/p>\n","protected":false},"featured_media":8018907,"comment_status":"closed","ping_status":"closed","template":"","meta":{"_kad_post_transparent":"default","_kad_post_title":"","_kad_post_layout":"default","_kad_post_sidebar_id":"","_kad_post_content_style":"default","_kad_post_vertical_padding":"default","_kad_post_feature":"","_kad_post_feature_position":"","_kad_post_header":false,"_kad_post_footer":false,"_kad_post_classname":""},"product_brand":[936],"product_cat":[10630,8853,10759],"product_tag":[],"product_facet":[10773],"class_list":{"0":"post-1009928","1":"product","2":"type-product","3":"status-publish","4":"has-post-thumbnail","6":"product_brand-motrona","7":"product_cat-components","8":"product_cat-panel-indicators-and-converters","9":"product_cat-products","10":"product_facet-facet-components","12":"first","13":"instock","14":"downloadable","15":"shipping-taxable","16":"product-type-simple","17":"entry","18":"content-bg","19":"loop-entry"},"_links":{"self":[{"href":"https:\/\/scn.eu\/sv\/wp-json\/wp\/v2\/product\/1009928","targetHints":{"allow":["GET"]}}],"collection":[{"href":"https:\/\/scn.eu\/sv\/wp-json\/wp\/v2\/product"}],"about":[{"href":"https:\/\/scn.eu\/sv\/wp-json\/wp\/v2\/types\/product"}],"replies":[{"embeddable":true,"href":"https:\/\/scn.eu\/sv\/wp-json\/wp\/v2\/comments?post=1009928"}],"version-history":[{"count":1,"href":"https:\/\/scn.eu\/sv\/wp-json\/wp\/v2\/product\/1009928\/revisions"}],"predecessor-version":[{"id":8018909,"href":"https:\/\/scn.eu\/sv\/wp-json\/wp\/v2\/product\/1009928\/revisions\/8018909"}],"wp:featuredmedia":[{"embeddable":true,"href":"https:\/\/scn.eu\/sv\/wp-json\/wp\/v2\/media\/8018907"}],"wp:attachment":[{"href":"https:\/\/scn.eu\/sv\/wp-json\/wp\/v2\/media?parent=1009928"}],"wp:term":[{"taxonomy":"product_brand","embeddable":true,"href":"https:\/\/scn.eu\/sv\/wp-json\/wp\/v2\/product_brand?post=1009928"},{"taxonomy":"product_cat","embeddable":true,"href":"https:\/\/scn.eu\/sv\/wp-json\/wp\/v2\/product_cat?post=1009928"},{"taxonomy":"product_tag","embeddable":true,"href":"https:\/\/scn.eu\/sv\/wp-json\/wp\/v2\/product_tag?post=1009928"},{"taxonomy":"product_facet","embeddable":true,"href":"https:\/\/scn.eu\/sv\/wp-json\/wp\/v2\/product_facet?post=1009928"}],"curies":[{"name":"wp","href":"https:\/\/api.w.org\/{rel}","templated":true}]}}