{"id":1009921,"date":"2025-01-01T00:00:00","date_gmt":"2025-01-01T00:00:00","guid":{"rendered":"http:\/\/&#038;p=1009921"},"modified":"2026-03-20T01:02:02","modified_gmt":"2026-03-20T01:02:02","slug":"gv210-sv-2","status":"publish","type":"product","link":"https:\/\/scn.eu\/sv\/produkt\/gv210-sv-2\/","title":{"rendered":"GV21  Kontaktor \/ 900VDC"},"content":{"rendered":"<p>GV21 \u00e4r en mycket kompakt likstr\u00f6mskontaktor f\u00f6r str\u00f6mmar upp till 100A (150A med 110kvmm ledare) och 900VDC.<\/p>\n<p>GV21 \u00f6vertr\u00e4ffar IP67 och IP69 milj\u00f6krav, klarar dessutom saltdimma enligt MIL-STD-810G.<\/p>\n<p>GV21 \u00e4r l\u00e4tt och kompakt (ungef\u00e4r 190g och H56x\u00d841mm) och hermetiskt t\u00e4tad och gasfylld, vilket inneb\u00e4r att den s\u00e4kert kan anv\u00e4ndas i n\u00e4stan alla tuffa milj\u00f6er. <\/p>\n<p>Temperaturer fr\u00e5n -40\u00b0C till +85\u00b0C. <\/p>\n<p>GV21 finns i version med bottenf\u00e4ste. Kontaktorspole 12, 24 eller 48VDC.<\/p>\n","protected":false},"excerpt":{"rendered":"<p>GV21 \u00e4r en mycket kompakt likstr\u00f6mskontaktor f\u00f6r str\u00f6mmar upp till 100A (150A med 110kvmm ledare) och 900VDC. GV21 \u00f6vertr\u00e4ffar IP67 och IP69 milj\u00f6krav, klarar dessutom saltdimma enligt MIL-STD-810G. GV21 \u00e4r l\u00e4tt och kompakt (ungef\u00e4r 190g och H56x\u00d841mm) och hermetiskt t\u00e4tad och gasfylld, vilket inneb\u00e4r att den s\u00e4kert kan anv\u00e4ndas i n\u00e4stan alla tuffa milj\u00f6er. Temperaturer&#8230;<\/p>\n","protected":false},"featured_media":8018885,"comment_status":"closed","ping_status":"closed","template":"","meta":{"_kad_post_transparent":"default","_kad_post_title":"","_kad_post_layout":"default","_kad_post_sidebar_id":"","_kad_post_content_style":"default","_kad_post_vertical_padding":"default","_kad_post_feature":"","_kad_post_feature_position":"","_kad_post_header":false,"_kad_post_footer":false,"_kad_post_classname":""},"product_brand":[920],"product_cat":[9037,10630,10656,10759],"product_tag":[],"product_facet":[10773],"class_list":{"0":"post-1009921","1":"product","2":"type-product","3":"status-publish","4":"has-post-thumbnail","6":"product_brand-gigavac","7":"product_cat-12100vdc-10080090010001500vdc","8":"product_cat-components","9":"product_cat-power-contactors","10":"product_cat-products","11":"product_facet-facet-components","13":"first","14":"instock","15":"downloadable","16":"shipping-taxable","17":"product-type-simple","18":"entry","19":"content-bg","20":"loop-entry"},"_links":{"self":[{"href":"https:\/\/scn.eu\/sv\/wp-json\/wp\/v2\/product\/1009921","targetHints":{"allow":["GET"]}}],"collection":[{"href":"https:\/\/scn.eu\/sv\/wp-json\/wp\/v2\/product"}],"about":[{"href":"https:\/\/scn.eu\/sv\/wp-json\/wp\/v2\/types\/product"}],"replies":[{"embeddable":true,"href":"https:\/\/scn.eu\/sv\/wp-json\/wp\/v2\/comments?post=1009921"}],"version-history":[{"count":1,"href":"https:\/\/scn.eu\/sv\/wp-json\/wp\/v2\/product\/1009921\/revisions"}],"predecessor-version":[{"id":8018887,"href":"https:\/\/scn.eu\/sv\/wp-json\/wp\/v2\/product\/1009921\/revisions\/8018887"}],"wp:featuredmedia":[{"embeddable":true,"href":"https:\/\/scn.eu\/sv\/wp-json\/wp\/v2\/media\/8018885"}],"wp:attachment":[{"href":"https:\/\/scn.eu\/sv\/wp-json\/wp\/v2\/media?parent=1009921"}],"wp:term":[{"taxonomy":"product_brand","embeddable":true,"href":"https:\/\/scn.eu\/sv\/wp-json\/wp\/v2\/product_brand?post=1009921"},{"taxonomy":"product_cat","embeddable":true,"href":"https:\/\/scn.eu\/sv\/wp-json\/wp\/v2\/product_cat?post=1009921"},{"taxonomy":"product_tag","embeddable":true,"href":"https:\/\/scn.eu\/sv\/wp-json\/wp\/v2\/product_tag?post=1009921"},{"taxonomy":"product_facet","embeddable":true,"href":"https:\/\/scn.eu\/sv\/wp-json\/wp\/v2\/product_facet?post=1009921"}],"curies":[{"name":"wp","href":"https:\/\/api.w.org\/{rel}","templated":true}]}}