{"id":1009893,"date":"2025-01-01T00:00:00","date_gmt":"2025-01-01T00:00:00","guid":{"rendered":"http:\/\/&#038;p=1009893"},"modified":"2026-03-20T01:01:46","modified_gmt":"2026-03-20T01:01:46","slug":"gv140-sv","status":"publish","type":"product","link":"https:\/\/scn.eu\/sv\/produkt\/gv140-sv\/","title":{"rendered":"GV140  Kontaktor \/ 12-100VDC"},"content":{"rendered":"<p>Hermetiskt t\u00e4t och designad f\u00f6r att m\u00f6ta UL1604 f\u00f6r klass I &#038; II, Div 2 och klass III f\u00f6r anv\u00e4ndning p\u00e5 farliga platser. IP67 f\u00f6r tillf\u00e4llig neds\u00e4nkning av vatten i 30 minuter. SAE J1171 f\u00f6r skydd mot extern t\u00e4ndning och ISO8846 f\u00f6r skydd mot ant\u00e4ndning kring brandfarliga gaser.<\/p>\n<p>H\u00f6geffektiva dubbla man\u00f6verspolar med mycket l\u00e5g 12, 24 eller 48VDC kontinuerlig f\u00f6rbrukning utan EMI-st\u00f6rningar. Idealisk f\u00f6r batteridrivna system eller d\u00e4r l\u00e5g f\u00f6rbrukning beh\u00f6vs.<\/p>\n<p>Som alternativ finns ocks\u00e5 PWM-styrning vilket ger ytterligare flexibilitet.<\/p>\n","protected":false},"excerpt":{"rendered":"<p>Hermetiskt t\u00e4t och designad f\u00f6r att m\u00f6ta UL1604 f\u00f6r klass I &#038; II, Div 2 och klass III f\u00f6r anv\u00e4ndning p\u00e5 farliga platser. IP67 f\u00f6r tillf\u00e4llig neds\u00e4nkning av vatten i 30 minuter. SAE J1171 f\u00f6r skydd mot extern t\u00e4ndning och ISO8846 f\u00f6r skydd mot ant\u00e4ndning kring brandfarliga gaser. H\u00f6geffektiva dubbla man\u00f6verspolar med mycket l\u00e5g 12,&#8230;<\/p>\n","protected":false},"featured_media":8018797,"comment_status":"closed","ping_status":"closed","template":"","meta":{"_kad_post_transparent":"default","_kad_post_title":"","_kad_post_layout":"default","_kad_post_sidebar_id":"","_kad_post_content_style":"default","_kad_post_vertical_padding":"default","_kad_post_feature":"","_kad_post_feature_position":"","_kad_post_header":false,"_kad_post_footer":false,"_kad_post_classname":""},"product_brand":[],"product_cat":[9037,10630,10656,10759],"product_tag":[],"product_facet":[10773],"class_list":{"0":"post-1009893","1":"product","2":"type-product","3":"status-publish","4":"has-post-thumbnail","6":"product_cat-12100vdc-10080090010001500vdc","7":"product_cat-components","8":"product_cat-power-contactors","9":"product_cat-products","10":"product_facet-facet-components","12":"first","13":"instock","14":"downloadable","15":"shipping-taxable","16":"product-type-simple","17":"entry","18":"content-bg","19":"loop-entry"},"_links":{"self":[{"href":"https:\/\/scn.eu\/sv\/wp-json\/wp\/v2\/product\/1009893","targetHints":{"allow":["GET"]}}],"collection":[{"href":"https:\/\/scn.eu\/sv\/wp-json\/wp\/v2\/product"}],"about":[{"href":"https:\/\/scn.eu\/sv\/wp-json\/wp\/v2\/types\/product"}],"replies":[{"embeddable":true,"href":"https:\/\/scn.eu\/sv\/wp-json\/wp\/v2\/comments?post=1009893"}],"version-history":[{"count":1,"href":"https:\/\/scn.eu\/sv\/wp-json\/wp\/v2\/product\/1009893\/revisions"}],"predecessor-version":[{"id":8018799,"href":"https:\/\/scn.eu\/sv\/wp-json\/wp\/v2\/product\/1009893\/revisions\/8018799"}],"wp:featuredmedia":[{"embeddable":true,"href":"https:\/\/scn.eu\/sv\/wp-json\/wp\/v2\/media\/8018797"}],"wp:attachment":[{"href":"https:\/\/scn.eu\/sv\/wp-json\/wp\/v2\/media?parent=1009893"}],"wp:term":[{"taxonomy":"product_brand","embeddable":true,"href":"https:\/\/scn.eu\/sv\/wp-json\/wp\/v2\/product_brand?post=1009893"},{"taxonomy":"product_cat","embeddable":true,"href":"https:\/\/scn.eu\/sv\/wp-json\/wp\/v2\/product_cat?post=1009893"},{"taxonomy":"product_tag","embeddable":true,"href":"https:\/\/scn.eu\/sv\/wp-json\/wp\/v2\/product_tag?post=1009893"},{"taxonomy":"product_facet","embeddable":true,"href":"https:\/\/scn.eu\/sv\/wp-json\/wp\/v2\/product_facet?post=1009893"}],"curies":[{"name":"wp","href":"https:\/\/api.w.org\/{rel}","templated":true}]}}