{"id":1009886,"date":"2025-01-01T00:00:00","date_gmt":"2025-01-01T00:00:00","guid":{"rendered":"http:\/\/&#038;p=1009886"},"modified":"2026-03-20T01:01:43","modified_gmt":"2026-03-20T01:01:43","slug":"gv1201-sv","status":"publish","type":"product","link":"https:\/\/scn.eu\/sv\/produkt\/gv1201-sv\/","title":{"rendered":"GV120 Kontaktor f\u00f6r kretskort"},"content":{"rendered":"<p>Med kretskortsmontering kan du spara p\u00e5 kostnader n\u00e4r kablar och kontakter minimeras eller helt elimineras.<\/p>\n<p>Fortfarande \u00e4r kontaktorn hermetiskt t\u00e4tad och utvecklad enligt UL1604 och IP67 samt RoHS och CE. Flamskyddsmedel enligt SAE J1171 och ISO8846. <\/p>\n<p>Montering \u00e4r m\u00f6jlig i alla riktningar f\u00f6r enkel installation.<\/p>\n","protected":false},"excerpt":{"rendered":"<p>Med kretskortsmontering kan du spara p\u00e5 kostnader n\u00e4r kablar och kontakter minimeras eller helt elimineras. Fortfarande \u00e4r kontaktorn hermetiskt t\u00e4tad och utvecklad enligt UL1604 och IP67 samt RoHS och CE. Flamskyddsmedel enligt SAE J1171 och ISO8846. Montering \u00e4r m\u00f6jlig i alla riktningar f\u00f6r enkel installation.<\/p>\n","protected":false},"featured_media":8018775,"comment_status":"closed","ping_status":"closed","template":"","meta":{"_kad_post_transparent":"default","_kad_post_title":"","_kad_post_layout":"default","_kad_post_sidebar_id":"","_kad_post_content_style":"default","_kad_post_vertical_padding":"default","_kad_post_feature":"","_kad_post_feature_position":"","_kad_post_header":false,"_kad_post_footer":false,"_kad_post_classname":""},"product_brand":[920],"product_cat":[10630,9067,10656,10759],"product_tag":[],"product_facet":[10773],"class_list":{"0":"post-1009886","1":"product","2":"type-product","3":"status-publish","4":"has-post-thumbnail","6":"product_brand-gigavac","7":"product_cat-components","8":"product_cat-pcb-mount","9":"product_cat-power-contactors","10":"product_cat-products","11":"product_facet-facet-components","13":"first","14":"instock","15":"downloadable","16":"shipping-taxable","17":"product-type-simple","18":"entry","19":"content-bg","20":"loop-entry"},"_links":{"self":[{"href":"https:\/\/scn.eu\/sv\/wp-json\/wp\/v2\/product\/1009886","targetHints":{"allow":["GET"]}}],"collection":[{"href":"https:\/\/scn.eu\/sv\/wp-json\/wp\/v2\/product"}],"about":[{"href":"https:\/\/scn.eu\/sv\/wp-json\/wp\/v2\/types\/product"}],"replies":[{"embeddable":true,"href":"https:\/\/scn.eu\/sv\/wp-json\/wp\/v2\/comments?post=1009886"}],"version-history":[{"count":1,"href":"https:\/\/scn.eu\/sv\/wp-json\/wp\/v2\/product\/1009886\/revisions"}],"predecessor-version":[{"id":8018777,"href":"https:\/\/scn.eu\/sv\/wp-json\/wp\/v2\/product\/1009886\/revisions\/8018777"}],"wp:featuredmedia":[{"embeddable":true,"href":"https:\/\/scn.eu\/sv\/wp-json\/wp\/v2\/media\/8018775"}],"wp:attachment":[{"href":"https:\/\/scn.eu\/sv\/wp-json\/wp\/v2\/media?parent=1009886"}],"wp:term":[{"taxonomy":"product_brand","embeddable":true,"href":"https:\/\/scn.eu\/sv\/wp-json\/wp\/v2\/product_brand?post=1009886"},{"taxonomy":"product_cat","embeddable":true,"href":"https:\/\/scn.eu\/sv\/wp-json\/wp\/v2\/product_cat?post=1009886"},{"taxonomy":"product_tag","embeddable":true,"href":"https:\/\/scn.eu\/sv\/wp-json\/wp\/v2\/product_tag?post=1009886"},{"taxonomy":"product_facet","embeddable":true,"href":"https:\/\/scn.eu\/sv\/wp-json\/wp\/v2\/product_facet?post=1009886"}],"curies":[{"name":"wp","href":"https:\/\/api.w.org\/{rel}","templated":true}]}}