{"id":1009872,"date":"2025-01-01T00:00:00","date_gmt":"2025-01-01T00:00:00","guid":{"rendered":"http:\/\/&#038;p=1009872"},"modified":"2026-03-20T01:01:36","modified_gmt":"2026-03-20T01:01:36","slug":"gtm500-sv","status":"publish","type":"product","link":"https:\/\/scn.eu\/sv\/produkt\/gtm500-sv\/","title":{"rendered":"GTM500 Bidirektionell kontaktor 1500V\/500A"},"content":{"rendered":"<p>GTM400 och GTM500 \u00e4r de f\u00f6rsta produkterna att lanseras i den helt nya GTM-serien &#8221;Glass-To-Metal seals&#8221; fr\u00e5n Gigavac\/Sensata. Dessutom f\u00f6rst att av alla att integrera denna konstruktion i likstr\u00f6mskontaktorer. <\/p>\n<p>Glas-Till-Metallf\u00f6rsegling  \u00e4r en helt unik teknik som h\u00e4r anv\u00e4nds f\u00f6r att skapa effektiv elektriskt isolerad och dessutom hermetiskt t\u00e4t kontaktor. Med \u00f6ver 50 \u00e5rs erfarenhet inom GTMS har Sensata konstruerat sin GTM-serie av kontaktorer f\u00f6r att s\u00e4kerst\u00e4lla klassens b\u00e4sta prestanda och tillf\u00f6rlitlighet.<\/p>\n<p>\u2022 Robust likstr\u00f6mskontaktor f\u00f6r h\u00f6gsp\u00e4nning\/h\u00f6geffekt och samma h\u00f6ga brytprestanda i b\u00e5da str\u00f6mrikningarna (bidirektionell).<br \/>\n\u2022 Designad f\u00f6r h\u00f6gsp\u00e4nningsstr\u00f6m i batteriv\u00e4xelriktare, batteripaket, DC-kombinationsboxar och andra industriella drivsystem.<br \/>\n\u2022 Mekaniskt kopplade hj\u00e4lpkontakter som feedback f\u00f6r kritiska s\u00e4kerhetsapplikationer.<br \/>\n\u2022 Tillf\u00f6rlitlig indikering av huvudkontakterna i st\u00e4ngt l\u00e4ge.<\/p>\n","protected":false},"excerpt":{"rendered":"<p>GTM400 och GTM500 \u00e4r de f\u00f6rsta produkterna att lanseras i den helt nya GTM-serien &#8221;Glass-To-Metal seals&#8221; fr\u00e5n Gigavac\/Sensata. Dessutom f\u00f6rst att av alla att integrera denna konstruktion i likstr\u00f6mskontaktorer. Glas-Till-Metallf\u00f6rsegling \u00e4r en helt unik teknik som h\u00e4r anv\u00e4nds f\u00f6r att skapa effektiv elektriskt isolerad och dessutom hermetiskt t\u00e4t kontaktor. Med \u00f6ver 50 \u00e5rs erfarenhet inom&#8230;<\/p>\n","protected":false},"featured_media":8018731,"comment_status":"closed","ping_status":"closed","template":"","meta":{"_kad_post_transparent":"default","_kad_post_title":"","_kad_post_layout":"default","_kad_post_sidebar_id":"","_kad_post_content_style":"default","_kad_post_vertical_padding":"default","_kad_post_feature":"","_kad_post_feature_position":"","_kad_post_header":false,"_kad_post_footer":false,"_kad_post_classname":""},"product_brand":[920],"product_cat":[9040,10630,10656,10759],"product_tag":[],"product_facet":[10773],"class_list":{"0":"post-1009872","1":"product","2":"type-product","3":"status-publish","4":"has-post-thumbnail","6":"product_brand-gigavac","7":"product_cat-12-1500-vdc","8":"product_cat-components","9":"product_cat-power-contactors","10":"product_cat-products","11":"product_facet-facet-components","13":"first","14":"instock","15":"downloadable","16":"shipping-taxable","17":"product-type-simple","18":"entry","19":"content-bg","20":"loop-entry"},"_links":{"self":[{"href":"https:\/\/scn.eu\/sv\/wp-json\/wp\/v2\/product\/1009872","targetHints":{"allow":["GET"]}}],"collection":[{"href":"https:\/\/scn.eu\/sv\/wp-json\/wp\/v2\/product"}],"about":[{"href":"https:\/\/scn.eu\/sv\/wp-json\/wp\/v2\/types\/product"}],"replies":[{"embeddable":true,"href":"https:\/\/scn.eu\/sv\/wp-json\/wp\/v2\/comments?post=1009872"}],"version-history":[{"count":1,"href":"https:\/\/scn.eu\/sv\/wp-json\/wp\/v2\/product\/1009872\/revisions"}],"predecessor-version":[{"id":8018733,"href":"https:\/\/scn.eu\/sv\/wp-json\/wp\/v2\/product\/1009872\/revisions\/8018733"}],"wp:featuredmedia":[{"embeddable":true,"href":"https:\/\/scn.eu\/sv\/wp-json\/wp\/v2\/media\/8018731"}],"wp:attachment":[{"href":"https:\/\/scn.eu\/sv\/wp-json\/wp\/v2\/media?parent=1009872"}],"wp:term":[{"taxonomy":"product_brand","embeddable":true,"href":"https:\/\/scn.eu\/sv\/wp-json\/wp\/v2\/product_brand?post=1009872"},{"taxonomy":"product_cat","embeddable":true,"href":"https:\/\/scn.eu\/sv\/wp-json\/wp\/v2\/product_cat?post=1009872"},{"taxonomy":"product_tag","embeddable":true,"href":"https:\/\/scn.eu\/sv\/wp-json\/wp\/v2\/product_tag?post=1009872"},{"taxonomy":"product_facet","embeddable":true,"href":"https:\/\/scn.eu\/sv\/wp-json\/wp\/v2\/product_facet?post=1009872"}],"curies":[{"name":"wp","href":"https:\/\/api.w.org\/{rel}","templated":true}]}}