{"id":1009830,"date":"2025-01-01T00:00:00","date_gmt":"2025-01-01T00:00:00","guid":{"rendered":"http:\/\/&#038;p=1009830"},"modified":"2026-03-20T01:01:14","modified_gmt":"2026-03-20T01:01:14","slug":"gk032-0802-sv","status":"publish","type":"product","link":"https:\/\/scn.eu\/sv\/produkt\/gk032-0802-sv\/","title":{"rendered":"GK032-0802 Sl\u00e4pring med ut\u00f6kad livsl\u00e4ngd"},"content":{"rendered":"<p>Sl\u00e4pringarna med extra l\u00e5ng livsl\u00e4ngd och m\u00f6jlighet till renovering f\u00f6r en l\u00e5ng och s\u00e4ker drift.<\/p>\n<p>De skadeben\u00e4gna komponenterna i den nya enheten har en vetenskapligt utvecklad modul\u00e4r konstruktion som g\u00f6r det l\u00e4tt att ta is\u00e4r och\/eller installera dem utan att beh\u00f6va demontera huset. <\/p>\n<p>Snabbt och bekv\u00e4mt byte av interna delar bidrar ocks\u00e5 det till att f\u00f6rl\u00e4nga dess livsl\u00e4ngd.<\/p>\n","protected":false},"excerpt":{"rendered":"<p>Sl\u00e4pringarna med extra l\u00e5ng livsl\u00e4ngd och m\u00f6jlighet till renovering f\u00f6r en l\u00e5ng och s\u00e4ker drift. De skadeben\u00e4gna komponenterna i den nya enheten har en vetenskapligt utvecklad modul\u00e4r konstruktion som g\u00f6r det l\u00e4tt att ta is\u00e4r och\/eller installera dem utan att beh\u00f6va demontera huset. Snabbt och bekv\u00e4mt byte av interna delar bidrar ocks\u00e5 det till att&#8230;<\/p>\n","protected":false},"featured_media":8018599,"comment_status":"closed","ping_status":"closed","template":"","meta":{"_kad_post_transparent":"default","_kad_post_title":"","_kad_post_layout":"default","_kad_post_sidebar_id":"","_kad_post_content_style":"default","_kad_post_vertical_padding":"default","_kad_post_feature":"","_kad_post_feature_position":"","_kad_post_header":false,"_kad_post_footer":false,"_kad_post_classname":""},"product_brand":[941],"product_cat":[10630,9480,10759,10632],"product_tag":[],"product_facet":[10773],"class_list":{"0":"post-1009830","1":"product","2":"type-product","3":"status-publish","4":"has-post-thumbnail","6":"product_brand-jinpat","7":"product_cat-components","8":"product_cat-long-lifespan-slip-rings","9":"product_cat-products","10":"product_cat-slip-rings","11":"product_facet-facet-components","13":"first","14":"instock","15":"downloadable","16":"shipping-taxable","17":"product-type-simple","18":"entry","19":"content-bg","20":"loop-entry"},"_links":{"self":[{"href":"https:\/\/scn.eu\/sv\/wp-json\/wp\/v2\/product\/1009830","targetHints":{"allow":["GET"]}}],"collection":[{"href":"https:\/\/scn.eu\/sv\/wp-json\/wp\/v2\/product"}],"about":[{"href":"https:\/\/scn.eu\/sv\/wp-json\/wp\/v2\/types\/product"}],"replies":[{"embeddable":true,"href":"https:\/\/scn.eu\/sv\/wp-json\/wp\/v2\/comments?post=1009830"}],"version-history":[{"count":1,"href":"https:\/\/scn.eu\/sv\/wp-json\/wp\/v2\/product\/1009830\/revisions"}],"predecessor-version":[{"id":8018601,"href":"https:\/\/scn.eu\/sv\/wp-json\/wp\/v2\/product\/1009830\/revisions\/8018601"}],"wp:featuredmedia":[{"embeddable":true,"href":"https:\/\/scn.eu\/sv\/wp-json\/wp\/v2\/media\/8018599"}],"wp:attachment":[{"href":"https:\/\/scn.eu\/sv\/wp-json\/wp\/v2\/media?parent=1009830"}],"wp:term":[{"taxonomy":"product_brand","embeddable":true,"href":"https:\/\/scn.eu\/sv\/wp-json\/wp\/v2\/product_brand?post=1009830"},{"taxonomy":"product_cat","embeddable":true,"href":"https:\/\/scn.eu\/sv\/wp-json\/wp\/v2\/product_cat?post=1009830"},{"taxonomy":"product_tag","embeddable":true,"href":"https:\/\/scn.eu\/sv\/wp-json\/wp\/v2\/product_tag?post=1009830"},{"taxonomy":"product_facet","embeddable":true,"href":"https:\/\/scn.eu\/sv\/wp-json\/wp\/v2\/product_facet?post=1009830"}],"curies":[{"name":"wp","href":"https:\/\/api.w.org\/{rel}","templated":true}]}}