{"id":1009648,"date":"2025-01-01T00:00:00","date_gmt":"2025-01-01T00:00:00","guid":{"rendered":"http:\/\/&#038;p=1009648"},"modified":"2026-03-20T00:59:33","modified_gmt":"2026-03-20T00:59:33","slug":"g62lc-sv","status":"publish","type":"product","link":"https:\/\/scn.eu\/sv\/produkt\/g62lc-sv\/","title":{"rendered":"G62LC   H\u00f6gsp\u00e4nningsrel\u00e4 Bistabil (CO) 25kV"},"content":{"rendered":"<p>De flesta rel\u00e4er och kontaktorer anses vara &#8221;fels\u00e4kra&#8221;. Dessa rel\u00e4er kr\u00e4ver att spolsp\u00e4nningen \u00e4r konstant str\u00f6mf\u00f6rs\u00f6rjd f\u00f6r att s\u00e4kerst\u00e4lla att rel\u00e4et \u00e4r kopplat. <\/p>\n<p>N\u00e4r spolsp\u00e4nningen tas bort \u00e5terg\u00e5r den r\u00f6rliga kontakten i ett fels\u00e4kert rel\u00e4 till sitt standardl\u00e4ge. <\/p>\n<p>F\u00f6r att ett bistabilt rel\u00e4 ska kunna \u00e4ndra den r\u00f6rliga kontaktens l\u00e4ge kr\u00e4vs en tillf\u00e4llig spolpulserande r\u00f6relse f\u00f6r att \u00e4ndra l\u00e4get.<br \/>\nKontinuerlig spolkraft kr\u00e4vs inte f\u00f6r att h\u00e5lla rel\u00e4et i ett visst kopplat l\u00e4ge.<br \/>\nN\u00e4r applikationskretsen beh\u00f6ver koppla om ett bistabilt rel\u00e4 skickar den en puls till spolen f\u00f6r att \u00e4ndra den r\u00f6rliga kontaktpositionen. <\/p>\n<p>G62LC Kompakt design sparar utrymme men klarar \u00e4nd\u00e5 att isolera 25kV.<\/p>\n<p>Bistabila rel\u00e4er med l\u00e5sning f\u00f6r l\u00e4gre energif\u00f6rbrukning.<\/p>\n<p>Montering \u00e4r i alla axlar.<\/p>\n<p>Anslutning med ledare f\u00f6r enkel och flexibel montering vid h\u00f6ga sp\u00e4nningar.<\/p>\n","protected":false},"excerpt":{"rendered":"<p>De flesta rel\u00e4er och kontaktorer anses vara &#8221;fels\u00e4kra&#8221;. Dessa rel\u00e4er kr\u00e4ver att spolsp\u00e4nningen \u00e4r konstant str\u00f6mf\u00f6rs\u00f6rjd f\u00f6r att s\u00e4kerst\u00e4lla att rel\u00e4et \u00e4r kopplat. N\u00e4r spolsp\u00e4nningen tas bort \u00e5terg\u00e5r den r\u00f6rliga kontakten i ett fels\u00e4kert rel\u00e4 till sitt standardl\u00e4ge. F\u00f6r att ett bistabilt rel\u00e4 ska kunna \u00e4ndra den r\u00f6rliga kontaktens l\u00e4ge kr\u00e4vs en tillf\u00e4llig spolpulserande r\u00f6relse&#8230;<\/p>\n","protected":false},"featured_media":8018057,"comment_status":"closed","ping_status":"closed","template":"","meta":{"_kad_post_transparent":"default","_kad_post_title":"","_kad_post_layout":"default","_kad_post_sidebar_id":"","_kad_post_content_style":"default","_kad_post_vertical_padding":"default","_kad_post_feature":"","_kad_post_feature_position":"","_kad_post_header":false,"_kad_post_footer":false,"_kad_post_classname":""},"product_brand":[920],"product_cat":[10630,10711,9629,10759],"product_tag":[],"product_facet":[10773],"class_list":{"0":"post-1009648","1":"product","2":"type-product","3":"status-publish","4":"has-post-thumbnail","6":"product_brand-gigavac","7":"product_cat-components","8":"product_cat-high-voltage-relays","9":"product_cat-latching-bi-stable","10":"product_cat-products","11":"product_facet-facet-components","13":"first","14":"instock","15":"downloadable","16":"shipping-taxable","17":"product-type-simple","18":"entry","19":"content-bg","20":"loop-entry"},"_links":{"self":[{"href":"https:\/\/scn.eu\/sv\/wp-json\/wp\/v2\/product\/1009648","targetHints":{"allow":["GET"]}}],"collection":[{"href":"https:\/\/scn.eu\/sv\/wp-json\/wp\/v2\/product"}],"about":[{"href":"https:\/\/scn.eu\/sv\/wp-json\/wp\/v2\/types\/product"}],"replies":[{"embeddable":true,"href":"https:\/\/scn.eu\/sv\/wp-json\/wp\/v2\/comments?post=1009648"}],"version-history":[{"count":1,"href":"https:\/\/scn.eu\/sv\/wp-json\/wp\/v2\/product\/1009648\/revisions"}],"predecessor-version":[{"id":8018134,"href":"https:\/\/scn.eu\/sv\/wp-json\/wp\/v2\/product\/1009648\/revisions\/8018134"}],"wp:featuredmedia":[{"embeddable":true,"href":"https:\/\/scn.eu\/sv\/wp-json\/wp\/v2\/media\/8018057"}],"wp:attachment":[{"href":"https:\/\/scn.eu\/sv\/wp-json\/wp\/v2\/media?parent=1009648"}],"wp:term":[{"taxonomy":"product_brand","embeddable":true,"href":"https:\/\/scn.eu\/sv\/wp-json\/wp\/v2\/product_brand?post=1009648"},{"taxonomy":"product_cat","embeddable":true,"href":"https:\/\/scn.eu\/sv\/wp-json\/wp\/v2\/product_cat?post=1009648"},{"taxonomy":"product_tag","embeddable":true,"href":"https:\/\/scn.eu\/sv\/wp-json\/wp\/v2\/product_tag?post=1009648"},{"taxonomy":"product_facet","embeddable":true,"href":"https:\/\/scn.eu\/sv\/wp-json\/wp\/v2\/product_facet?post=1009648"}],"curies":[{"name":"wp","href":"https:\/\/api.w.org\/{rel}","templated":true}]}}