{"id":1009466,"date":"2025-01-01T00:00:00","date_gmt":"2025-01-01T00:00:00","guid":{"rendered":"http:\/\/&#038;p=1009466"},"modified":"2026-03-20T00:57:50","modified_gmt":"2026-03-20T00:57:50","slug":"g2spd-sv","status":"publish","type":"product","link":"https:\/\/scn.eu\/sv\/produkt\/g2spd-sv\/","title":{"rendered":"G2SPD  H\u00f6gsp\u00e4nningsrel\u00e4 Dubbla v\u00e4xlande kontakter (2xCO) 15kV"},"content":{"rendered":"<p>Dubbla v\u00e4xlande brytare kan styras med en enda man\u00f6verspolsignal.<br \/>\nEftersom kontakterna \u00e4r mekaniskt kopplade i m\u00e5nga till\u00e4mpningar anv\u00e4nds en av kontaktupps\u00e4ttningarna som hj\u00e4lpkontakter f\u00f6r att ge krets\u00e5terkoppling som anger rel\u00e4kontaktl\u00e4get.<\/p>\n<p>Liksom med v\u00e5ra andra h\u00f6gsp\u00e4nningsrel\u00e4er erbjuder GIGAVAC flera olika utf\u00f6randen av vakuum- och gasfyllda h\u00f6gsp\u00e4nningsrel\u00e4er. Vakuum eller gas som dielektrikum ger unika f\u00f6rdelar beroende p\u00e5 till\u00e4mpningen. <\/p>\n<p>G2SPD L\u00e5g och stabil kontaktresistans f\u00f6r stora str\u00f6mmar och sm\u00e5 sp\u00e4nningsfall.<\/p>\n<p>Endast sm\u00e5 f\u00f6rluster i RF-kretsar.<\/p>\n<p>Montering \u00e4r i alla axlar.<br \/>\nF\u00f6r l\u00f6danslutning eller praktisk g\u00e4ngad HV-anslutning.<\/p>\n","protected":false},"excerpt":{"rendered":"<p>Dubbla v\u00e4xlande brytare kan styras med en enda man\u00f6verspolsignal. Eftersom kontakterna \u00e4r mekaniskt kopplade i m\u00e5nga till\u00e4mpningar anv\u00e4nds en av kontaktupps\u00e4ttningarna som hj\u00e4lpkontakter f\u00f6r att ge krets\u00e5terkoppling som anger rel\u00e4kontaktl\u00e4get. Liksom med v\u00e5ra andra h\u00f6gsp\u00e4nningsrel\u00e4er erbjuder GIGAVAC flera olika utf\u00f6randen av vakuum- och gasfyllda h\u00f6gsp\u00e4nningsrel\u00e4er. Vakuum eller gas som dielektrikum ger unika f\u00f6rdelar beroende p\u00e5&#8230;<\/p>\n","protected":false},"featured_media":8017459,"comment_status":"closed","ping_status":"closed","template":"","meta":{"_kad_post_transparent":"default","_kad_post_title":"","_kad_post_layout":"default","_kad_post_sidebar_id":"","_kad_post_content_style":"default","_kad_post_vertical_padding":"default","_kad_post_feature":"","_kad_post_feature_position":"","_kad_post_header":false,"_kad_post_footer":false,"_kad_post_classname":""},"product_brand":[920],"product_cat":[10630,9652,10711,10759],"product_tag":[],"product_facet":[],"class_list":{"0":"post-1009466","1":"product","2":"type-product","3":"status-publish","4":"has-post-thumbnail","6":"product_brand-gigavac","7":"product_cat-components","8":"product_cat-dpdt-double-pole-double-throw","9":"product_cat-high-voltage-relays","10":"product_cat-products","12":"first","13":"instock","14":"downloadable","15":"shipping-taxable","16":"product-type-simple","17":"entry","18":"content-bg","19":"loop-entry"},"_links":{"self":[{"href":"https:\/\/scn.eu\/sv\/wp-json\/wp\/v2\/product\/1009466","targetHints":{"allow":["GET"]}}],"collection":[{"href":"https:\/\/scn.eu\/sv\/wp-json\/wp\/v2\/product"}],"about":[{"href":"https:\/\/scn.eu\/sv\/wp-json\/wp\/v2\/types\/product"}],"replies":[{"embeddable":true,"href":"https:\/\/scn.eu\/sv\/wp-json\/wp\/v2\/comments?post=1009466"}],"version-history":[{"count":1,"href":"https:\/\/scn.eu\/sv\/wp-json\/wp\/v2\/product\/1009466\/revisions"}],"predecessor-version":[{"id":8017660,"href":"https:\/\/scn.eu\/sv\/wp-json\/wp\/v2\/product\/1009466\/revisions\/8017660"}],"wp:featuredmedia":[{"embeddable":true,"href":"https:\/\/scn.eu\/sv\/wp-json\/wp\/v2\/media\/8017459"}],"wp:attachment":[{"href":"https:\/\/scn.eu\/sv\/wp-json\/wp\/v2\/media?parent=1009466"}],"wp:term":[{"taxonomy":"product_brand","embeddable":true,"href":"https:\/\/scn.eu\/sv\/wp-json\/wp\/v2\/product_brand?post=1009466"},{"taxonomy":"product_cat","embeddable":true,"href":"https:\/\/scn.eu\/sv\/wp-json\/wp\/v2\/product_cat?post=1009466"},{"taxonomy":"product_tag","embeddable":true,"href":"https:\/\/scn.eu\/sv\/wp-json\/wp\/v2\/product_tag?post=1009466"},{"taxonomy":"product_facet","embeddable":true,"href":"https:\/\/scn.eu\/sv\/wp-json\/wp\/v2\/product_facet?post=1009466"}],"curies":[{"name":"wp","href":"https:\/\/api.w.org\/{rel}","templated":true}]}}