{"id":1009417,"date":"2025-01-01T00:00:00","date_gmt":"2025-01-01T00:00:00","guid":{"rendered":"http:\/\/&#038;p=1009417"},"modified":"2026-03-20T00:57:23","modified_gmt":"2026-03-20T00:57:23","slug":"g20-sv","status":"publish","type":"product","link":"https:\/\/scn.eu\/sv\/produkt\/g20-sv\/","title":{"rendered":"G20  H\u00f6gsp\u00e4nningsrel\u00e4 Normalt \u00f6ppen (NO) 28kV"},"content":{"rendered":"<p>En enda station\u00e4r kontakt och en r\u00f6rlig kontakt ger en enkel on-off-konfiguration. <\/p>\n<p>Rel\u00e4funktionen \u00e4r normalt \u00f6ppen NO eller normalt sluten NC.<\/p>\n<p>Normalt \u00f6ppna rel\u00e4er ger en bruten elkrets tills man\u00f6verspolen \u00e4r sp\u00e4nningsatt.<br \/>\nN\u00e4r man\u00f6verspolen \u00e4r aktiverad s\u00e5 \u00e4r elkretsen sluten \u00f6ver rel\u00e4kontakten. <\/p>\n<p>Normalt slutna rel\u00e4er h\u00e5ller en sluten elkrets tills man\u00f6verspolen sp\u00e4nningsatts varvid rel\u00e4kontakterna \u00f6ppnas och bryter elkretsen (isolerar). <\/p>\n<p>GIGAVAC erbjuder flera olika konstruktionsformer, inklusive h\u00f6gsp\u00e4nnings- och RF-reedrel\u00e4er samt traditionella keramiska vakuum- och gasfyllda h\u00f6gsp\u00e4nningsrel\u00e4er. Var och en av dessa rel\u00e4konstruktioner erbjuder unika f\u00f6rdelar beroende p\u00e5 applikationen. <\/p>\n<p>G20 L\u00e5gt stabilt kontaktmotst\u00e5nd f\u00f6r h\u00f6g \u00f6verf\u00f6ringsstr\u00f6m och l\u00e5gt sp\u00e4nningsfall.<\/p>\n<p>L\u00e5g f\u00f6rlust i RF-kretsar.<\/p>\n<p>Kan monteras i vilket l\u00e4ge och riktning som helst.<\/p>\n","protected":false},"excerpt":{"rendered":"<p>En enda station\u00e4r kontakt och en r\u00f6rlig kontakt ger en enkel on-off-konfiguration. Rel\u00e4funktionen \u00e4r normalt \u00f6ppen NO eller normalt sluten NC. Normalt \u00f6ppna rel\u00e4er ger en bruten elkrets tills man\u00f6verspolen \u00e4r sp\u00e4nningsatt. N\u00e4r man\u00f6verspolen \u00e4r aktiverad s\u00e5 \u00e4r elkretsen sluten \u00f6ver rel\u00e4kontakten. Normalt slutna rel\u00e4er h\u00e5ller en sluten elkrets tills man\u00f6verspolen sp\u00e4nningsatts varvid rel\u00e4kontakterna \u00f6ppnas&#8230;<\/p>\n","protected":false},"featured_media":8017525,"comment_status":"closed","ping_status":"closed","template":"","meta":{"_kad_post_transparent":"default","_kad_post_title":"","_kad_post_layout":"default","_kad_post_sidebar_id":"","_kad_post_content_style":"default","_kad_post_vertical_padding":"default","_kad_post_feature":"","_kad_post_feature_position":"","_kad_post_header":false,"_kad_post_footer":false,"_kad_post_classname":""},"product_brand":[920],"product_cat":[10630,10711,10759,9640],"product_tag":[],"product_facet":[],"class_list":{"0":"post-1009417","1":"product","2":"type-product","3":"status-publish","4":"has-post-thumbnail","6":"product_brand-gigavac","7":"product_cat-components","8":"product_cat-high-voltage-relays","9":"product_cat-products","10":"product_cat-spst-single-pole-single-throw","12":"first","13":"instock","14":"downloadable","15":"shipping-taxable","16":"product-type-simple","17":"entry","18":"content-bg","19":"loop-entry"},"_links":{"self":[{"href":"https:\/\/scn.eu\/sv\/wp-json\/wp\/v2\/product\/1009417","targetHints":{"allow":["GET"]}}],"collection":[{"href":"https:\/\/scn.eu\/sv\/wp-json\/wp\/v2\/product"}],"about":[{"href":"https:\/\/scn.eu\/sv\/wp-json\/wp\/v2\/types\/product"}],"replies":[{"embeddable":true,"href":"https:\/\/scn.eu\/sv\/wp-json\/wp\/v2\/comments?post=1009417"}],"version-history":[{"count":1,"href":"https:\/\/scn.eu\/sv\/wp-json\/wp\/v2\/product\/1009417\/revisions"}],"predecessor-version":[{"id":8017527,"href":"https:\/\/scn.eu\/sv\/wp-json\/wp\/v2\/product\/1009417\/revisions\/8017527"}],"wp:featuredmedia":[{"embeddable":true,"href":"https:\/\/scn.eu\/sv\/wp-json\/wp\/v2\/media\/8017525"}],"wp:attachment":[{"href":"https:\/\/scn.eu\/sv\/wp-json\/wp\/v2\/media?parent=1009417"}],"wp:term":[{"taxonomy":"product_brand","embeddable":true,"href":"https:\/\/scn.eu\/sv\/wp-json\/wp\/v2\/product_brand?post=1009417"},{"taxonomy":"product_cat","embeddable":true,"href":"https:\/\/scn.eu\/sv\/wp-json\/wp\/v2\/product_cat?post=1009417"},{"taxonomy":"product_tag","embeddable":true,"href":"https:\/\/scn.eu\/sv\/wp-json\/wp\/v2\/product_tag?post=1009417"},{"taxonomy":"product_facet","embeddable":true,"href":"https:\/\/scn.eu\/sv\/wp-json\/wp\/v2\/product_facet?post=1009417"}],"curies":[{"name":"wp","href":"https:\/\/api.w.org\/{rel}","templated":true}]}}