{"id":1009410,"date":"2025-01-01T00:00:00","date_gmt":"2025-01-01T00:00:00","guid":{"rendered":"http:\/\/&#038;p=1009410"},"modified":"2026-03-20T00:57:19","modified_gmt":"2026-03-20T00:57:19","slug":"g2-sv","status":"publish","type":"product","link":"https:\/\/scn.eu\/sv\/produkt\/g2-sv\/","title":{"rendered":"G2  H\u00f6gsp\u00e4nningsrel\u00e4 V\u00e4xlande rel\u00e4funktion (CO) 15kV"},"content":{"rendered":"<p>Den v\u00e4xlande kontakten leder fr\u00e5n en station\u00e4r kontakt till en annan n\u00e4r man\u00f6verspolen aktiveras eller avaktiveras. <\/p>\n<p>Liksom med v\u00e5ra andra h\u00f6gsp\u00e4nningsrel\u00e4er erbjuder GIGAVAC flera olika utf\u00f6randen av vakuum- och gasfyllda h\u00f6gsp\u00e4nningsrel\u00e4er. Vakuum eller gas som dielektrikum erbjuder unika f\u00f6rdelar beroende p\u00e5 applikationen. <\/p>\n<p>G2 L\u00e5gt och stabilt kontaktmotst\u00e5nd f\u00f6r h\u00f6g \u00f6verf\u00f6ringsstr\u00f6m och l\u00e5gt sp\u00e4nningsfall.<\/p>\n<p>Utm\u00e4rkt val f\u00f6r RF-applikationer.<\/p>\n<p>Montering \u00e4r i alla axlar.<br \/>\nPraktisk g\u00e4ngad HV-anslutning eller f\u00f6r l\u00f6danslutning.<\/p>\n","protected":false},"excerpt":{"rendered":"<p>Den v\u00e4xlande kontakten leder fr\u00e5n en station\u00e4r kontakt till en annan n\u00e4r man\u00f6verspolen aktiveras eller avaktiveras. Liksom med v\u00e5ra andra h\u00f6gsp\u00e4nningsrel\u00e4er erbjuder GIGAVAC flera olika utf\u00f6randen av vakuum- och gasfyllda h\u00f6gsp\u00e4nningsrel\u00e4er. Vakuum eller gas som dielektrikum erbjuder unika f\u00f6rdelar beroende p\u00e5 applikationen. G2 L\u00e5gt och stabilt kontaktmotst\u00e5nd f\u00f6r h\u00f6g \u00f6verf\u00f6ringsstr\u00f6m och l\u00e5gt sp\u00e4nningsfall. Utm\u00e4rkt val&#8230;<\/p>\n","protected":false},"featured_media":8017503,"comment_status":"closed","ping_status":"closed","template":"","meta":{"_kad_post_transparent":"default","_kad_post_title":"","_kad_post_layout":"default","_kad_post_sidebar_id":"","_kad_post_content_style":"default","_kad_post_vertical_padding":"default","_kad_post_feature":"","_kad_post_feature_position":"","_kad_post_header":false,"_kad_post_footer":false,"_kad_post_classname":""},"product_brand":[920],"product_cat":[10630,10711,10759,9647],"product_tag":[],"product_facet":[],"class_list":{"0":"post-1009410","1":"product","2":"type-product","3":"status-publish","4":"has-post-thumbnail","6":"product_brand-gigavac","7":"product_cat-components","8":"product_cat-high-voltage-relays","9":"product_cat-products","10":"product_cat-spdt-single-pole-double-throw","12":"first","13":"instock","14":"downloadable","15":"shipping-taxable","16":"product-type-simple","17":"entry","18":"content-bg","19":"loop-entry"},"_links":{"self":[{"href":"https:\/\/scn.eu\/sv\/wp-json\/wp\/v2\/product\/1009410","targetHints":{"allow":["GET"]}}],"collection":[{"href":"https:\/\/scn.eu\/sv\/wp-json\/wp\/v2\/product"}],"about":[{"href":"https:\/\/scn.eu\/sv\/wp-json\/wp\/v2\/types\/product"}],"replies":[{"embeddable":true,"href":"https:\/\/scn.eu\/sv\/wp-json\/wp\/v2\/comments?post=1009410"}],"version-history":[{"count":1,"href":"https:\/\/scn.eu\/sv\/wp-json\/wp\/v2\/product\/1009410\/revisions"}],"predecessor-version":[{"id":8017505,"href":"https:\/\/scn.eu\/sv\/wp-json\/wp\/v2\/product\/1009410\/revisions\/8017505"}],"wp:featuredmedia":[{"embeddable":true,"href":"https:\/\/scn.eu\/sv\/wp-json\/wp\/v2\/media\/8017503"}],"wp:attachment":[{"href":"https:\/\/scn.eu\/sv\/wp-json\/wp\/v2\/media?parent=1009410"}],"wp:term":[{"taxonomy":"product_brand","embeddable":true,"href":"https:\/\/scn.eu\/sv\/wp-json\/wp\/v2\/product_brand?post=1009410"},{"taxonomy":"product_cat","embeddable":true,"href":"https:\/\/scn.eu\/sv\/wp-json\/wp\/v2\/product_cat?post=1009410"},{"taxonomy":"product_tag","embeddable":true,"href":"https:\/\/scn.eu\/sv\/wp-json\/wp\/v2\/product_tag?post=1009410"},{"taxonomy":"product_facet","embeddable":true,"href":"https:\/\/scn.eu\/sv\/wp-json\/wp\/v2\/product_facet?post=1009410"}],"curies":[{"name":"wp","href":"https:\/\/api.w.org\/{rel}","templated":true}]}}