{"id":1009368,"date":"2025-01-01T00:00:00","date_gmt":"2025-01-01T00:00:00","guid":{"rendered":"http:\/\/&#038;p=1009368"},"modified":"2026-03-20T00:56:55","modified_gmt":"2026-03-20T00:56:55","slug":"g13-sv","status":"publish","type":"product","link":"https:\/\/scn.eu\/sv\/produkt\/g13-sv\/","title":{"rendered":"G13  H\u00f6gsp\u00e4nningsrel\u00e4 Dubbla v\u00e4xlande kontakter (2xCO) 15kV"},"content":{"rendered":"<p>Den v\u00e4xlande kontakten leder fr\u00e5n en station\u00e4r kontakt till en annan n\u00e4r man\u00f6verspolen aktiveras eller avaktiveras. <\/p>\n<p>Liksom med v\u00e5ra andra h\u00f6gsp\u00e4nningsrel\u00e4er erbjuder GIGAVAC flera olika utf\u00f6randen av vakuum- och gasfyllda h\u00f6gsp\u00e4nningsrel\u00e4er. Vakuum eller gas som dielektrikum erbjuder unika f\u00f6rdelar beroende p\u00e5 applikationen.  <\/p>\n<p>G13 Slitstarka Volframkontakter med intern skydd f\u00f6rb\u00e4ttrar m\u00f6jligheten att v\u00e4xla under belastning.<\/p>\n<p>Isolerade ledare g\u00f6r det enkelt att ansluta. Anpassade l\u00e4ngder finns tillg\u00e4ngliga.<\/p>\n<p>Montering \u00e4r i alla axlar.<\/p>\n","protected":false},"excerpt":{"rendered":"<p>Den v\u00e4xlande kontakten leder fr\u00e5n en station\u00e4r kontakt till en annan n\u00e4r man\u00f6verspolen aktiveras eller avaktiveras. Liksom med v\u00e5ra andra h\u00f6gsp\u00e4nningsrel\u00e4er erbjuder GIGAVAC flera olika utf\u00f6randen av vakuum- och gasfyllda h\u00f6gsp\u00e4nningsrel\u00e4er. Vakuum eller gas som dielektrikum erbjuder unika f\u00f6rdelar beroende p\u00e5 applikationen. G13 Slitstarka Volframkontakter med intern skydd f\u00f6rb\u00e4ttrar m\u00f6jligheten att v\u00e4xla under belastning. Isolerade&#8230;<\/p>\n","protected":false},"featured_media":8017371,"comment_status":"closed","ping_status":"closed","template":"","meta":{"_kad_post_transparent":"default","_kad_post_title":"","_kad_post_layout":"default","_kad_post_sidebar_id":"","_kad_post_content_style":"default","_kad_post_vertical_padding":"default","_kad_post_feature":"","_kad_post_feature_position":"","_kad_post_header":false,"_kad_post_footer":false,"_kad_post_classname":""},"product_brand":[920],"product_cat":[10630,9652,10711,10759],"product_tag":[],"product_facet":[],"class_list":{"0":"post-1009368","1":"product","2":"type-product","3":"status-publish","4":"has-post-thumbnail","6":"product_brand-gigavac","7":"product_cat-components","8":"product_cat-dpdt-double-pole-double-throw","9":"product_cat-high-voltage-relays","10":"product_cat-products","12":"first","13":"instock","14":"downloadable","15":"shipping-taxable","16":"product-type-simple","17":"entry","18":"content-bg","19":"loop-entry"},"_links":{"self":[{"href":"https:\/\/scn.eu\/sv\/wp-json\/wp\/v2\/product\/1009368","targetHints":{"allow":["GET"]}}],"collection":[{"href":"https:\/\/scn.eu\/sv\/wp-json\/wp\/v2\/product"}],"about":[{"href":"https:\/\/scn.eu\/sv\/wp-json\/wp\/v2\/types\/product"}],"replies":[{"embeddable":true,"href":"https:\/\/scn.eu\/sv\/wp-json\/wp\/v2\/comments?post=1009368"}],"version-history":[{"count":1,"href":"https:\/\/scn.eu\/sv\/wp-json\/wp\/v2\/product\/1009368\/revisions"}],"predecessor-version":[{"id":8017373,"href":"https:\/\/scn.eu\/sv\/wp-json\/wp\/v2\/product\/1009368\/revisions\/8017373"}],"wp:featuredmedia":[{"embeddable":true,"href":"https:\/\/scn.eu\/sv\/wp-json\/wp\/v2\/media\/8017371"}],"wp:attachment":[{"href":"https:\/\/scn.eu\/sv\/wp-json\/wp\/v2\/media?parent=1009368"}],"wp:term":[{"taxonomy":"product_brand","embeddable":true,"href":"https:\/\/scn.eu\/sv\/wp-json\/wp\/v2\/product_brand?post=1009368"},{"taxonomy":"product_cat","embeddable":true,"href":"https:\/\/scn.eu\/sv\/wp-json\/wp\/v2\/product_cat?post=1009368"},{"taxonomy":"product_tag","embeddable":true,"href":"https:\/\/scn.eu\/sv\/wp-json\/wp\/v2\/product_tag?post=1009368"},{"taxonomy":"product_facet","embeddable":true,"href":"https:\/\/scn.eu\/sv\/wp-json\/wp\/v2\/product_facet?post=1009368"}],"curies":[{"name":"wp","href":"https:\/\/api.w.org\/{rel}","templated":true}]}}