{"id":1009340,"date":"2025-01-01T00:00:00","date_gmt":"2025-01-01T00:00:00","guid":{"rendered":"http:\/\/&#038;p=1009340"},"modified":"2026-03-20T00:56:38","modified_gmt":"2026-03-20T00:56:38","slug":"fu252-sv","status":"publish","type":"product","link":"https:\/\/scn.eu\/sv\/produkt\/fu252-sv\/","title":{"rendered":"FU210 Signalkonverter Frekvens till analog"},"content":{"rendered":"<p>Med Motrona FU210 f\u00e5r du en h\u00f6gpresterande frekvens-till-analog- och frekvens-till-seriell-omvandlare med enast\u00e5ende funktioner och flera konverteringsl\u00e4gen. <\/p>\n<p>FU210 kan konvertera alla frekvenser, men \u00e4ven summan, skillnaden, produkten eller f\u00f6rh\u00e5llandet mellan tv\u00e5 frekvenser till analogt och seriellt format. Brett ing\u00e5ngsintervall fr\u00e5n 1Hz till 1MHz f\u00f6r fullskalig utg\u00e5ng. Ing\u00e5ngen accepterar kvadraturkodarsignaler med TTL\/RS422-format eller med HTL-niv\u00e5 (A,B) samt enkanalsignaler fr\u00e5n sensorer med PNP- eller NPN- eller Namur-utg\u00e5ng.<\/p>\n<p>Funktioner:<br \/>\n&#8211; Analoga utg\u00e5ngar +\/- 10V (polariteten representerar rotationsriktningen) och 0\/4-20mA, uppl\u00f6sning 14 bitar.<br \/>\n&#8211; Seriellt RS232- och RS485-gr\u00e4nssnitt f\u00f6r utl\u00e4sning av den faktiska ing\u00e5ngsfrekvensen.<br \/>\n&#8211; Omvandlingstid endast 1ms, d\u00e4rf\u00f6r \u00e4ven l\u00e4mplig som tachoers\u00e4ttning.<br \/>\n&#8211; Uppl\u00f6sning 16 bitar och noggrannhet 0,1%.<br \/>\n&#8211; L\u00e4tt att st\u00e4lla in genom ett enkelt TEACH-f\u00f6rfarande eller via PC (operat\u00f6rsprogram ing\u00e5r).<br \/>\n&#8211; Justerbart flytande medelv\u00e4rdesfilter f\u00f6r att j\u00e4mna ut sv\u00e4ngningar i utdata vid ostadiga ing\u00e5ngsfrekvenser.<br \/>\n&#8211; Friprogrammerbara linj\u00e4riseringskurvor<br \/>\n&#8211; Str\u00f6mf\u00f6rs\u00f6rjning 18-30VDC, extra sp\u00e4nningsutg\u00e5ng 5V f\u00f6r str\u00f6mf\u00f6rs\u00f6rjning av enkoder.<\/p>\n","protected":false},"excerpt":{"rendered":"<p>Med Motrona FU210 f\u00e5r du en h\u00f6gpresterande frekvens-till-analog- och frekvens-till-seriell-omvandlare med enast\u00e5ende funktioner och flera konverteringsl\u00e4gen. FU210 kan konvertera alla frekvenser, men \u00e4ven summan, skillnaden, produkten eller f\u00f6rh\u00e5llandet mellan tv\u00e5 frekvenser till analogt och seriellt format. Brett ing\u00e5ngsintervall fr\u00e5n 1Hz till 1MHz f\u00f6r fullskalig utg\u00e5ng. Ing\u00e5ngen accepterar kvadraturkodarsignaler med TTL\/RS422-format eller med HTL-niv\u00e5 (A,B) samt&#8230;<\/p>\n","protected":false},"featured_media":8017283,"comment_status":"closed","ping_status":"closed","template":"","meta":{"_kad_post_transparent":"default","_kad_post_title":"","_kad_post_layout":"default","_kad_post_sidebar_id":"","_kad_post_content_style":"default","_kad_post_vertical_padding":"default","_kad_post_feature":"","_kad_post_feature_position":"","_kad_post_header":false,"_kad_post_footer":false,"_kad_post_classname":""},"product_brand":[936],"product_cat":[10630,8853,10759],"product_tag":[],"product_facet":[],"class_list":{"0":"post-1009340","1":"product","2":"type-product","3":"status-publish","4":"has-post-thumbnail","6":"product_brand-motrona","7":"product_cat-components","8":"product_cat-panel-indicators-and-converters","9":"product_cat-products","11":"first","12":"instock","13":"downloadable","14":"shipping-taxable","15":"product-type-simple","16":"entry","17":"content-bg","18":"loop-entry"},"_links":{"self":[{"href":"https:\/\/scn.eu\/sv\/wp-json\/wp\/v2\/product\/1009340","targetHints":{"allow":["GET"]}}],"collection":[{"href":"https:\/\/scn.eu\/sv\/wp-json\/wp\/v2\/product"}],"about":[{"href":"https:\/\/scn.eu\/sv\/wp-json\/wp\/v2\/types\/product"}],"replies":[{"embeddable":true,"href":"https:\/\/scn.eu\/sv\/wp-json\/wp\/v2\/comments?post=1009340"}],"version-history":[{"count":1,"href":"https:\/\/scn.eu\/sv\/wp-json\/wp\/v2\/product\/1009340\/revisions"}],"predecessor-version":[{"id":8017285,"href":"https:\/\/scn.eu\/sv\/wp-json\/wp\/v2\/product\/1009340\/revisions\/8017285"}],"wp:featuredmedia":[{"embeddable":true,"href":"https:\/\/scn.eu\/sv\/wp-json\/wp\/v2\/media\/8017283"}],"wp:attachment":[{"href":"https:\/\/scn.eu\/sv\/wp-json\/wp\/v2\/media?parent=1009340"}],"wp:term":[{"taxonomy":"product_brand","embeddable":true,"href":"https:\/\/scn.eu\/sv\/wp-json\/wp\/v2\/product_brand?post=1009340"},{"taxonomy":"product_cat","embeddable":true,"href":"https:\/\/scn.eu\/sv\/wp-json\/wp\/v2\/product_cat?post=1009340"},{"taxonomy":"product_tag","embeddable":true,"href":"https:\/\/scn.eu\/sv\/wp-json\/wp\/v2\/product_tag?post=1009340"},{"taxonomy":"product_facet","embeddable":true,"href":"https:\/\/scn.eu\/sv\/wp-json\/wp\/v2\/product_facet?post=1009340"}],"curies":[{"name":"wp","href":"https:\/\/api.w.org\/{rel}","templated":true}]}}