{"id":1009319,"date":"2025-01-01T00:00:00","date_gmt":"2025-01-01T00:00:00","guid":{"rendered":"http:\/\/&#038;p=1009319"},"modified":"2026-03-20T00:56:21","modified_gmt":"2026-03-20T00:56:21","slug":"frontdirection-sv","status":"publish","type":"product","link":"https:\/\/scn.eu\/sv\/produkt\/frontdirection-sv\/","title":{"rendered":"Blinkers- och positionsljus fram"},"content":{"rendered":"<p>LED-indikator f\u00f6r k\u00f6rriktningsvisare + fr\u00e4mre positionslampa.<\/p>\n<p>Godk\u00e4nd f\u00f6r horisontell eller vertikal montering.<\/p>\n<p>12\/24 Volt, 3,5W.<\/p>\n<p>Kabel 0,5 m.<\/p>\n<p>ECE-godk\u00e4nd.<\/p>\n<p>IP6K9K<\/p>\n","protected":false},"excerpt":{"rendered":"<p>LED-indikator f\u00f6r k\u00f6rriktningsvisare + fr\u00e4mre positionslampa. Godk\u00e4nd f\u00f6r horisontell eller vertikal montering. 12\/24 Volt, 3,5W. Kabel 0,5 m. ECE-godk\u00e4nd. IP6K9K<\/p>\n","protected":false},"featured_media":8017231,"comment_status":"closed","ping_status":"closed","template":"","meta":{"_kad_post_transparent":"default","_kad_post_title":"","_kad_post_layout":"default","_kad_post_sidebar_id":"","_kad_post_content_style":"default","_kad_post_vertical_padding":"default","_kad_post_feature":"","_kad_post_feature_position":"","_kad_post_header":false,"_kad_post_footer":false,"_kad_post_classname":""},"product_brand":[942],"product_cat":[10630,9099,10641,10759],"product_tag":[],"product_facet":[],"class_list":{"0":"post-1009319","1":"product","2":"type-product","3":"status-publish","4":"has-post-thumbnail","6":"product_brand-proplast","7":"product_cat-components","8":"product_cat-led-direction-indication-and-beacon-lights","9":"product_cat-led-lights","10":"product_cat-products","12":"first","13":"instock","14":"downloadable","15":"shipping-taxable","16":"product-type-simple","17":"entry","18":"content-bg","19":"loop-entry"},"_links":{"self":[{"href":"https:\/\/scn.eu\/sv\/wp-json\/wp\/v2\/product\/1009319","targetHints":{"allow":["GET"]}}],"collection":[{"href":"https:\/\/scn.eu\/sv\/wp-json\/wp\/v2\/product"}],"about":[{"href":"https:\/\/scn.eu\/sv\/wp-json\/wp\/v2\/types\/product"}],"replies":[{"embeddable":true,"href":"https:\/\/scn.eu\/sv\/wp-json\/wp\/v2\/comments?post=1009319"}],"version-history":[{"count":1,"href":"https:\/\/scn.eu\/sv\/wp-json\/wp\/v2\/product\/1009319\/revisions"}],"predecessor-version":[{"id":8017233,"href":"https:\/\/scn.eu\/sv\/wp-json\/wp\/v2\/product\/1009319\/revisions\/8017233"}],"wp:featuredmedia":[{"embeddable":true,"href":"https:\/\/scn.eu\/sv\/wp-json\/wp\/v2\/media\/8017231"}],"wp:attachment":[{"href":"https:\/\/scn.eu\/sv\/wp-json\/wp\/v2\/media?parent=1009319"}],"wp:term":[{"taxonomy":"product_brand","embeddable":true,"href":"https:\/\/scn.eu\/sv\/wp-json\/wp\/v2\/product_brand?post=1009319"},{"taxonomy":"product_cat","embeddable":true,"href":"https:\/\/scn.eu\/sv\/wp-json\/wp\/v2\/product_cat?post=1009319"},{"taxonomy":"product_tag","embeddable":true,"href":"https:\/\/scn.eu\/sv\/wp-json\/wp\/v2\/product_tag?post=1009319"},{"taxonomy":"product_facet","embeddable":true,"href":"https:\/\/scn.eu\/sv\/wp-json\/wp\/v2\/product_facet?post=1009319"}],"curies":[{"name":"wp","href":"https:\/\/api.w.org\/{rel}","templated":true}]}}