{"id":1009284,"date":"2025-01-01T00:00:00","date_gmt":"2025-01-01T00:00:00","guid":{"rendered":"http:\/\/&#038;p=1009284"},"modified":"2026-03-20T00:55:36","modified_gmt":"2026-03-20T00:55:36","slug":"fieldbustwclptlpc-sv","status":"publish","type":"product","link":"https:\/\/scn.eu\/sv\/produkt\/fieldbustwclptlpc-sv\/","title":{"rendered":"Field-BUS TWC LPT LPC Sl\u00e4pringar"},"content":{"rendered":"<p>F\u00e4ltbuss \u00e4r namnet p\u00e5 en familj av n\u00e4tverksprotokoll f\u00f6r industridatorer som anv\u00e4nds f\u00f6r distribuerad styrning i realtid. <\/p>\n<p>Det l\u00f6ser fr\u00e4mst den digitala kommunikationen mellan f\u00e4ltutrustning som intelligent instrumentering, styrenheter och st\u00e4lldon i industriomr\u00e5det och informations\u00f6verf\u00f6ringen mellan dessa f\u00e4ltstyrenheter och avancerade styrsystem.<\/p>\n<p>JINPAT:s sl\u00e4pringar f\u00f6r f\u00e4ltbussar \u00e4r tillf\u00f6rlitliga och m\u00f6jligg\u00f6r \u00f6verf\u00f6ring av data via Profibus, PROFINET, EtherCAT, RS232, RS485, CANBUS och CC-Link-protokoll fr\u00e5n en station\u00e4r till en roterande struktur.<br \/>\nV\u00e5r konstruktion \u00e4r tillg\u00e4nglig med flera f\u00e4ltbusskanaler, kraft- och signaler i en och samma sl\u00e4pring. <\/p>\n<p>Dessutom uppfyller de innovativa konstruktionerna de kr\u00e4vande kraven p\u00e5 \u00f6verh\u00f6rning, ing\u00e5ngsf\u00f6rlust och returf\u00f6rlust f\u00f6r att kontrollera brusf\u00f6rh\u00e5llandet och s\u00e4kerst\u00e4lla \u00f6verf\u00f6ringsstabilitet. <\/p>\n<p>Som ledande tillverkare av sl\u00e4pringar och med m\u00e5let att bli en av de fr\u00e4msta tillverkarna i v\u00e4rlden har JINPAT aldrig slutat att utveckla f\u00e4ltbuss-sl\u00e4pringar f\u00f6r att h\u00e5lla j\u00e4mna steg med den senaste tekniken.<\/p>\n<p>JINPAT har utvecklat ett brett utbud av f\u00e4ltbuss-produkter med kombinationer av data och kraft i flera mekaniska konfigurationer f\u00f6r att uppfylla dina applikationsbehov.<\/p>\n","protected":false},"excerpt":{"rendered":"<p>F\u00e4ltbuss \u00e4r namnet p\u00e5 en familj av n\u00e4tverksprotokoll f\u00f6r industridatorer som anv\u00e4nds f\u00f6r distribuerad styrning i realtid. Det l\u00f6ser fr\u00e4mst den digitala kommunikationen mellan f\u00e4ltutrustning som intelligent instrumentering, styrenheter och st\u00e4lldon i industriomr\u00e5det och informations\u00f6verf\u00f6ringen mellan dessa f\u00e4ltstyrenheter och avancerade styrsystem. JINPAT:s sl\u00e4pringar f\u00f6r f\u00e4ltbussar \u00e4r tillf\u00f6rlitliga och m\u00f6jligg\u00f6r \u00f6verf\u00f6ring av data via Profibus, PROFINET,&#8230;<\/p>\n","protected":false},"featured_media":8017121,"comment_status":"closed","ping_status":"closed","template":"","meta":{"_kad_post_transparent":"default","_kad_post_title":"","_kad_post_layout":"default","_kad_post_sidebar_id":"","_kad_post_content_style":"default","_kad_post_vertical_padding":"default","_kad_post_feature":"","_kad_post_feature_position":"","_kad_post_header":false,"_kad_post_footer":false,"_kad_post_classname":""},"product_brand":[941],"product_cat":[10630,9492,10759,10632],"product_tag":[],"product_facet":[],"class_list":{"0":"post-1009284","1":"product","2":"type-product","3":"status-publish","4":"has-post-thumbnail","6":"product_brand-jinpat","7":"product_cat-components","8":"product_cat-field-bus-slip-rings","9":"product_cat-products","10":"product_cat-slip-rings","12":"first","13":"instock","14":"downloadable","15":"shipping-taxable","16":"product-type-simple","17":"entry","18":"content-bg","19":"loop-entry"},"_links":{"self":[{"href":"https:\/\/scn.eu\/sv\/wp-json\/wp\/v2\/product\/1009284","targetHints":{"allow":["GET"]}}],"collection":[{"href":"https:\/\/scn.eu\/sv\/wp-json\/wp\/v2\/product"}],"about":[{"href":"https:\/\/scn.eu\/sv\/wp-json\/wp\/v2\/types\/product"}],"replies":[{"embeddable":true,"href":"https:\/\/scn.eu\/sv\/wp-json\/wp\/v2\/comments?post=1009284"}],"version-history":[{"count":1,"href":"https:\/\/scn.eu\/sv\/wp-json\/wp\/v2\/product\/1009284\/revisions"}],"predecessor-version":[{"id":8017123,"href":"https:\/\/scn.eu\/sv\/wp-json\/wp\/v2\/product\/1009284\/revisions\/8017123"}],"wp:featuredmedia":[{"embeddable":true,"href":"https:\/\/scn.eu\/sv\/wp-json\/wp\/v2\/media\/8017121"}],"wp:attachment":[{"href":"https:\/\/scn.eu\/sv\/wp-json\/wp\/v2\/media?parent=1009284"}],"wp:term":[{"taxonomy":"product_brand","embeddable":true,"href":"https:\/\/scn.eu\/sv\/wp-json\/wp\/v2\/product_brand?post=1009284"},{"taxonomy":"product_cat","embeddable":true,"href":"https:\/\/scn.eu\/sv\/wp-json\/wp\/v2\/product_cat?post=1009284"},{"taxonomy":"product_tag","embeddable":true,"href":"https:\/\/scn.eu\/sv\/wp-json\/wp\/v2\/product_tag?post=1009284"},{"taxonomy":"product_facet","embeddable":true,"href":"https:\/\/scn.eu\/sv\/wp-json\/wp\/v2\/product_facet?post=1009284"}],"curies":[{"name":"wp","href":"https:\/\/api.w.org\/{rel}","templated":true}]}}