{"id":1009095,"date":"2025-01-01T00:00:00","date_gmt":"2025-01-01T00:00:00","guid":{"rendered":"http:\/\/&#038;p=1009095"},"modified":"2026-03-20T00:53:25","modified_gmt":"2026-03-20T00:53:25","slug":"ew2530-sv","status":"publish","type":"product","link":"https:\/\/scn.eu\/sv\/produkt\/ew2530-sv\/","title":{"rendered":"EW2530 LED Arbetsbelysning"},"content":{"rendered":"<p>Arbetslampan EW2530 erbjuder den senaste tekniken och det allra starkaste vita ljuset<br \/>\nf\u00f6r din applikation. EMC-kompatibel och 120-graders bred ljusbild med extremt starkt ljus i en kompakt design g\u00f6r denna arbetslampa perfekt f\u00f6r en m\u00e4ngd olika applikationer. Denna LED-modell erbjuder \u00f6ver 80 000 timmars underh\u00e5llsfri f\u00f6rv\u00e4ntad livsl\u00e4ngd i kombination med l\u00e5g f\u00f6rbrukning och en inbyggd ventil f\u00f6r att f\u00f6rhindra imma.<\/p>\n","protected":false},"excerpt":{"rendered":"<p>Arbetslampan EW2530 erbjuder den senaste tekniken och det allra starkaste vita ljuset f\u00f6r din applikation. EMC-kompatibel och 120-graders bred ljusbild med extremt starkt ljus i en kompakt design g\u00f6r denna arbetslampa perfekt f\u00f6r en m\u00e4ngd olika applikationer. Denna LED-modell erbjuder \u00f6ver 80 000 timmars underh\u00e5llsfri f\u00f6rv\u00e4ntad livsl\u00e4ngd i kombination med l\u00e5g f\u00f6rbrukning och en inbyggd&#8230;<\/p>\n","protected":false},"featured_media":8016548,"comment_status":"closed","ping_status":"closed","template":"","meta":{"_kad_post_transparent":"default","_kad_post_title":"","_kad_post_layout":"default","_kad_post_sidebar_id":"","_kad_post_content_style":"default","_kad_post_vertical_padding":"default","_kad_post_feature":"","_kad_post_feature_position":"","_kad_post_header":false,"_kad_post_footer":false,"_kad_post_classname":""},"product_brand":[921],"product_cat":[10630,10641,9098,10759],"product_tag":[],"product_facet":[],"class_list":{"0":"post-1009095","1":"product","2":"type-product","3":"status-publish","4":"has-post-thumbnail","6":"product_brand-ecco-safety","7":"product_cat-components","8":"product_cat-led-lights","9":"product_cat-led-work-lamps","10":"product_cat-products","12":"first","13":"instock","14":"downloadable","15":"shipping-taxable","16":"product-type-simple","17":"entry","18":"content-bg","19":"loop-entry"},"_links":{"self":[{"href":"https:\/\/scn.eu\/sv\/wp-json\/wp\/v2\/product\/1009095","targetHints":{"allow":["GET"]}}],"collection":[{"href":"https:\/\/scn.eu\/sv\/wp-json\/wp\/v2\/product"}],"about":[{"href":"https:\/\/scn.eu\/sv\/wp-json\/wp\/v2\/types\/product"}],"replies":[{"embeddable":true,"href":"https:\/\/scn.eu\/sv\/wp-json\/wp\/v2\/comments?post=1009095"}],"version-history":[{"count":1,"href":"https:\/\/scn.eu\/sv\/wp-json\/wp\/v2\/product\/1009095\/revisions"}],"predecessor-version":[{"id":8016550,"href":"https:\/\/scn.eu\/sv\/wp-json\/wp\/v2\/product\/1009095\/revisions\/8016550"}],"wp:featuredmedia":[{"embeddable":true,"href":"https:\/\/scn.eu\/sv\/wp-json\/wp\/v2\/media\/8016548"}],"wp:attachment":[{"href":"https:\/\/scn.eu\/sv\/wp-json\/wp\/v2\/media?parent=1009095"}],"wp:term":[{"taxonomy":"product_brand","embeddable":true,"href":"https:\/\/scn.eu\/sv\/wp-json\/wp\/v2\/product_brand?post=1009095"},{"taxonomy":"product_cat","embeddable":true,"href":"https:\/\/scn.eu\/sv\/wp-json\/wp\/v2\/product_cat?post=1009095"},{"taxonomy":"product_tag","embeddable":true,"href":"https:\/\/scn.eu\/sv\/wp-json\/wp\/v2\/product_tag?post=1009095"},{"taxonomy":"product_facet","embeddable":true,"href":"https:\/\/scn.eu\/sv\/wp-json\/wp\/v2\/product_facet?post=1009095"}],"curies":[{"name":"wp","href":"https:\/\/api.w.org\/{rel}","templated":true}]}}