{"id":1009081,"date":"2025-01-01T00:00:00","date_gmt":"2025-01-01T00:00:00","guid":{"rendered":"http:\/\/&#038;p=1009081"},"modified":"2026-03-20T00:53:18","modified_gmt":"2026-03-20T00:53:18","slug":"ew2102-sv","status":"publish","type":"product","link":"https:\/\/scn.eu\/sv\/produkt\/ew2102-sv\/","title":{"rendered":"EW2102 EQUINOX med \u00e5tta 3-Watt LED arbetsbelysning"},"content":{"rendered":"<p>Med en modern husform och exklusivt ECCO-grill inf\u00e4llt i linsen, Equinox<br \/>\n\u00e4r en distinkt universell arbetslampa som lyser starkt i alla arbetsmilj\u00f6er. De<br \/>\nEW2102-modellen har ocks\u00e5 Lo-Glo\u00ae, en upplyst ECCO-logotyp som ger b\u00e5de<br \/>\nett modernt utseende och erbjuder extra s\u00e4kerhet som ett hindermarkeringsljus. Med<br \/>\nrobust h\u00f6lje, kapslingsklass IP67. EW2102 har de extra f\u00f6rdelarna med en UV<br \/>\nh\u00e5rdbelagd lins och en fukttransporterande ventil f\u00f6r \u00f6verl\u00e4gset milj\u00f6skydd.<\/p>\n","protected":false},"excerpt":{"rendered":"<p>Med en modern husform och exklusivt ECCO-grill inf\u00e4llt i linsen, Equinox \u00e4r en distinkt universell arbetslampa som lyser starkt i alla arbetsmilj\u00f6er. De EW2102-modellen har ocks\u00e5 Lo-Glo\u00ae, en upplyst ECCO-logotyp som ger b\u00e5de ett modernt utseende och erbjuder extra s\u00e4kerhet som ett hindermarkeringsljus. Med robust h\u00f6lje, kapslingsklass IP67. EW2102 har de extra f\u00f6rdelarna med en&#8230;<\/p>\n","protected":false},"featured_media":8016504,"comment_status":"closed","ping_status":"closed","template":"","meta":{"_kad_post_transparent":"default","_kad_post_title":"","_kad_post_layout":"default","_kad_post_sidebar_id":"","_kad_post_content_style":"default","_kad_post_vertical_padding":"default","_kad_post_feature":"","_kad_post_feature_position":"","_kad_post_header":false,"_kad_post_footer":false,"_kad_post_classname":""},"product_brand":[921],"product_cat":[10630,10641,9098,10759],"product_tag":[],"product_facet":[],"class_list":{"0":"post-1009081","1":"product","2":"type-product","3":"status-publish","4":"has-post-thumbnail","6":"product_brand-ecco-safety","7":"product_cat-components","8":"product_cat-led-lights","9":"product_cat-led-work-lamps","10":"product_cat-products","12":"first","13":"instock","14":"downloadable","15":"shipping-taxable","16":"product-type-simple","17":"entry","18":"content-bg","19":"loop-entry"},"_links":{"self":[{"href":"https:\/\/scn.eu\/sv\/wp-json\/wp\/v2\/product\/1009081","targetHints":{"allow":["GET"]}}],"collection":[{"href":"https:\/\/scn.eu\/sv\/wp-json\/wp\/v2\/product"}],"about":[{"href":"https:\/\/scn.eu\/sv\/wp-json\/wp\/v2\/types\/product"}],"replies":[{"embeddable":true,"href":"https:\/\/scn.eu\/sv\/wp-json\/wp\/v2\/comments?post=1009081"}],"version-history":[{"count":1,"href":"https:\/\/scn.eu\/sv\/wp-json\/wp\/v2\/product\/1009081\/revisions"}],"predecessor-version":[{"id":8016506,"href":"https:\/\/scn.eu\/sv\/wp-json\/wp\/v2\/product\/1009081\/revisions\/8016506"}],"wp:featuredmedia":[{"embeddable":true,"href":"https:\/\/scn.eu\/sv\/wp-json\/wp\/v2\/media\/8016504"}],"wp:attachment":[{"href":"https:\/\/scn.eu\/sv\/wp-json\/wp\/v2\/media?parent=1009081"}],"wp:term":[{"taxonomy":"product_brand","embeddable":true,"href":"https:\/\/scn.eu\/sv\/wp-json\/wp\/v2\/product_brand?post=1009081"},{"taxonomy":"product_cat","embeddable":true,"href":"https:\/\/scn.eu\/sv\/wp-json\/wp\/v2\/product_cat?post=1009081"},{"taxonomy":"product_tag","embeddable":true,"href":"https:\/\/scn.eu\/sv\/wp-json\/wp\/v2\/product_tag?post=1009081"},{"taxonomy":"product_facet","embeddable":true,"href":"https:\/\/scn.eu\/sv\/wp-json\/wp\/v2\/product_facet?post=1009081"}],"curies":[{"name":"wp","href":"https:\/\/api.w.org\/{rel}","templated":true}]}}