{"id":1009074,"date":"2025-01-01T00:00:00","date_gmt":"2025-01-01T00:00:00","guid":{"rendered":"http:\/\/&#038;p=1009074"},"modified":"2026-03-20T00:53:15","modified_gmt":"2026-03-20T00:53:15","slug":"ew2025-sv","status":"publish","type":"product","link":"https:\/\/scn.eu\/sv\/produkt\/ew2025-sv\/","title":{"rendered":"EW2025 S\u00e4kerhetsbelysning f\u00f6r fotg\u00e4ngare"},"content":{"rendered":"<p>ECCOs EW2025R Outdoor Boundary Line \u00e4r designad f\u00f6r anv\u00e4ndning utomhus och skapar en s\u00e4kerhetszon runt omkretsen av ett fordon eller tung utrustning med en solid, r\u00f6d ljusstr\u00e5le. Komplettera s\u00e4kerhets- och varningsljus med denna kompakta enhet som enkelt installeras och producerar en kraftfull str\u00e5le som kommer att f\u00e5nga fotg\u00e4ngares uppm\u00e4rksamhet. EW2025R drivs med 12-80 VDC och \u00e4r konstruerad med ett robust, vibrationsbest\u00e4ndigt h\u00f6lje.<\/p>\n","protected":false},"excerpt":{"rendered":"<p>ECCOs EW2025R Outdoor Boundary Line \u00e4r designad f\u00f6r anv\u00e4ndning utomhus och skapar en s\u00e4kerhetszon runt omkretsen av ett fordon eller tung utrustning med en solid, r\u00f6d ljusstr\u00e5le. Komplettera s\u00e4kerhets- och varningsljus med denna kompakta enhet som enkelt installeras och producerar en kraftfull str\u00e5le som kommer att f\u00e5nga fotg\u00e4ngares uppm\u00e4rksamhet. EW2025R drivs med 12-80 VDC och&#8230;<\/p>\n","protected":false},"featured_media":8016482,"comment_status":"closed","ping_status":"closed","template":"","meta":{"_kad_post_transparent":"default","_kad_post_title":"","_kad_post_layout":"default","_kad_post_sidebar_id":"","_kad_post_content_style":"default","_kad_post_vertical_padding":"default","_kad_post_feature":"","_kad_post_feature_position":"","_kad_post_header":false,"_kad_post_footer":false,"_kad_post_classname":""},"product_brand":[921],"product_cat":[10630,10641,9098,10759],"product_tag":[],"product_facet":[],"class_list":{"0":"post-1009074","1":"product","2":"type-product","3":"status-publish","4":"has-post-thumbnail","6":"product_brand-ecco-safety","7":"product_cat-components","8":"product_cat-led-lights","9":"product_cat-led-work-lamps","10":"product_cat-products","12":"first","13":"instock","14":"downloadable","15":"shipping-taxable","16":"product-type-simple","17":"entry","18":"content-bg","19":"loop-entry"},"_links":{"self":[{"href":"https:\/\/scn.eu\/sv\/wp-json\/wp\/v2\/product\/1009074","targetHints":{"allow":["GET"]}}],"collection":[{"href":"https:\/\/scn.eu\/sv\/wp-json\/wp\/v2\/product"}],"about":[{"href":"https:\/\/scn.eu\/sv\/wp-json\/wp\/v2\/types\/product"}],"replies":[{"embeddable":true,"href":"https:\/\/scn.eu\/sv\/wp-json\/wp\/v2\/comments?post=1009074"}],"version-history":[{"count":1,"href":"https:\/\/scn.eu\/sv\/wp-json\/wp\/v2\/product\/1009074\/revisions"}],"predecessor-version":[{"id":8016484,"href":"https:\/\/scn.eu\/sv\/wp-json\/wp\/v2\/product\/1009074\/revisions\/8016484"}],"wp:featuredmedia":[{"embeddable":true,"href":"https:\/\/scn.eu\/sv\/wp-json\/wp\/v2\/media\/8016482"}],"wp:attachment":[{"href":"https:\/\/scn.eu\/sv\/wp-json\/wp\/v2\/media?parent=1009074"}],"wp:term":[{"taxonomy":"product_brand","embeddable":true,"href":"https:\/\/scn.eu\/sv\/wp-json\/wp\/v2\/product_brand?post=1009074"},{"taxonomy":"product_cat","embeddable":true,"href":"https:\/\/scn.eu\/sv\/wp-json\/wp\/v2\/product_cat?post=1009074"},{"taxonomy":"product_tag","embeddable":true,"href":"https:\/\/scn.eu\/sv\/wp-json\/wp\/v2\/product_tag?post=1009074"},{"taxonomy":"product_facet","embeddable":true,"href":"https:\/\/scn.eu\/sv\/wp-json\/wp\/v2\/product_facet?post=1009074"}],"curies":[{"name":"wp","href":"https:\/\/api.w.org\/{rel}","templated":true}]}}