{"id":1009060,"date":"2025-01-01T00:00:00","date_gmt":"2025-01-01T00:00:00","guid":{"rendered":"http:\/\/&#038;p=1009060"},"modified":"2026-03-20T00:53:07","modified_gmt":"2026-03-20T00:53:07","slug":"ew2010-sv","status":"publish","type":"product","link":"https:\/\/scn.eu\/sv\/produkt\/ew2010-sv\/","title":{"rendered":"EW2010 Rund LED s\u00e4kerhetsomr\u00e5de f\u00f6r fotg\u00e4ngare"},"content":{"rendered":"<p>ECCOs EW2010 LED Pedestrian Arrows \u00e4r designade speciellt f\u00f6r materialhanteringsapplikationer f\u00f6r att ge en visuell varning f\u00f6r fotg\u00e4ngare i n\u00e4rheten av mobil utrustning.<br \/>\nDessa lampor \u00e4r avsedda att komplettera ett 360\u00ba varningsljus genom att projicera en bl\u00e5 eller r\u00f6d pil p\u00e5 marken framf\u00f6r eller bak p\u00e5 fordonet.<br \/>\nDenna extra s\u00e4kerhetsfunktion \u00e4r s\u00e4rskilt anv\u00e4ndbar d\u00e4r blinda h\u00f6rn finns (d.v.s. lagerhyllor) och sannolikt kommer att ses av fotg\u00e4ngare som inte tittar upp eller \u00e4r mycket uppm\u00e4rksamma p\u00e5 sin omgivning. Med 12-56 VDC-drift, ett aluminiumh\u00f6lje och polykarbonatlins \u00e4r EW2010 extremt motst\u00e5ndskraftig mot st\u00f6tar och vibrationsskador.<\/p>\n","protected":false},"excerpt":{"rendered":"<p>ECCOs EW2010 LED Pedestrian Arrows \u00e4r designade speciellt f\u00f6r materialhanteringsapplikationer f\u00f6r att ge en visuell varning f\u00f6r fotg\u00e4ngare i n\u00e4rheten av mobil utrustning. Dessa lampor \u00e4r avsedda att komplettera ett 360\u00ba varningsljus genom att projicera en bl\u00e5 eller r\u00f6d pil p\u00e5 marken framf\u00f6r eller bak p\u00e5 fordonet. Denna extra s\u00e4kerhetsfunktion \u00e4r s\u00e4rskilt anv\u00e4ndbar d\u00e4r blinda&#8230;<\/p>\n","protected":false},"featured_media":8016438,"comment_status":"closed","ping_status":"closed","template":"","meta":{"_kad_post_transparent":"default","_kad_post_title":"","_kad_post_layout":"default","_kad_post_sidebar_id":"","_kad_post_content_style":"default","_kad_post_vertical_padding":"default","_kad_post_feature":"","_kad_post_feature_position":"","_kad_post_header":false,"_kad_post_footer":false,"_kad_post_classname":""},"product_brand":[921],"product_cat":[10630,10641,9098,10759],"product_tag":[],"product_facet":[],"class_list":{"0":"post-1009060","1":"product","2":"type-product","3":"status-publish","4":"has-post-thumbnail","6":"product_brand-ecco-safety","7":"product_cat-components","8":"product_cat-led-lights","9":"product_cat-led-work-lamps","10":"product_cat-products","12":"first","13":"instock","14":"downloadable","15":"shipping-taxable","16":"product-type-simple","17":"entry","18":"content-bg","19":"loop-entry"},"_links":{"self":[{"href":"https:\/\/scn.eu\/sv\/wp-json\/wp\/v2\/product\/1009060","targetHints":{"allow":["GET"]}}],"collection":[{"href":"https:\/\/scn.eu\/sv\/wp-json\/wp\/v2\/product"}],"about":[{"href":"https:\/\/scn.eu\/sv\/wp-json\/wp\/v2\/types\/product"}],"replies":[{"embeddable":true,"href":"https:\/\/scn.eu\/sv\/wp-json\/wp\/v2\/comments?post=1009060"}],"version-history":[{"count":1,"href":"https:\/\/scn.eu\/sv\/wp-json\/wp\/v2\/product\/1009060\/revisions"}],"predecessor-version":[{"id":8016440,"href":"https:\/\/scn.eu\/sv\/wp-json\/wp\/v2\/product\/1009060\/revisions\/8016440"}],"wp:featuredmedia":[{"embeddable":true,"href":"https:\/\/scn.eu\/sv\/wp-json\/wp\/v2\/media\/8016438"}],"wp:attachment":[{"href":"https:\/\/scn.eu\/sv\/wp-json\/wp\/v2\/media?parent=1009060"}],"wp:term":[{"taxonomy":"product_brand","embeddable":true,"href":"https:\/\/scn.eu\/sv\/wp-json\/wp\/v2\/product_brand?post=1009060"},{"taxonomy":"product_cat","embeddable":true,"href":"https:\/\/scn.eu\/sv\/wp-json\/wp\/v2\/product_cat?post=1009060"},{"taxonomy":"product_tag","embeddable":true,"href":"https:\/\/scn.eu\/sv\/wp-json\/wp\/v2\/product_tag?post=1009060"},{"taxonomy":"product_facet","embeddable":true,"href":"https:\/\/scn.eu\/sv\/wp-json\/wp\/v2\/product_facet?post=1009060"}],"curies":[{"name":"wp","href":"https:\/\/api.w.org\/{rel}","templated":true}]}}