{"id":1009039,"date":"2025-01-01T00:00:00","date_gmt":"2025-01-01T00:00:00","guid":{"rendered":"http:\/\/&#038;p=1009039"},"modified":"2026-03-20T00:52:53","modified_gmt":"2026-03-20T00:52:53","slug":"evasavas-sv","status":"publish","type":"product","link":"https:\/\/scn.eu\/sv\/produkt\/evasavas-sv\/","title":{"rendered":"EVAS &#8221;Electric Vehicle Alert System&#8221; f\u00f6r elfordon i l\u00e5g hastighet"},"content":{"rendered":"<p>Tillverkad enligt IATF\/TS 16949 internationell standard f\u00f6r kvalitetsstyrning inom fordonsindustrin.<br \/>\n&#8211; IP69+ (kan tv\u00e4ttas med h\u00f6gtryck).<br \/>\n&#8211; EMI\/EMC enligt fordonskrav f\u00f6r total tillf\u00f6rlitlighet i bullriga elektriska milj\u00f6er.<br \/>\n&#8211; Versioner med 12-24 V DC och 12-48 V DC f\u00f6r att passa b\u00e5de f\u00f6r traditionella och elektriska fordon.<br \/>\n&#8211; Industristandard J1939 CANbus.<br \/>\n&#8211; Tillg\u00e4nglig f\u00f6r inbr\u00e4nning &#8221;burn-in&#8221; under tillverkningen.<br \/>\n&#8211; Kan laddas via USB\/CAN.<br \/>\n&#8211; Smidig minskning och \u00f6kning vid \u00f6vre och nedre gr\u00e4nsv\u00e4rdet i inst\u00e4llt hastighetsomr\u00e5de.<br \/>\n&#8211; Undviker abrupta ljudf\u00f6r\u00e4ndringar och hackande ljud vid gr\u00e4nsen till inst\u00e4lld hastighet.<br \/>\n&#8211; Master\/slave-konfigurationer.<br \/>\n&#8211; M\u00f6jligg\u00f6r anv\u00e4ndning som ljudvarningar b\u00e5de f\u00f6r r\u00f6relse fram\u00e5t och bak\u00e5t.<br \/>\n&#8211; Kan enkelt ut\u00f6kas \u00f6ver CANbus.<br \/>\n&#8211; J1939-kompatibelt gr\u00e4nssnitt.<br \/>\n&#8211; Vanligt inom buss-, bil- och lastbilsindustrin.<br \/>\n&#8211; Andra protokoll kan f\u00e5s p\u00e5 beg\u00e4ran.<\/p>\n<p>&#8211; EVAS = Electric Vehicle Alert System (varningssystem f\u00f6r elfordon).<br \/>\n&#8211; AVAS = Acoustic Vehicle Alert System (akustiskt varningssystem f\u00f6r fordon).<br \/>\n&#8211; En ljudgenerator f\u00f6r att varna fotg\u00e4ngare och cyklister n\u00e4r ett tyst elfordon i n\u00e4rheten r\u00f6r sig.<br \/>\n&#8211; Utformad f\u00f6r att uppfylla FN:s f\u00f6reskrift 138 &#8221;Godk\u00e4nnande av tysta v\u00e4gtransportfordon med avseende p\u00e5 deras minskade h\u00f6rbarhet&#8221;.<br \/>\n&#8211; Skapar ett ljud n\u00e4r fordonets hastighet vanligtvis ligger mellan 0-20 km\/h.<br \/>\n&#8211; Tonh\u00f6jden och volymen \u00f6kar n\u00e4r hastigheten \u00f6kar.<br \/>\n&#8211; Tonh\u00f6jden och volymen sjunker n\u00e4r hastigheten minskar.<br \/>\n&#8211; Ansluts till fordonets CANbus f\u00f6r information om fordonets hastighet.<\/p>\n","protected":false},"excerpt":{"rendered":"<p>Tillverkad enligt IATF\/TS 16949 internationell standard f\u00f6r kvalitetsstyrning inom fordonsindustrin. &#8211; IP69+ (kan tv\u00e4ttas med h\u00f6gtryck). &#8211; EMI\/EMC enligt fordonskrav f\u00f6r total tillf\u00f6rlitlighet i bullriga elektriska milj\u00f6er. &#8211; Versioner med 12-24 V DC och 12-48 V DC f\u00f6r att passa b\u00e5de f\u00f6r traditionella och elektriska fordon. &#8211; Industristandard J1939 CANbus. &#8211; Tillg\u00e4nglig f\u00f6r inbr\u00e4nning &#8221;burn-in&#8221;&#8230;<\/p>\n","protected":false},"featured_media":8016372,"comment_status":"closed","ping_status":"closed","template":"","meta":{"_kad_post_transparent":"default","_kad_post_title":"","_kad_post_layout":"default","_kad_post_sidebar_id":"","_kad_post_content_style":"default","_kad_post_vertical_padding":"default","_kad_post_feature":"","_kad_post_feature_position":"","_kad_post_header":false,"_kad_post_footer":false,"_kad_post_classname":""},"product_brand":[921],"product_cat":[9345,8823,10630,10759],"product_tag":[],"product_facet":[],"class_list":{"0":"post-1009039","1":"product","2":"type-product","3":"status-publish","4":"has-post-thumbnail","6":"product_brand-ecco-safety","7":"product_cat-back-up-alarms","8":"product_cat-back-up-alarms-cameras","9":"product_cat-components","10":"product_cat-products","12":"first","13":"instock","14":"downloadable","15":"shipping-taxable","16":"product-type-simple","17":"entry","18":"content-bg","19":"loop-entry"},"_links":{"self":[{"href":"https:\/\/scn.eu\/sv\/wp-json\/wp\/v2\/product\/1009039","targetHints":{"allow":["GET"]}}],"collection":[{"href":"https:\/\/scn.eu\/sv\/wp-json\/wp\/v2\/product"}],"about":[{"href":"https:\/\/scn.eu\/sv\/wp-json\/wp\/v2\/types\/product"}],"replies":[{"embeddable":true,"href":"https:\/\/scn.eu\/sv\/wp-json\/wp\/v2\/comments?post=1009039"}],"version-history":[{"count":1,"href":"https:\/\/scn.eu\/sv\/wp-json\/wp\/v2\/product\/1009039\/revisions"}],"predecessor-version":[{"id":8016374,"href":"https:\/\/scn.eu\/sv\/wp-json\/wp\/v2\/product\/1009039\/revisions\/8016374"}],"wp:featuredmedia":[{"embeddable":true,"href":"https:\/\/scn.eu\/sv\/wp-json\/wp\/v2\/media\/8016372"}],"wp:attachment":[{"href":"https:\/\/scn.eu\/sv\/wp-json\/wp\/v2\/media?parent=1009039"}],"wp:term":[{"taxonomy":"product_brand","embeddable":true,"href":"https:\/\/scn.eu\/sv\/wp-json\/wp\/v2\/product_brand?post=1009039"},{"taxonomy":"product_cat","embeddable":true,"href":"https:\/\/scn.eu\/sv\/wp-json\/wp\/v2\/product_cat?post=1009039"},{"taxonomy":"product_tag","embeddable":true,"href":"https:\/\/scn.eu\/sv\/wp-json\/wp\/v2\/product_tag?post=1009039"},{"taxonomy":"product_facet","embeddable":true,"href":"https:\/\/scn.eu\/sv\/wp-json\/wp\/v2\/product_facet?post=1009039"}],"curies":[{"name":"wp","href":"https:\/\/api.w.org\/{rel}","templated":true}]}}