{"id":1009032,"date":"2025-01-01T00:00:00","date_gmt":"2025-01-01T00:00:00","guid":{"rendered":"http:\/\/&#038;p=1009032"},"modified":"2026-03-20T00:52:50","modified_gmt":"2026-03-20T00:52:50","slug":"esucforsusul-sv","status":"publish","type":"product","link":"https:\/\/scn.eu\/sv\/produkt\/esucforsusul-sv\/","title":{"rendered":"ESUC Modul f\u00f6r str\u00f6mm\u00e4tning till SU SUL"},"content":{"rendered":"<p>ESUC f\u00f6r SU\/SUL-omr\u00e5det.<br \/>\nModul f\u00f6r str\u00f6m\u00f6vervakning.<\/p>\n<p>ESUC-modulen \u00e4r ett tillval f\u00f6r celpac 2G-serien.<br \/>\nDenna modul monteras p\u00e5 SU eller SUL och ger anv\u00e4ndarna diagnostisk information f\u00f6r upp till fem parallella v\u00e4rmeelement.<\/p>\n<p>&#8211; \u00d6vervakning av permanent belastningsstr\u00f6m.<br \/>\n&#8211; Funktion f\u00f6r str\u00f6minl\u00e4rning med tryckknapp eller extern logisk ing\u00e5ng.<br \/>\n&#8211; En larmtr\u00f6skel: -16 % av den inst\u00e4llda str\u00f6mmen.<br \/>\n&#8211; Detektering av partiell lastbrytning.<br \/>\n&#8211; Detektering av \u00f6ppet n\u00e4t.<br \/>\n&#8211; Detektering av \u00f6ppen belastning.<br \/>\n&#8211; Detektering av kortsluten SSR.<\/p>\n<p>ESUC0450<br \/>\nStr\u00f6momr\u00e5de: 2-40A<br \/>\nStyrning: 8-30VDC<\/p>\n","protected":false},"excerpt":{"rendered":"<p>ESUC f\u00f6r SU\/SUL-omr\u00e5det. Modul f\u00f6r str\u00f6m\u00f6vervakning. ESUC-modulen \u00e4r ett tillval f\u00f6r celpac 2G-serien. Denna modul monteras p\u00e5 SU eller SUL och ger anv\u00e4ndarna diagnostisk information f\u00f6r upp till fem parallella v\u00e4rmeelement. &#8211; \u00d6vervakning av permanent belastningsstr\u00f6m. &#8211; Funktion f\u00f6r str\u00f6minl\u00e4rning med tryckknapp eller extern logisk ing\u00e5ng. &#8211; En larmtr\u00f6skel: -16 % av den inst\u00e4llda str\u00f6mmen&#8230;.<\/p>\n","protected":false},"featured_media":8016350,"comment_status":"closed","ping_status":"closed","template":"","meta":{"_kad_post_transparent":"default","_kad_post_title":"","_kad_post_layout":"default","_kad_post_sidebar_id":"","_kad_post_content_style":"default","_kad_post_vertical_padding":"default","_kad_post_feature":"","_kad_post_feature_position":"","_kad_post_header":false,"_kad_post_footer":false,"_kad_post_classname":""},"product_brand":[938],"product_cat":[9452,10630,10759,10417],"product_tag":[],"product_facet":[],"class_list":{"0":"post-1009032","1":"product","2":"type-product","3":"status-publish","4":"has-post-thumbnail","6":"product_brand-celduc","7":"product_cat-accessories-solid-state-relays-ssr","8":"product_cat-components","9":"product_cat-products","10":"product_cat-solid-state-relays-ssr","12":"first","13":"instock","14":"downloadable","15":"shipping-taxable","16":"product-type-simple","17":"entry","18":"content-bg","19":"loop-entry"},"_links":{"self":[{"href":"https:\/\/scn.eu\/sv\/wp-json\/wp\/v2\/product\/1009032","targetHints":{"allow":["GET"]}}],"collection":[{"href":"https:\/\/scn.eu\/sv\/wp-json\/wp\/v2\/product"}],"about":[{"href":"https:\/\/scn.eu\/sv\/wp-json\/wp\/v2\/types\/product"}],"replies":[{"embeddable":true,"href":"https:\/\/scn.eu\/sv\/wp-json\/wp\/v2\/comments?post=1009032"}],"version-history":[{"count":1,"href":"https:\/\/scn.eu\/sv\/wp-json\/wp\/v2\/product\/1009032\/revisions"}],"predecessor-version":[{"id":8016352,"href":"https:\/\/scn.eu\/sv\/wp-json\/wp\/v2\/product\/1009032\/revisions\/8016352"}],"wp:featuredmedia":[{"embeddable":true,"href":"https:\/\/scn.eu\/sv\/wp-json\/wp\/v2\/media\/8016350"}],"wp:attachment":[{"href":"https:\/\/scn.eu\/sv\/wp-json\/wp\/v2\/media?parent=1009032"}],"wp:term":[{"taxonomy":"product_brand","embeddable":true,"href":"https:\/\/scn.eu\/sv\/wp-json\/wp\/v2\/product_brand?post=1009032"},{"taxonomy":"product_cat","embeddable":true,"href":"https:\/\/scn.eu\/sv\/wp-json\/wp\/v2\/product_cat?post=1009032"},{"taxonomy":"product_tag","embeddable":true,"href":"https:\/\/scn.eu\/sv\/wp-json\/wp\/v2\/product_tag?post=1009032"},{"taxonomy":"product_facet","embeddable":true,"href":"https:\/\/scn.eu\/sv\/wp-json\/wp\/v2\/product_facet?post=1009032"}],"curies":[{"name":"wp","href":"https:\/\/api.w.org\/{rel}","templated":true}]}}