{"id":1008997,"date":"2025-01-01T00:00:00","date_gmt":"2025-01-01T00:00:00","guid":{"rendered":"http:\/\/&#038;p=1008997"},"modified":"2026-03-20T00:52:26","modified_gmt":"2026-03-20T00:52:26","slug":"els60w-sv","status":"publish","type":"product","link":"https:\/\/scn.eu\/sv\/produkt\/els60w-sv\/","title":{"rendered":"ELS60W, 60W, utsp\u00e4nning 24VDC"},"content":{"rendered":"<p>Karakteristisk:<br \/>\n\u25cf60W<br \/>\n\u25cf\u00d6versp\u00e4nningsskydd<br \/>\n\u25cfIngen belastning l\u00e5g str\u00f6mf\u00f6rbrukning<br \/>\n\u25cfUltrakompakt och 1U l\u00e5g profil (30 mm), l\u00e4mplig f\u00f6r installation med sm\u00e5 utrymmen<br \/>\n\u25cfAC\/DC-terminalanslutning<br \/>\n\u25cfH\u00f6lje helt i aluminium<br \/>\n\u25cfCE<\/p>\n","protected":false},"excerpt":{"rendered":"<p>Karakteristisk: \u25cf60W \u25cf\u00d6versp\u00e4nningsskydd \u25cfIngen belastning l\u00e5g str\u00f6mf\u00f6rbrukning \u25cfUltrakompakt och 1U l\u00e5g profil (30 mm), l\u00e4mplig f\u00f6r installation med sm\u00e5 utrymmen \u25cfAC\/DC-terminalanslutning \u25cfH\u00f6lje helt i aluminium \u25cfCE<\/p>\n","protected":false},"featured_media":8016240,"comment_status":"closed","ping_status":"closed","template":"","meta":{"_kad_post_transparent":"default","_kad_post_title":"","_kad_post_layout":"default","_kad_post_sidebar_id":"","_kad_post_content_style":"default","_kad_post_vertical_padding":"default","_kad_post_feature":"","_kad_post_feature_position":"","_kad_post_header":false,"_kad_post_footer":false,"_kad_post_classname":""},"product_brand":[933],"product_cat":[10630,10682,10759,9205],"product_tag":[],"product_facet":[],"class_list":{"0":"post-1008997","1":"product","2":"type-product","3":"status-publish","4":"has-post-thumbnail","6":"product_brand-mibbo","7":"product_cat-components","8":"product_cat-power-supplies","9":"product_cat-products","10":"product_cat-single-phase","12":"first","13":"instock","14":"downloadable","15":"shipping-taxable","16":"product-type-simple","17":"entry","18":"content-bg","19":"loop-entry"},"_links":{"self":[{"href":"https:\/\/scn.eu\/sv\/wp-json\/wp\/v2\/product\/1008997","targetHints":{"allow":["GET"]}}],"collection":[{"href":"https:\/\/scn.eu\/sv\/wp-json\/wp\/v2\/product"}],"about":[{"href":"https:\/\/scn.eu\/sv\/wp-json\/wp\/v2\/types\/product"}],"replies":[{"embeddable":true,"href":"https:\/\/scn.eu\/sv\/wp-json\/wp\/v2\/comments?post=1008997"}],"version-history":[{"count":1,"href":"https:\/\/scn.eu\/sv\/wp-json\/wp\/v2\/product\/1008997\/revisions"}],"predecessor-version":[{"id":8016242,"href":"https:\/\/scn.eu\/sv\/wp-json\/wp\/v2\/product\/1008997\/revisions\/8016242"}],"wp:featuredmedia":[{"embeddable":true,"href":"https:\/\/scn.eu\/sv\/wp-json\/wp\/v2\/media\/8016240"}],"wp:attachment":[{"href":"https:\/\/scn.eu\/sv\/wp-json\/wp\/v2\/media?parent=1008997"}],"wp:term":[{"taxonomy":"product_brand","embeddable":true,"href":"https:\/\/scn.eu\/sv\/wp-json\/wp\/v2\/product_brand?post=1008997"},{"taxonomy":"product_cat","embeddable":true,"href":"https:\/\/scn.eu\/sv\/wp-json\/wp\/v2\/product_cat?post=1008997"},{"taxonomy":"product_tag","embeddable":true,"href":"https:\/\/scn.eu\/sv\/wp-json\/wp\/v2\/product_tag?post=1008997"},{"taxonomy":"product_facet","embeddable":true,"href":"https:\/\/scn.eu\/sv\/wp-json\/wp\/v2\/product_facet?post=1008997"}],"curies":[{"name":"wp","href":"https:\/\/api.w.org\/{rel}","templated":true}]}}