{"id":1008969,"date":"2025-01-01T00:00:00","date_gmt":"2025-01-01T00:00:00","guid":{"rendered":"http:\/\/&#038;p=1008969"},"modified":"2026-03-20T00:52:12","modified_gmt":"2026-03-20T00:52:12","slug":"ed9040-sv","status":"publish","type":"product","link":"https:\/\/scn.eu\/sv\/produkt\/ed9040-sv\/","title":{"rendered":"ED9040 Positionslampa LED"},"content":{"rendered":"<p>ED9040 Hide-A-LED-serien ger funktionaliteten hos en varningslampa i en l\u00e5g profil, vilket g\u00f6r det m\u00f6jligt f\u00f6r fordonet att komma fram p\u00e5 ett s\u00e4kert s\u00e4tt till platsen. <\/p>\n<p>SAE Class I-ljusutg\u00e5ng, synkroniseringsm\u00f6jligheter och valet av 29 blinkm\u00f6nster f\u00f6r enf\u00e4rgad och 69 blinkm\u00f6nster f\u00f6r tv\u00e5f\u00e4rgad g\u00f6r det m\u00f6jligt att skapa en uppseendev\u00e4ckande flerf\u00e4rgad ljusinsamling. <\/p>\n<p>Ett varningssystem med h\u00e4lften av det antal lampor som vanligtvis kr\u00e4vs. <\/p>\n<p>ED9040 erbjuder flexibilitet med flera olika inf\u00e4llda monteringstill\u00e4mpningar p\u00e5 praktiskt taget vilken yta som helst, bland annat st\u00f6tf\u00e5ngare och p\u00e5 sidorna av fordon.<\/p>\n<p>Funktioner och f\u00f6rdelar:<br \/>\n 12-24 VDC<br \/>\n&#8211; Smal l\u00e5gprofilkonstruktion med 6 kraftfulla lysdioder f\u00f6r en ljusstark varningslampa.<br \/>\n&#8211; 29 blinkm\u00f6nster (enf\u00e4rgad) eller 69 blinkm\u00f6nster (tv\u00e5f\u00e4rgad).<br \/>\n&#8211; Allt-i-modul: alla kontroller \u00e4r inb\u00e4ddade i str\u00e5lkastaren, vilket g\u00f6r att man slipper en LED-blinkstyrenhet.<br \/>\n&#8211; Optimerad lins och optik, maximerar ljusstr\u00e5len i flera varianter med en eller tv\u00e5 f\u00e4rger.<br \/>\n&#8211; Diskret inf\u00e4lld montering, praktiskt taget till\u00e4mpligt p\u00e5 alla fordonsytor &#8211; kan s\u00e4ttas in i ett 25,4mm h\u00e5l, med 250mm kabel.<br \/>\n&#8211; Stabilt ljus och dimbar<br \/>\n&#8211; Synkroniserbar<br \/>\n&#8211; Temperaturomr\u00e5de: -30\u00baC till +50\u00baC<\/p>\n","protected":false},"excerpt":{"rendered":"<p>ED9040 Hide-A-LED-serien ger funktionaliteten hos en varningslampa i en l\u00e5g profil, vilket g\u00f6r det m\u00f6jligt f\u00f6r fordonet att komma fram p\u00e5 ett s\u00e4kert s\u00e4tt till platsen. SAE Class I-ljusutg\u00e5ng, synkroniseringsm\u00f6jligheter och valet av 29 blinkm\u00f6nster f\u00f6r enf\u00e4rgad och 69 blinkm\u00f6nster f\u00f6r tv\u00e5f\u00e4rgad g\u00f6r det m\u00f6jligt att skapa en uppseendev\u00e4ckande flerf\u00e4rgad ljusinsamling. Ett varningssystem med h\u00e4lften&#8230;<\/p>\n","protected":false},"featured_media":8016159,"comment_status":"closed","ping_status":"closed","template":"","meta":{"_kad_post_transparent":"default","_kad_post_title":"","_kad_post_layout":"default","_kad_post_sidebar_id":"","_kad_post_content_style":"default","_kad_post_vertical_padding":"default","_kad_post_feature":"","_kad_post_feature_position":"","_kad_post_header":false,"_kad_post_footer":false,"_kad_post_classname":""},"product_brand":[921],"product_cat":[10630,9099,10641,10759],"product_tag":[],"product_facet":[],"class_list":{"0":"post-1008969","1":"product","2":"type-product","3":"status-publish","4":"has-post-thumbnail","6":"product_brand-ecco-safety","7":"product_cat-components","8":"product_cat-led-direction-indication-and-beacon-lights","9":"product_cat-led-lights","10":"product_cat-products","12":"first","13":"instock","14":"downloadable","15":"shipping-taxable","16":"product-type-simple","17":"entry","18":"content-bg","19":"loop-entry"},"_links":{"self":[{"href":"https:\/\/scn.eu\/sv\/wp-json\/wp\/v2\/product\/1008969","targetHints":{"allow":["GET"]}}],"collection":[{"href":"https:\/\/scn.eu\/sv\/wp-json\/wp\/v2\/product"}],"about":[{"href":"https:\/\/scn.eu\/sv\/wp-json\/wp\/v2\/types\/product"}],"replies":[{"embeddable":true,"href":"https:\/\/scn.eu\/sv\/wp-json\/wp\/v2\/comments?post=1008969"}],"version-history":[{"count":1,"href":"https:\/\/scn.eu\/sv\/wp-json\/wp\/v2\/product\/1008969\/revisions"}],"predecessor-version":[{"id":8016161,"href":"https:\/\/scn.eu\/sv\/wp-json\/wp\/v2\/product\/1008969\/revisions\/8016161"}],"wp:featuredmedia":[{"embeddable":true,"href":"https:\/\/scn.eu\/sv\/wp-json\/wp\/v2\/media\/8016159"}],"wp:attachment":[{"href":"https:\/\/scn.eu\/sv\/wp-json\/wp\/v2\/media?parent=1008969"}],"wp:term":[{"taxonomy":"product_brand","embeddable":true,"href":"https:\/\/scn.eu\/sv\/wp-json\/wp\/v2\/product_brand?post=1008969"},{"taxonomy":"product_cat","embeddable":true,"href":"https:\/\/scn.eu\/sv\/wp-json\/wp\/v2\/product_cat?post=1008969"},{"taxonomy":"product_tag","embeddable":true,"href":"https:\/\/scn.eu\/sv\/wp-json\/wp\/v2\/product_tag?post=1008969"},{"taxonomy":"product_facet","embeddable":true,"href":"https:\/\/scn.eu\/sv\/wp-json\/wp\/v2\/product_facet?post=1008969"}],"curies":[{"name":"wp","href":"https:\/\/api.w.org\/{rel}","templated":true}]}}