{"id":1008962,"date":"2025-01-01T00:00:00","date_gmt":"2025-01-01T00:00:00","guid":{"rendered":"http:\/\/&#038;p=1008962"},"modified":"2026-03-20T00:52:10","modified_gmt":"2026-03-20T00:52:10","slug":"ed3794-sv","status":"publish","type":"product","link":"https:\/\/scn.eu\/sv\/produkt\/ed3794-sv\/","title":{"rendered":"ED3794 ULTRAFLEX\u2122 SERIEN Flexibel LED positions- och varningslampa"},"content":{"rendered":"<p>ECCOs UltraFlex \u00e4r en m\u00e5ngsidig varningslampa som kan monteras p\u00e5 plana eller kr\u00f6kta ytor upp till 120\u00b0 med sj\u00e4lvh\u00e4ftande tejp med mycket starkt f\u00e4ste. De 12 tv\u00e5f\u00e4rgade lysdioder ger exceptionell effekt med kombinationer av b\u00e4rnsten och vitt. Ljuset \u00e4r skyddat i ett genomskinligt silikonh\u00f6lje som kan b\u00f6jas samtidigt som de motst\u00e5r missf\u00e4rgning och skevhet. En tv\u00e5bultsram ing\u00e5r ocks\u00e5 som tillbeh\u00f6r f\u00f6r enkel installation p\u00e5 plana ytor.<\/p>\n","protected":false},"excerpt":{"rendered":"<p>ECCOs UltraFlex \u00e4r en m\u00e5ngsidig varningslampa som kan monteras p\u00e5 plana eller kr\u00f6kta ytor upp till 120\u00b0 med sj\u00e4lvh\u00e4ftande tejp med mycket starkt f\u00e4ste. De 12 tv\u00e5f\u00e4rgade lysdioder ger exceptionell effekt med kombinationer av b\u00e4rnsten och vitt. Ljuset \u00e4r skyddat i ett genomskinligt silikonh\u00f6lje som kan b\u00f6jas samtidigt som de motst\u00e5r missf\u00e4rgning och skevhet. En&#8230;<\/p>\n","protected":false},"featured_media":8016137,"comment_status":"closed","ping_status":"closed","template":"","meta":{"_kad_post_transparent":"default","_kad_post_title":"","_kad_post_layout":"default","_kad_post_sidebar_id":"","_kad_post_content_style":"default","_kad_post_vertical_padding":"default","_kad_post_feature":"","_kad_post_feature_position":"","_kad_post_header":false,"_kad_post_footer":false,"_kad_post_classname":""},"product_brand":[921],"product_cat":[10630,9099,10641,10759],"product_tag":[],"product_facet":[],"class_list":{"0":"post-1008962","1":"product","2":"type-product","3":"status-publish","4":"has-post-thumbnail","6":"product_brand-ecco-safety","7":"product_cat-components","8":"product_cat-led-direction-indication-and-beacon-lights","9":"product_cat-led-lights","10":"product_cat-products","12":"first","13":"instock","14":"downloadable","15":"shipping-taxable","16":"product-type-simple","17":"entry","18":"content-bg","19":"loop-entry"},"_links":{"self":[{"href":"https:\/\/scn.eu\/sv\/wp-json\/wp\/v2\/product\/1008962","targetHints":{"allow":["GET"]}}],"collection":[{"href":"https:\/\/scn.eu\/sv\/wp-json\/wp\/v2\/product"}],"about":[{"href":"https:\/\/scn.eu\/sv\/wp-json\/wp\/v2\/types\/product"}],"replies":[{"embeddable":true,"href":"https:\/\/scn.eu\/sv\/wp-json\/wp\/v2\/comments?post=1008962"}],"version-history":[{"count":1,"href":"https:\/\/scn.eu\/sv\/wp-json\/wp\/v2\/product\/1008962\/revisions"}],"predecessor-version":[{"id":8016139,"href":"https:\/\/scn.eu\/sv\/wp-json\/wp\/v2\/product\/1008962\/revisions\/8016139"}],"wp:featuredmedia":[{"embeddable":true,"href":"https:\/\/scn.eu\/sv\/wp-json\/wp\/v2\/media\/8016137"}],"wp:attachment":[{"href":"https:\/\/scn.eu\/sv\/wp-json\/wp\/v2\/media?parent=1008962"}],"wp:term":[{"taxonomy":"product_brand","embeddable":true,"href":"https:\/\/scn.eu\/sv\/wp-json\/wp\/v2\/product_brand?post=1008962"},{"taxonomy":"product_cat","embeddable":true,"href":"https:\/\/scn.eu\/sv\/wp-json\/wp\/v2\/product_cat?post=1008962"},{"taxonomy":"product_tag","embeddable":true,"href":"https:\/\/scn.eu\/sv\/wp-json\/wp\/v2\/product_tag?post=1008962"},{"taxonomy":"product_facet","embeddable":true,"href":"https:\/\/scn.eu\/sv\/wp-json\/wp\/v2\/product_facet?post=1008962"}],"curies":[{"name":"wp","href":"https:\/\/api.w.org\/{rel}","templated":true}]}}