{"id":1008703,"date":"2025-01-01T00:00:00","date_gmt":"2025-01-01T00:00:00","guid":{"rendered":"http:\/\/&#038;p=1008703"},"modified":"2026-03-20T00:50:03","modified_gmt":"2026-03-20T00:50:03","slug":"eco60-sv","status":"publish","type":"product","link":"https:\/\/scn.eu\/sv\/produkt\/eco60-sv\/","title":{"rendered":"Eco 6000-0000 Kapsling"},"content":{"rendered":"<p>Operat\u00f6rspaneler i ECO 060-serien \u00e4r de operat\u00f6rspaneler med de minsta m\u00e5tten.<br \/>\nMed sin moderna linje och elegans tillsammans med den artikulerade extra funktionen p\u00e5 panelen s\u00e5 har modulariteten n\u00e5tt en h\u00f6gre niv\u00e5.<\/p>\n<p>Det interna anv\u00e4ndningsdjupet f\u00f6r panelerna i 060-serien \u00e4r 60mm och den direkta anslutningen till operat\u00f6rsarmarna tillhandah\u00e5lls av TK060.832-modulen. <\/p>\n<p>Genom sina unika aluminiumprofiler har den en l\u00e4ttare och mer robust konstruktion \u00e4n andra.<\/p>\n<p>Den har funktionen av v\u00e4ggmontering med skruvkoppling fr\u00e5n fyra h\u00f6rn. Den har en helt t\u00e4t funktion vid o\u00f6nskade f\u00f6rh\u00e5llanden som till exempel damm och fukt.<br \/>\nPanelprofilen, panelh\u00f6rn, fram- och bakpaneler \u00e4r samtliga tillverkade i aluminium med h\u00f6rnskydd tillverkade i plast.<\/p>\n","protected":false},"excerpt":{"rendered":"<p>Operat\u00f6rspaneler i ECO 060-serien \u00e4r de operat\u00f6rspaneler med de minsta m\u00e5tten. Med sin moderna linje och elegans tillsammans med den artikulerade extra funktionen p\u00e5 panelen s\u00e5 har modulariteten n\u00e5tt en h\u00f6gre niv\u00e5. Det interna anv\u00e4ndningsdjupet f\u00f6r panelerna i 060-serien \u00e4r 60mm och den direkta anslutningen till operat\u00f6rsarmarna tillhandah\u00e5lls av TK060.832-modulen. Genom sina unika aluminiumprofiler har&#8230;<\/p>\n","protected":false},"featured_media":8015576,"comment_status":"closed","ping_status":"closed","template":"","meta":{"_kad_post_transparent":"default","_kad_post_title":"","_kad_post_layout":"default","_kad_post_sidebar_id":"","_kad_post_content_style":"default","_kad_post_vertical_padding":"default","_kad_post_feature":"","_kad_post_feature_position":"","_kad_post_header":false,"_kad_post_footer":false,"_kad_post_classname":""},"product_brand":[934],"product_cat":[10630,9380,10759,10669],"product_tag":[],"product_facet":[],"class_list":{"0":"post-1008703","1":"product","2":"type-product","3":"status-publish","4":"has-post-thumbnail","6":"product_brand-teknokol","7":"product_cat-components","8":"product_cat-operator-control-panel-hmi-enclosure-systems","9":"product_cat-products","10":"product_cat-support-arm-and-control-panel-systems","12":"first","13":"instock","14":"downloadable","15":"shipping-taxable","16":"product-type-simple","17":"entry","18":"content-bg","19":"loop-entry"},"_links":{"self":[{"href":"https:\/\/scn.eu\/sv\/wp-json\/wp\/v2\/product\/1008703","targetHints":{"allow":["GET"]}}],"collection":[{"href":"https:\/\/scn.eu\/sv\/wp-json\/wp\/v2\/product"}],"about":[{"href":"https:\/\/scn.eu\/sv\/wp-json\/wp\/v2\/types\/product"}],"replies":[{"embeddable":true,"href":"https:\/\/scn.eu\/sv\/wp-json\/wp\/v2\/comments?post=1008703"}],"version-history":[{"count":1,"href":"https:\/\/scn.eu\/sv\/wp-json\/wp\/v2\/product\/1008703\/revisions"}],"predecessor-version":[{"id":8015577,"href":"https:\/\/scn.eu\/sv\/wp-json\/wp\/v2\/product\/1008703\/revisions\/8015577"}],"wp:featuredmedia":[{"embeddable":true,"href":"https:\/\/scn.eu\/sv\/wp-json\/wp\/v2\/media\/8015576"}],"wp:attachment":[{"href":"https:\/\/scn.eu\/sv\/wp-json\/wp\/v2\/media?parent=1008703"}],"wp:term":[{"taxonomy":"product_brand","embeddable":true,"href":"https:\/\/scn.eu\/sv\/wp-json\/wp\/v2\/product_brand?post=1008703"},{"taxonomy":"product_cat","embeddable":true,"href":"https:\/\/scn.eu\/sv\/wp-json\/wp\/v2\/product_cat?post=1008703"},{"taxonomy":"product_tag","embeddable":true,"href":"https:\/\/scn.eu\/sv\/wp-json\/wp\/v2\/product_tag?post=1008703"},{"taxonomy":"product_facet","embeddable":true,"href":"https:\/\/scn.eu\/sv\/wp-json\/wp\/v2\/product_facet?post=1008703"}],"curies":[{"name":"wp","href":"https:\/\/api.w.org\/{rel}","templated":true}]}}