{"id":1008675,"date":"2025-01-01T00:00:00","date_gmt":"2025-01-01T00:00:00","guid":{"rendered":"http:\/\/&#038;p=1008675"},"modified":"2026-03-20T00:49:50","modified_gmt":"2026-03-20T00:49:50","slug":"eco1591-0000-sv","status":"publish","type":"product","link":"https:\/\/scn.eu\/sv\/produkt\/eco1591-0000-sv\/","title":{"rendered":"Eco 1591-0000 Kapsling"},"content":{"rendered":"<p>ECO 150-serien av operat\u00f6rspaneler \u00e4r operat\u00f6rspaneler av h\u00f6gsta klass i segmentet med ett extra djup i panelen.  <\/p>\n<p>Med sin moderna linje och elegans, tillsammans med den ledbara till\u00e4ggspanelen, har modulariteten n\u00e5tt en h\u00f6gre niv\u00e5. <\/p>\n<p>Det inre anv\u00e4ndningsdjupet f\u00f6r panelerna i 150-serien \u00e4r 240mm och det direkta anslutningsst\u00f6det till operat\u00f6rsarmarna tillhandah\u00e5lls av TK060.320 &#8211; TK120.320-modulerna och kan anv\u00e4ndas med alla paneler med specialiteten \u00d8130mm. <\/p>\n<p> Med hj\u00e4lp av sina unika aluminiumprofiler har den en l\u00e4ttare och mer robust struktur \u00e4n andra exempel.<br \/>\nDen har en funktion f\u00f6r montering p\u00e5 v\u00e4ggen med de fyra h\u00f6rnen med st\u00f6d av skruvf\u00f6rbindelser. <\/p>\n<p>Den har en t\u00e4tningsfunktion vid o\u00f6nskade f\u00f6rh\u00e5llanden som damm etc. <\/p>\n<p>Panelprofilen, panelh\u00f6rnen, fram- och baksidorna \u00e4r tillverkade av aluminium, h\u00f6rnskydd \u00e4r tillverkade av plastmaterial.<br \/>\nF\u00f6r en mer ergonomisk anv\u00e4ndning anv\u00e4nds ett handtag i denna panel.<\/p>\n","protected":false},"excerpt":{"rendered":"<p>ECO 150-serien av operat\u00f6rspaneler \u00e4r operat\u00f6rspaneler av h\u00f6gsta klass i segmentet med ett extra djup i panelen. Med sin moderna linje och elegans, tillsammans med den ledbara till\u00e4ggspanelen, har modulariteten n\u00e5tt en h\u00f6gre niv\u00e5. Det inre anv\u00e4ndningsdjupet f\u00f6r panelerna i 150-serien \u00e4r 240mm och det direkta anslutningsst\u00f6det till operat\u00f6rsarmarna tillhandah\u00e5lls av TK060.320 &#8211; TK120.320-modulerna och&#8230;<\/p>\n","protected":false},"featured_media":8015516,"comment_status":"closed","ping_status":"closed","template":"","meta":{"_kad_post_transparent":"default","_kad_post_title":"","_kad_post_layout":"default","_kad_post_sidebar_id":"","_kad_post_content_style":"default","_kad_post_vertical_padding":"default","_kad_post_feature":"","_kad_post_feature_position":"","_kad_post_header":false,"_kad_post_footer":false,"_kad_post_classname":""},"product_brand":[934],"product_cat":[10630,9380,10759,10669],"product_tag":[],"product_facet":[],"class_list":{"0":"post-1008675","1":"product","2":"type-product","3":"status-publish","4":"has-post-thumbnail","6":"product_brand-teknokol","7":"product_cat-components","8":"product_cat-operator-control-panel-hmi-enclosure-systems","9":"product_cat-products","10":"product_cat-support-arm-and-control-panel-systems","12":"first","13":"instock","14":"downloadable","15":"shipping-taxable","16":"product-type-simple","17":"entry","18":"content-bg","19":"loop-entry"},"_links":{"self":[{"href":"https:\/\/scn.eu\/sv\/wp-json\/wp\/v2\/product\/1008675","targetHints":{"allow":["GET"]}}],"collection":[{"href":"https:\/\/scn.eu\/sv\/wp-json\/wp\/v2\/product"}],"about":[{"href":"https:\/\/scn.eu\/sv\/wp-json\/wp\/v2\/types\/product"}],"replies":[{"embeddable":true,"href":"https:\/\/scn.eu\/sv\/wp-json\/wp\/v2\/comments?post=1008675"}],"version-history":[{"count":1,"href":"https:\/\/scn.eu\/sv\/wp-json\/wp\/v2\/product\/1008675\/revisions"}],"predecessor-version":[{"id":8015517,"href":"https:\/\/scn.eu\/sv\/wp-json\/wp\/v2\/product\/1008675\/revisions\/8015517"}],"wp:featuredmedia":[{"embeddable":true,"href":"https:\/\/scn.eu\/sv\/wp-json\/wp\/v2\/media\/8015516"}],"wp:attachment":[{"href":"https:\/\/scn.eu\/sv\/wp-json\/wp\/v2\/media?parent=1008675"}],"wp:term":[{"taxonomy":"product_brand","embeddable":true,"href":"https:\/\/scn.eu\/sv\/wp-json\/wp\/v2\/product_brand?post=1008675"},{"taxonomy":"product_cat","embeddable":true,"href":"https:\/\/scn.eu\/sv\/wp-json\/wp\/v2\/product_cat?post=1008675"},{"taxonomy":"product_tag","embeddable":true,"href":"https:\/\/scn.eu\/sv\/wp-json\/wp\/v2\/product_tag?post=1008675"},{"taxonomy":"product_facet","embeddable":true,"href":"https:\/\/scn.eu\/sv\/wp-json\/wp\/v2\/product_facet?post=1008675"}],"curies":[{"name":"wp","href":"https:\/\/api.w.org\/{rel}","templated":true}]}}