{"id":1008584,"date":"2025-01-01T00:00:00","date_gmt":"2025-01-01T00:00:00","guid":{"rendered":"http:\/\/&#038;p=1008584"},"modified":"2026-03-20T00:49:03","modified_gmt":"2026-03-20T00:49:03","slug":"eco1290-9000-sv","status":"publish","type":"product","link":"https:\/\/scn.eu\/sv\/produkt\/eco1290-9000-sv\/","title":{"rendered":"Eco 1290-9000 Kapsling"},"content":{"rendered":"<p>Operat\u00f6rspanelerna i ECO 120-serien \u00e4r operat\u00f6rspaneler med en bit \u00f6ver medelklassen som segment. <\/p>\n<p>Med sin moderna linje och elegans, tillsammans med den ledbara till\u00e4ggspanelen, har modulariteten n\u00e5tt en h\u00f6gre niv\u00e5. <\/p>\n<p>Det inre anv\u00e4ndningsdjupet f\u00f6r panelerna i 120-serien \u00e4r 120 mm och det direkta anslutningsst\u00f6det till operat\u00f6rsarmarna tillhandah\u00e5lls av modulen TK060.830. <\/p>\n<p>Tack vare sina unika aluminiumprofiler har den en l\u00e4ttare och mer robust struktur \u00e4n de andra exemplen. <\/p>\n<p>Den har en v\u00e4ggmonteringsfunktion med sin skruvanslutning fr\u00e5n de fyra h\u00f6rnen.<br \/>\nDen har en t\u00e4tningsspecialitet, i h\u00e4ndelse av o\u00f6nskade f\u00f6rh\u00e5llanden som damm etc. <\/p>\n<p>Panelprofilen, panelh\u00f6rnen, fram- och bakstycket \u00e4r tillverkade av aluminium och h\u00f6rnk\u00e5porna \u00e4r tillverkade av plastmaterial.<\/p>\n","protected":false},"excerpt":{"rendered":"<p>Operat\u00f6rspanelerna i ECO 120-serien \u00e4r operat\u00f6rspaneler med en bit \u00f6ver medelklassen som segment. Med sin moderna linje och elegans, tillsammans med den ledbara till\u00e4ggspanelen, har modulariteten n\u00e5tt en h\u00f6gre niv\u00e5. Det inre anv\u00e4ndningsdjupet f\u00f6r panelerna i 120-serien \u00e4r 120 mm och det direkta anslutningsst\u00f6det till operat\u00f6rsarmarna tillhandah\u00e5lls av modulen TK060.830. Tack vare sina unika aluminiumprofiler&#8230;<\/p>\n","protected":false},"featured_media":8015321,"comment_status":"closed","ping_status":"closed","template":"","meta":{"_kad_post_transparent":"default","_kad_post_title":"","_kad_post_layout":"default","_kad_post_sidebar_id":"","_kad_post_content_style":"default","_kad_post_vertical_padding":"default","_kad_post_feature":"","_kad_post_feature_position":"","_kad_post_header":false,"_kad_post_footer":false,"_kad_post_classname":""},"product_brand":[934],"product_cat":[10630,9380,10759,10669],"product_tag":[],"product_facet":[10773],"class_list":{"0":"post-1008584","1":"product","2":"type-product","3":"status-publish","4":"has-post-thumbnail","6":"product_brand-teknokol","7":"product_cat-components","8":"product_cat-operator-control-panel-hmi-enclosure-systems","9":"product_cat-products","10":"product_cat-support-arm-and-control-panel-systems","11":"product_facet-facet-components","13":"first","14":"instock","15":"downloadable","16":"shipping-taxable","17":"product-type-simple","18":"entry","19":"content-bg","20":"loop-entry"},"_links":{"self":[{"href":"https:\/\/scn.eu\/sv\/wp-json\/wp\/v2\/product\/1008584","targetHints":{"allow":["GET"]}}],"collection":[{"href":"https:\/\/scn.eu\/sv\/wp-json\/wp\/v2\/product"}],"about":[{"href":"https:\/\/scn.eu\/sv\/wp-json\/wp\/v2\/types\/product"}],"replies":[{"embeddable":true,"href":"https:\/\/scn.eu\/sv\/wp-json\/wp\/v2\/comments?post=1008584"}],"version-history":[{"count":1,"href":"https:\/\/scn.eu\/sv\/wp-json\/wp\/v2\/product\/1008584\/revisions"}],"predecessor-version":[{"id":8015322,"href":"https:\/\/scn.eu\/sv\/wp-json\/wp\/v2\/product\/1008584\/revisions\/8015322"}],"wp:featuredmedia":[{"embeddable":true,"href":"https:\/\/scn.eu\/sv\/wp-json\/wp\/v2\/media\/8015321"}],"wp:attachment":[{"href":"https:\/\/scn.eu\/sv\/wp-json\/wp\/v2\/media?parent=1008584"}],"wp:term":[{"taxonomy":"product_brand","embeddable":true,"href":"https:\/\/scn.eu\/sv\/wp-json\/wp\/v2\/product_brand?post=1008584"},{"taxonomy":"product_cat","embeddable":true,"href":"https:\/\/scn.eu\/sv\/wp-json\/wp\/v2\/product_cat?post=1008584"},{"taxonomy":"product_tag","embeddable":true,"href":"https:\/\/scn.eu\/sv\/wp-json\/wp\/v2\/product_tag?post=1008584"},{"taxonomy":"product_facet","embeddable":true,"href":"https:\/\/scn.eu\/sv\/wp-json\/wp\/v2\/product_facet?post=1008584"}],"curies":[{"name":"wp","href":"https:\/\/api.w.org\/{rel}","templated":true}]}}