{"id":1008528,"date":"2025-01-01T00:00:00","date_gmt":"2025-01-01T00:00:00","guid":{"rendered":"http:\/\/&#038;p=1008528"},"modified":"2026-03-20T00:48:38","modified_gmt":"2026-03-20T00:48:38","slug":"eccovitalvio-sv","status":"publish","type":"product","link":"https:\/\/scn.eu\/sv\/produkt\/eccovitalvio-sv\/","title":{"rendered":"ECCO Vital Vio Belysning"},"content":{"rendered":"<p>BAKTERIED\u00d6DANDE LJUS.<\/p>\n<p>Funktioner och f\u00f6rdelar:<br \/>\n&#8211; VioSafe\u2122 desinfektionsteknologi med vitt ljus har visat sig ge kontinuerlig desinfektion av bakterier* p\u00e5 ytor med h\u00f6g ber\u00f6ringsk\u00e4nsla i inomhusmilj\u00f6er.<\/p>\n<p>&#8211; Kr\u00e4ver ingen s\u00e4rskild stillest\u00e5ndstid f\u00f6r reng\u00f6ring till skillnad fr\u00e5n ultraviolett ljus vilket g\u00f6r det s\u00e4kert f\u00f6r arbetarna att utf\u00f6ra normal kursverksamhet n\u00e4r den anv\u00e4nds.<\/p>\n<p>&#8211; Minskar dramatiskt kontaminering och l\u00e4gger till ett skyddslager samtidigt som vit ljusbelysning som \u00e4r s\u00e4ker f\u00f6r m\u00e4nniskor och djur och som \u00e4r bevisat bakteried\u00f6dande<\/p>\n<p>&#8211; Minskar framg\u00e5ngsrikt f\u00f6rekomsten av skadliga bakterier och minskar kostnaderna i samband med sjukdomar, kontaminering av varor och myndighetsregler.<\/p>\n<p>&#8211; Ljust och d\u00e4mpat l\u00e4ge finns tillg\u00e4ngligt.<\/p>\n<p>S\u00e4ker och certifierad:<br \/>\n&#8211; Det bakteried\u00f6dande ljuset Vital Vio&#8217;s VioSafe\u2122-teknik har testats f\u00f6r kontinuerlig och obegr\u00e4nsad anv\u00e4ndning i n\u00e4rheten av m\u00e4nniskor. Vital Vios teknik \u00e4r utformad f\u00f6r att uppfylla IEC 62471-standarderna.<br \/>\nIEC 62471-standarden ger v\u00e4gledning f\u00f6r utv\u00e4rdering av fotobiologisk s\u00e4kerhet hos lampor, lampsystem, och definierar exponeringsgr\u00e4nser.<\/p>\n<p>&#8211; Upp till 99 % minskning av bakterier, efter 24 timmar!<br \/>\nResultaten kommer att variera i aktiva traumaomr\u00e5den eftersom nya bakterier st\u00e4ndigt introduceras och \u00f6verf\u00f6rs i alla fordon.<\/p>\n","protected":false},"excerpt":{"rendered":"<p>BAKTERIED\u00d6DANDE LJUS. Funktioner och f\u00f6rdelar: &#8211; VioSafe\u2122 desinfektionsteknologi med vitt ljus har visat sig ge kontinuerlig desinfektion av bakterier* p\u00e5 ytor med h\u00f6g ber\u00f6ringsk\u00e4nsla i inomhusmilj\u00f6er. &#8211; Kr\u00e4ver ingen s\u00e4rskild stillest\u00e5ndstid f\u00f6r reng\u00f6ring till skillnad fr\u00e5n ultraviolett ljus vilket g\u00f6r det s\u00e4kert f\u00f6r arbetarna att utf\u00f6ra normal kursverksamhet n\u00e4r den anv\u00e4nds. &#8211; Minskar dramatiskt kontaminering&#8230;<\/p>\n","protected":false},"featured_media":8015200,"comment_status":"closed","ping_status":"closed","template":"","meta":{"_kad_post_transparent":"default","_kad_post_title":"","_kad_post_layout":"default","_kad_post_sidebar_id":"","_kad_post_content_style":"default","_kad_post_vertical_padding":"default","_kad_post_feature":"","_kad_post_feature_position":"","_kad_post_header":false,"_kad_post_footer":false,"_kad_post_classname":""},"product_brand":[921],"product_cat":[10630,10641,10759,9104],"product_tag":[],"product_facet":[10773],"class_list":{"0":"post-1008528","1":"product","2":"type-product","3":"status-publish","4":"has-post-thumbnail","6":"product_brand-ecco-safety","7":"product_cat-components","8":"product_cat-led-lights","9":"product_cat-products","10":"product_cat-special-led","11":"product_facet-facet-components","13":"first","14":"instock","15":"downloadable","16":"shipping-taxable","17":"product-type-simple","18":"entry","19":"content-bg","20":"loop-entry"},"_links":{"self":[{"href":"https:\/\/scn.eu\/sv\/wp-json\/wp\/v2\/product\/1008528","targetHints":{"allow":["GET"]}}],"collection":[{"href":"https:\/\/scn.eu\/sv\/wp-json\/wp\/v2\/product"}],"about":[{"href":"https:\/\/scn.eu\/sv\/wp-json\/wp\/v2\/types\/product"}],"replies":[{"embeddable":true,"href":"https:\/\/scn.eu\/sv\/wp-json\/wp\/v2\/comments?post=1008528"}],"version-history":[{"count":1,"href":"https:\/\/scn.eu\/sv\/wp-json\/wp\/v2\/product\/1008528\/revisions"}],"predecessor-version":[{"id":8015202,"href":"https:\/\/scn.eu\/sv\/wp-json\/wp\/v2\/product\/1008528\/revisions\/8015202"}],"wp:featuredmedia":[{"embeddable":true,"href":"https:\/\/scn.eu\/sv\/wp-json\/wp\/v2\/media\/8015200"}],"wp:attachment":[{"href":"https:\/\/scn.eu\/sv\/wp-json\/wp\/v2\/media?parent=1008528"}],"wp:term":[{"taxonomy":"product_brand","embeddable":true,"href":"https:\/\/scn.eu\/sv\/wp-json\/wp\/v2\/product_brand?post=1008528"},{"taxonomy":"product_cat","embeddable":true,"href":"https:\/\/scn.eu\/sv\/wp-json\/wp\/v2\/product_cat?post=1008528"},{"taxonomy":"product_tag","embeddable":true,"href":"https:\/\/scn.eu\/sv\/wp-json\/wp\/v2\/product_tag?post=1008528"},{"taxonomy":"product_facet","embeddable":true,"href":"https:\/\/scn.eu\/sv\/wp-json\/wp\/v2\/product_facet?post=1008528"}],"curies":[{"name":"wp","href":"https:\/\/api.w.org\/{rel}","templated":true}]}}