{"id":1008514,"date":"2025-01-01T00:00:00","date_gmt":"2025-01-01T00:00:00","guid":{"rendered":"http:\/\/&#038;p=1008514"},"modified":"2026-03-20T00:48:32","modified_gmt":"2026-03-20T00:48:32","slug":"ec7003-k-sv","status":"publish","type":"product","link":"https:\/\/scn.eu\/sv\/produkt\/ec7003-k-sv\/","title":{"rendered":"EC7003-K 7&#8243; LCD f\u00e4rgsystem"},"content":{"rendered":"<p>Den h\u00f6guppl\u00f6sta 7,0&#8243; LCD-monitor med peksk\u00e4rm och h\u00f6g uppl\u00f6sning som ing\u00e5r i detta system ger ett optimalt visningsomr\u00e5de f\u00f6r mobila CCTV-applikationer. <\/p>\n<p>Utm\u00e4rkt bildkvalitet garanteras \u00e4ven i svagt ljus med hj\u00e4lp av ECCO:s standard infrar\u00f6da f\u00e4rgkamera. <\/p>\n<p>Den platta, breda sk\u00e4rmen m\u00f6jligg\u00f6r diskret montering med ett stort, l\u00e4tt synligt sk\u00e4rmomr\u00e5de. <\/p>\n<p>Expanderbar upp till 3 kameror. <\/p>\n<p>Solskydd mot bl\u00e4ndning ing\u00e5r.<\/p>\n","protected":false},"excerpt":{"rendered":"<p>Den h\u00f6guppl\u00f6sta 7,0&#8243; LCD-monitor med peksk\u00e4rm och h\u00f6g uppl\u00f6sning som ing\u00e5r i detta system ger ett optimalt visningsomr\u00e5de f\u00f6r mobila CCTV-applikationer. Utm\u00e4rkt bildkvalitet garanteras \u00e4ven i svagt ljus med hj\u00e4lp av ECCO:s standard infrar\u00f6da f\u00e4rgkamera. Den platta, breda sk\u00e4rmen m\u00f6jligg\u00f6r diskret montering med ett stort, l\u00e4tt synligt sk\u00e4rmomr\u00e5de. Expanderbar upp till 3 kameror. Solskydd mot&#8230;<\/p>\n","protected":false},"featured_media":8015156,"comment_status":"closed","ping_status":"closed","template":"","meta":{"_kad_post_transparent":"default","_kad_post_title":"","_kad_post_layout":"default","_kad_post_sidebar_id":"","_kad_post_content_style":"default","_kad_post_vertical_padding":"default","_kad_post_feature":"","_kad_post_feature_position":"","_kad_post_header":false,"_kad_post_footer":false,"_kad_post_classname":""},"product_brand":[921],"product_cat":[423,10759],"product_tag":[],"product_facet":[10789],"class_list":{"0":"post-1008514","1":"product","2":"type-product","3":"status-publish","4":"has-post-thumbnail","6":"product_brand-ecco-safety","7":"product_cat-camera-systems","8":"product_cat-products","9":"product_facet-facet-camera-systems","11":"first","12":"instock","13":"downloadable","14":"shipping-taxable","15":"product-type-simple","16":"entry","17":"content-bg","18":"loop-entry"},"_links":{"self":[{"href":"https:\/\/scn.eu\/sv\/wp-json\/wp\/v2\/product\/1008514","targetHints":{"allow":["GET"]}}],"collection":[{"href":"https:\/\/scn.eu\/sv\/wp-json\/wp\/v2\/product"}],"about":[{"href":"https:\/\/scn.eu\/sv\/wp-json\/wp\/v2\/types\/product"}],"replies":[{"embeddable":true,"href":"https:\/\/scn.eu\/sv\/wp-json\/wp\/v2\/comments?post=1008514"}],"version-history":[{"count":1,"href":"https:\/\/scn.eu\/sv\/wp-json\/wp\/v2\/product\/1008514\/revisions"}],"predecessor-version":[{"id":8015158,"href":"https:\/\/scn.eu\/sv\/wp-json\/wp\/v2\/product\/1008514\/revisions\/8015158"}],"wp:featuredmedia":[{"embeddable":true,"href":"https:\/\/scn.eu\/sv\/wp-json\/wp\/v2\/media\/8015156"}],"wp:attachment":[{"href":"https:\/\/scn.eu\/sv\/wp-json\/wp\/v2\/media?parent=1008514"}],"wp:term":[{"taxonomy":"product_brand","embeddable":true,"href":"https:\/\/scn.eu\/sv\/wp-json\/wp\/v2\/product_brand?post=1008514"},{"taxonomy":"product_cat","embeddable":true,"href":"https:\/\/scn.eu\/sv\/wp-json\/wp\/v2\/product_cat?post=1008514"},{"taxonomy":"product_tag","embeddable":true,"href":"https:\/\/scn.eu\/sv\/wp-json\/wp\/v2\/product_tag?post=1008514"},{"taxonomy":"product_facet","embeddable":true,"href":"https:\/\/scn.eu\/sv\/wp-json\/wp\/v2\/product_facet?post=1008514"}],"curies":[{"name":"wp","href":"https:\/\/api.w.org\/{rel}","templated":true}]}}