{"id":1008507,"date":"2025-01-01T00:00:00","date_gmt":"2025-01-01T00:00:00","guid":{"rendered":"http:\/\/&#038;p=1008507"},"modified":"2026-03-20T00:48:28","modified_gmt":"2026-03-20T00:48:28","slug":"ec7008-wk-sv","status":"publish","type":"product","link":"https:\/\/scn.eu\/sv\/produkt\/ec7008-wk-sv\/","title":{"rendered":"EC7000B-WK Tr\u00e5dl\u00f6s  7&#8243; fyrkanals LCD sk\u00e4rm"},"content":{"rendered":"<p>ECCO:s tr\u00e5dl\u00f6sa kamerasystem med upp till fyra vyer\/kameror utnyttjar ECCO:s unika bildsk\u00e4rms- och kameradesign. <\/p>\n<p>EC7000B-WK (EC7008-WK i USA) best\u00e5r av en 7-tums LCD-monitor med h\u00f6guppl\u00f6st peksk\u00e4rm och en CMOS-infrar\u00f6d f\u00e4rgkamera och ger utm\u00e4rkt bildkvalitet \u00e4ven i svagt ljus. <\/p>\n<p>Den kompakta monitorn g\u00f6r det m\u00f6jligt att installeras diskret utan att kompromissa med den synliga sk\u00e4rmytan.<br \/>\nSystemet kan ut\u00f6kas med upp till 4 kameror.<br \/>\nSD-kortet \u00e4r aktiverat f\u00f6r inspelningsm\u00f6jligheter.<\/p>\n","protected":false},"excerpt":{"rendered":"<p>ECCO:s tr\u00e5dl\u00f6sa kamerasystem med upp till fyra vyer\/kameror utnyttjar ECCO:s unika bildsk\u00e4rms- och kameradesign. EC7000B-WK (EC7008-WK i USA) best\u00e5r av en 7-tums LCD-monitor med h\u00f6guppl\u00f6st peksk\u00e4rm och en CMOS-infrar\u00f6d f\u00e4rgkamera och ger utm\u00e4rkt bildkvalitet \u00e4ven i svagt ljus. Den kompakta monitorn g\u00f6r det m\u00f6jligt att installeras diskret utan att kompromissa med den synliga sk\u00e4rmytan. Systemet&#8230;<\/p>\n","protected":false},"featured_media":8015135,"comment_status":"closed","ping_status":"closed","template":"","meta":{"_kad_post_transparent":"default","_kad_post_title":"","_kad_post_layout":"default","_kad_post_sidebar_id":"","_kad_post_content_style":"default","_kad_post_vertical_padding":"default","_kad_post_feature":"","_kad_post_feature_position":"","_kad_post_header":false,"_kad_post_footer":false,"_kad_post_classname":""},"product_brand":[921],"product_cat":[423,10759],"product_tag":[],"product_facet":[10789],"class_list":{"0":"post-1008507","1":"product","2":"type-product","3":"status-publish","4":"has-post-thumbnail","6":"product_brand-ecco-safety","7":"product_cat-camera-systems","8":"product_cat-products","9":"product_facet-facet-camera-systems","11":"first","12":"instock","13":"downloadable","14":"shipping-taxable","15":"product-type-simple","16":"entry","17":"content-bg","18":"loop-entry"},"_links":{"self":[{"href":"https:\/\/scn.eu\/sv\/wp-json\/wp\/v2\/product\/1008507","targetHints":{"allow":["GET"]}}],"collection":[{"href":"https:\/\/scn.eu\/sv\/wp-json\/wp\/v2\/product"}],"about":[{"href":"https:\/\/scn.eu\/sv\/wp-json\/wp\/v2\/types\/product"}],"replies":[{"embeddable":true,"href":"https:\/\/scn.eu\/sv\/wp-json\/wp\/v2\/comments?post=1008507"}],"version-history":[{"count":1,"href":"https:\/\/scn.eu\/sv\/wp-json\/wp\/v2\/product\/1008507\/revisions"}],"predecessor-version":[{"id":8015136,"href":"https:\/\/scn.eu\/sv\/wp-json\/wp\/v2\/product\/1008507\/revisions\/8015136"}],"wp:featuredmedia":[{"embeddable":true,"href":"https:\/\/scn.eu\/sv\/wp-json\/wp\/v2\/media\/8015135"}],"wp:attachment":[{"href":"https:\/\/scn.eu\/sv\/wp-json\/wp\/v2\/media?parent=1008507"}],"wp:term":[{"taxonomy":"product_brand","embeddable":true,"href":"https:\/\/scn.eu\/sv\/wp-json\/wp\/v2\/product_brand?post=1008507"},{"taxonomy":"product_cat","embeddable":true,"href":"https:\/\/scn.eu\/sv\/wp-json\/wp\/v2\/product_cat?post=1008507"},{"taxonomy":"product_tag","embeddable":true,"href":"https:\/\/scn.eu\/sv\/wp-json\/wp\/v2\/product_tag?post=1008507"},{"taxonomy":"product_facet","embeddable":true,"href":"https:\/\/scn.eu\/sv\/wp-json\/wp\/v2\/product_facet?post=1008507"}],"curies":[{"name":"wp","href":"https:\/\/api.w.org\/{rel}","templated":true}]}}