{"id":1008486,"date":"2025-01-01T00:00:00","date_gmt":"2025-01-01T00:00:00","guid":{"rendered":"http:\/\/&#038;p=1008486"},"modified":"2026-03-20T00:48:18","modified_gmt":"2026-03-20T00:48:18","slug":"ec350-sv","status":"publish","type":"product","link":"https:\/\/scn.eu\/sv\/produkt\/ec350-sv\/","title":{"rendered":"EC350 EtherCAT\u00ae Display med touchsk\u00e4rm och grafisk visning"},"content":{"rendered":"<p>EtherCAT-indikatorn EC350 kan registrera, ber\u00e4kna, utv\u00e4rdera, visa och vidarebefordra processdata. Gr\u00e4nssnitten m\u00f6jligg\u00f6r \u00e4ven konfiguration och skalning av enheten under \u00f6verf\u00f6ring av statusinformation under drift. Den \u00e4r idealisk som en indikator p\u00e5 plats med en resistiv peksk\u00e4rm, flerf\u00e4rgad grafisk display (r\u00f6d, gr\u00f6n, gul) och stapeldiagram.<\/p>\n<p>Multifunktionsdisplay med EtherCAT\u00ae-gr\u00e4nssnitt<br \/>\nDriftl\u00e4gen f\u00f6r att visa tv\u00e5 processv\u00e4rden och l\u00e4nkar f\u00f6r de tv\u00e5 v\u00e4rdena (1+2, 1-2, 1&#215;2, 1:2)<br \/>\nLjusstark display med h\u00f6g kontrast med h\u00e4ndelseberoende f\u00e4rgvariationer<br \/>\nEmulering av en 7-segmentssk\u00e4rm inklusive ikoner och enheter<br \/>\nIntuitiv och enkel parametrering med vanlig text och peksk\u00e4rm<br \/>\n3,78 x 1,89 tum (96 x 48 mm) normpanelhus och IP65-skydd<br \/>\nValfria kopplingsutg\u00e5ngar<\/p>\n","protected":false},"excerpt":{"rendered":"<p>EtherCAT-indikatorn EC350 kan registrera, ber\u00e4kna, utv\u00e4rdera, visa och vidarebefordra processdata. Gr\u00e4nssnitten m\u00f6jligg\u00f6r \u00e4ven konfiguration och skalning av enheten under \u00f6verf\u00f6ring av statusinformation under drift. Den \u00e4r idealisk som en indikator p\u00e5 plats med en resistiv peksk\u00e4rm, flerf\u00e4rgad grafisk display (r\u00f6d, gr\u00f6n, gul) och stapeldiagram. Multifunktionsdisplay med EtherCAT\u00ae-gr\u00e4nssnitt Driftl\u00e4gen f\u00f6r att visa tv\u00e5 processv\u00e4rden och l\u00e4nkar&#8230;<\/p>\n","protected":false},"featured_media":8015075,"comment_status":"closed","ping_status":"closed","template":"","meta":{"_kad_post_transparent":"default","_kad_post_title":"","_kad_post_layout":"default","_kad_post_sidebar_id":"","_kad_post_content_style":"default","_kad_post_vertical_padding":"default","_kad_post_feature":"","_kad_post_feature_position":"","_kad_post_header":false,"_kad_post_footer":false,"_kad_post_classname":""},"product_brand":[936],"product_cat":[10630,8853,10759],"product_tag":[],"product_facet":[10773],"class_list":{"0":"post-1008486","1":"product","2":"type-product","3":"status-publish","4":"has-post-thumbnail","6":"product_brand-motrona","7":"product_cat-components","8":"product_cat-panel-indicators-and-converters","9":"product_cat-products","10":"product_facet-facet-components","12":"first","13":"instock","14":"downloadable","15":"shipping-taxable","16":"product-type-simple","17":"entry","18":"content-bg","19":"loop-entry"},"_links":{"self":[{"href":"https:\/\/scn.eu\/sv\/wp-json\/wp\/v2\/product\/1008486","targetHints":{"allow":["GET"]}}],"collection":[{"href":"https:\/\/scn.eu\/sv\/wp-json\/wp\/v2\/product"}],"about":[{"href":"https:\/\/scn.eu\/sv\/wp-json\/wp\/v2\/types\/product"}],"replies":[{"embeddable":true,"href":"https:\/\/scn.eu\/sv\/wp-json\/wp\/v2\/comments?post=1008486"}],"version-history":[{"count":1,"href":"https:\/\/scn.eu\/sv\/wp-json\/wp\/v2\/product\/1008486\/revisions"}],"predecessor-version":[{"id":8015077,"href":"https:\/\/scn.eu\/sv\/wp-json\/wp\/v2\/product\/1008486\/revisions\/8015077"}],"wp:featuredmedia":[{"embeddable":true,"href":"https:\/\/scn.eu\/sv\/wp-json\/wp\/v2\/media\/8015075"}],"wp:attachment":[{"href":"https:\/\/scn.eu\/sv\/wp-json\/wp\/v2\/media?parent=1008486"}],"wp:term":[{"taxonomy":"product_brand","embeddable":true,"href":"https:\/\/scn.eu\/sv\/wp-json\/wp\/v2\/product_brand?post=1008486"},{"taxonomy":"product_cat","embeddable":true,"href":"https:\/\/scn.eu\/sv\/wp-json\/wp\/v2\/product_cat?post=1008486"},{"taxonomy":"product_tag","embeddable":true,"href":"https:\/\/scn.eu\/sv\/wp-json\/wp\/v2\/product_tag?post=1008486"},{"taxonomy":"product_facet","embeddable":true,"href":"https:\/\/scn.eu\/sv\/wp-json\/wp\/v2\/product_facet?post=1008486"}],"curies":[{"name":"wp","href":"https:\/\/api.w.org\/{rel}","templated":true}]}}