{"id":1008479,"date":"2025-01-01T00:00:00","date_gmt":"2025-01-01T00:00:00","guid":{"rendered":"http:\/\/&#038;p=1008479"},"modified":"2026-03-20T00:48:11","modified_gmt":"2026-03-20T00:48:11","slug":"ec2030-wc-sv","status":"publish","type":"product","link":"https:\/\/scn.eu\/sv\/produkt\/ec2030-wc-sv\/","title":{"rendered":"EC2030-WC Batteribestyckad tr\u00e5dl\u00f6s kamera"},"content":{"rendered":"<p>Det batteridrivna tr\u00e5dl\u00f6sa kamerasystemet GemineyeTM anv\u00e4nder ECCO:s unika kameradesign. <\/p>\n<p>EC2030-WC best\u00e5r av en infrar\u00f6d CMOS-f\u00e4rgkamera med m\u00e5nga funktioner och ger utm\u00e4rkt bildkvalitet \u00e4ven i svagt ljus. <\/p>\n<p>Med kort laddningstid, l\u00e5ng batteritid och ett kraftigt magnetf\u00e4ste \u00e4r denna kamera perfekt f\u00f6r en m\u00e4ngd olika till\u00e4mpningar.<br \/>\nDen kompakta kameran g\u00f6r det m\u00f6jligt att installera den diskret utan att kompromissa med det synliga omr\u00e5det. <\/p>\n<p>Godk\u00e4nnanden: IP69K, FCC, CE, RoHS, EU-RED<br \/>\nStr\u00f6mf\u00f6rbrukning (watt): 1,7<br \/>\nLinsvinkel (grader): 120<br \/>\nInfrar\u00f6da lysdioder: 4<br \/>\nMekanisk vibration: 10G <\/p>\n<p>Funktioner: F\u00e4rg, standby-l\u00e4ge, mikrofon, dag-\/nattljussensor.<\/p>\n","protected":false},"excerpt":{"rendered":"<p>Det batteridrivna tr\u00e5dl\u00f6sa kamerasystemet GemineyeTM anv\u00e4nder ECCO:s unika kameradesign. EC2030-WC best\u00e5r av en infrar\u00f6d CMOS-f\u00e4rgkamera med m\u00e5nga funktioner och ger utm\u00e4rkt bildkvalitet \u00e4ven i svagt ljus. Med kort laddningstid, l\u00e5ng batteritid och ett kraftigt magnetf\u00e4ste \u00e4r denna kamera perfekt f\u00f6r en m\u00e4ngd olika till\u00e4mpningar. Den kompakta kameran g\u00f6r det m\u00f6jligt att installera den diskret utan&#8230;<\/p>\n","protected":false},"featured_media":8015053,"comment_status":"closed","ping_status":"closed","template":"","meta":{"_kad_post_transparent":"default","_kad_post_title":"","_kad_post_layout":"default","_kad_post_sidebar_id":"","_kad_post_content_style":"default","_kad_post_vertical_padding":"default","_kad_post_feature":"","_kad_post_feature_position":"","_kad_post_header":false,"_kad_post_footer":false,"_kad_post_classname":""},"product_brand":[921],"product_cat":[423,10759],"product_tag":[],"product_facet":[10789],"class_list":{"0":"post-1008479","1":"product","2":"type-product","3":"status-publish","4":"has-post-thumbnail","6":"product_brand-ecco-safety","7":"product_cat-camera-systems","8":"product_cat-products","9":"product_facet-facet-camera-systems","11":"first","12":"instock","13":"downloadable","14":"shipping-taxable","15":"product-type-simple","16":"entry","17":"content-bg","18":"loop-entry"},"_links":{"self":[{"href":"https:\/\/scn.eu\/sv\/wp-json\/wp\/v2\/product\/1008479","targetHints":{"allow":["GET"]}}],"collection":[{"href":"https:\/\/scn.eu\/sv\/wp-json\/wp\/v2\/product"}],"about":[{"href":"https:\/\/scn.eu\/sv\/wp-json\/wp\/v2\/types\/product"}],"replies":[{"embeddable":true,"href":"https:\/\/scn.eu\/sv\/wp-json\/wp\/v2\/comments?post=1008479"}],"version-history":[{"count":1,"href":"https:\/\/scn.eu\/sv\/wp-json\/wp\/v2\/product\/1008479\/revisions"}],"predecessor-version":[{"id":8015055,"href":"https:\/\/scn.eu\/sv\/wp-json\/wp\/v2\/product\/1008479\/revisions\/8015055"}],"wp:featuredmedia":[{"embeddable":true,"href":"https:\/\/scn.eu\/sv\/wp-json\/wp\/v2\/media\/8015053"}],"wp:attachment":[{"href":"https:\/\/scn.eu\/sv\/wp-json\/wp\/v2\/media?parent=1008479"}],"wp:term":[{"taxonomy":"product_brand","embeddable":true,"href":"https:\/\/scn.eu\/sv\/wp-json\/wp\/v2\/product_brand?post=1008479"},{"taxonomy":"product_cat","embeddable":true,"href":"https:\/\/scn.eu\/sv\/wp-json\/wp\/v2\/product_cat?post=1008479"},{"taxonomy":"product_tag","embeddable":true,"href":"https:\/\/scn.eu\/sv\/wp-json\/wp\/v2\/product_tag?post=1008479"},{"taxonomy":"product_facet","embeddable":true,"href":"https:\/\/scn.eu\/sv\/wp-json\/wp\/v2\/product_facet?post=1008479"}],"curies":[{"name":"wp","href":"https:\/\/api.w.org\/{rel}","templated":true}]}}