{"id":1008472,"date":"2025-01-01T00:00:00","date_gmt":"2025-01-01T00:00:00","guid":{"rendered":"http:\/\/&#038;p=1008472"},"modified":"2026-03-20T00:48:08","modified_gmt":"2026-03-20T00:48:08","slug":"ec2027-wc-sv","status":"publish","type":"product","link":"https:\/\/scn.eu\/sv\/produkt\/ec2027-wc-sv\/","title":{"rendered":"EC2028-WC tr\u00e5dl\u00f6s kamera med extra funktioner"},"content":{"rendered":"<p>Godk\u00e4nnanden: IP69K, FCC, CE, R10, RCM, RoHS<br \/>\nEffektf\u00f6rbrukning (watt): 1,7<br \/>\nLinsvinkel (grader): 120<br \/>\nLinsstorlek: 1\/3&#8243;<br \/>\nInfrar\u00f6da lysdioder: 12<br \/>\nMekanisk vibration: 10G <\/p>\n<p>Funktioner: F\u00e4rg, mikrofon, sensor f\u00f6r dag- och nattljus<\/p>\n<p>EC2028-WC i USA \u00e4r det ist\u00e4llet modell EC2027-WC.<\/p>\n","protected":false},"excerpt":{"rendered":"<p>Godk\u00e4nnanden: IP69K, FCC, CE, R10, RCM, RoHS Effektf\u00f6rbrukning (watt): 1,7 Linsvinkel (grader): 120 Linsstorlek: 1\/3&#8243; Infrar\u00f6da lysdioder: 12 Mekanisk vibration: 10G Funktioner: F\u00e4rg, mikrofon, sensor f\u00f6r dag- och nattljus EC2028-WC i USA \u00e4r det ist\u00e4llet modell EC2027-WC.<\/p>\n","protected":false},"featured_media":8015031,"comment_status":"closed","ping_status":"closed","template":"","meta":{"_kad_post_transparent":"default","_kad_post_title":"","_kad_post_layout":"default","_kad_post_sidebar_id":"","_kad_post_content_style":"default","_kad_post_vertical_padding":"default","_kad_post_feature":"","_kad_post_feature_position":"","_kad_post_header":false,"_kad_post_footer":false,"_kad_post_classname":""},"product_brand":[921],"product_cat":[423,10759],"product_tag":[],"product_facet":[10789],"class_list":{"0":"post-1008472","1":"product","2":"type-product","3":"status-publish","4":"has-post-thumbnail","6":"product_brand-ecco-safety","7":"product_cat-camera-systems","8":"product_cat-products","9":"product_facet-facet-camera-systems","11":"first","12":"instock","13":"downloadable","14":"shipping-taxable","15":"product-type-simple","16":"entry","17":"content-bg","18":"loop-entry"},"_links":{"self":[{"href":"https:\/\/scn.eu\/sv\/wp-json\/wp\/v2\/product\/1008472","targetHints":{"allow":["GET"]}}],"collection":[{"href":"https:\/\/scn.eu\/sv\/wp-json\/wp\/v2\/product"}],"about":[{"href":"https:\/\/scn.eu\/sv\/wp-json\/wp\/v2\/types\/product"}],"replies":[{"embeddable":true,"href":"https:\/\/scn.eu\/sv\/wp-json\/wp\/v2\/comments?post=1008472"}],"version-history":[{"count":1,"href":"https:\/\/scn.eu\/sv\/wp-json\/wp\/v2\/product\/1008472\/revisions"}],"predecessor-version":[{"id":8015033,"href":"https:\/\/scn.eu\/sv\/wp-json\/wp\/v2\/product\/1008472\/revisions\/8015033"}],"wp:featuredmedia":[{"embeddable":true,"href":"https:\/\/scn.eu\/sv\/wp-json\/wp\/v2\/media\/8015031"}],"wp:attachment":[{"href":"https:\/\/scn.eu\/sv\/wp-json\/wp\/v2\/media?parent=1008472"}],"wp:term":[{"taxonomy":"product_brand","embeddable":true,"href":"https:\/\/scn.eu\/sv\/wp-json\/wp\/v2\/product_brand?post=1008472"},{"taxonomy":"product_cat","embeddable":true,"href":"https:\/\/scn.eu\/sv\/wp-json\/wp\/v2\/product_cat?post=1008472"},{"taxonomy":"product_tag","embeddable":true,"href":"https:\/\/scn.eu\/sv\/wp-json\/wp\/v2\/product_tag?post=1008472"},{"taxonomy":"product_facet","embeddable":true,"href":"https:\/\/scn.eu\/sv\/wp-json\/wp\/v2\/product_facet?post=1008472"}],"curies":[{"name":"wp","href":"https:\/\/api.w.org\/{rel}","templated":true}]}}